{"id":7754,"date":"2024-01-03T09:28:59","date_gmt":"2024-01-03T09:28:59","guid":{"rendered":"https:\/\/organowood.com\/?page_id=7754"},"modified":"2025-03-05T12:58:39","modified_gmt":"2025-03-05T12:58:39","slug":"nowa-bordkledning","status":"publish","type":"page","link":"https:\/\/organowood.com\/no\/nowa-bordkledning\/","title":{"rendered":"Nowa bordkledning"},"content":{"rendered":"\n<p style=\"font-size:21px\">OrganoWood Nowa bordkledning uten biocider, et milj\u00f8vennlig og naturlig valg!<\/p>\n\n\n\n<p><strong>OrganoWood<sup>\u00ae<\/sup> Nowa <strong>bordkledning<\/strong><\/strong> er<strong> naturfarget tre, med en plan og glatt overflate, og som gr\u00e5ner naturlig i utend\u00f8rs milj\u00f8.<\/strong><\/p>\n\n\n\n<p>Treverket behandles med OrganoWoods nye patenterte kjemi og gir h\u00f8y motstand mot r\u00e5teangrep. Med en energieffektiv produksjonsprosess hvor det har blitt benyttet biocidfri kjemi som er sk\u00e5nsom mot treverket, skapes det et milj\u00f8 hvor r\u00e5tesopp ikke trives.<\/p>\n\n\n\n<p>Den vannbaserte mineralblandingen presses inn i treverket. N\u00e5r vannet fordamper, dannes sterke forbindelser mellom molekylene og fibrene i treverket. Dermed best\u00e5r egenskapene til treverket ogs\u00e5 ved langvarig bruk i fuktige omgivelser.<\/p>\n\n\n\n<p>OrganoWood<sup>\u00ae<\/sup> Nowa bordkledning f\u00e5s i flere forskjellige profiler for b\u00e5de st\u00e5ende og liggende montering.<\/p>\n\n\n\n<hr class=\"wp-block-separator has-css-opacity\"\/>\n\n\n\n<div class=\"wp-block-columns is-layout-flex wp-container-core-columns-is-layout-9d6595d7 wp-block-columns-is-layout-flex\">\n<div class=\"wp-block-column is-layout-flow wp-block-column-is-layout-flow\" style=\"flex-basis:66.66%\">\n<h2 class=\"wp-block-heading\">OrganoWood Nowa bordkledning<\/h2>\n\n\n\n<p>Den patenterte kjemien, kombinert med milj\u00f8vennlig produksjon skaper et b\u00e6rekraftig alternativ til tradisjonell trelast der hensynet til milj\u00f8 er viktig! OrganoWood<sup>\u00ae<\/sup>&nbsp;Nowa er ikke bare godt for milj\u00f8et, den smelter flott inn i natur og omgivelser. Perfekt for de som \u00f8nsker \u00e5 skape en harmonisk og innbydende uteplass, uten \u00e5 etterlate noe negativt avtrykk p\u00e5 milj\u00f8et. Et sted som kan eldes med verdighet!<\/p>\n\n\n\n<h5 class=\"wp-block-heading\"><strong>Gr\u00e5ningsprosessen<\/strong><\/h5>\n\n\n\n<p>Trevirke som plasseres utend\u00f8rs gr\u00e5ner naturlig. Avhengig av v\u00e6rforhold, klima og eksponering vil gr\u00e5ningsprosessen se ulik ut. Enkelte ganger kan gr\u00e5ningen oppleves flekkete eller som m\u00f8rke prikker \/ felt i begynnelsen. Dette jevner seg ut relativt raskt. Bordkledning som er plassert helt beskyttet mot sol, for eksempel under en balkong, f\u00e5r en langsom gr\u00e5ningsprosess eller ingen gr\u00e5ning i det<br>hele tatt.<\/p>\n<\/div>\n\n\n\n<div class=\"wp-block-column is-layout-flow wp-block-column-is-layout-flow\" style=\"flex-basis:33.33%\">\n<figure class=\"wp-block-image size-large is-resized\"><img loading=\"lazy\" decoding=\"async\" width=\"4000\" height=\"4000\" src=\"https:\/\/organowood.com\/wp-content\/uploads\/2023\/04\/1006-Organowood-4000x4000-PNG.png\" alt=\"\" class=\"wp-image-7379\" style=\"width:400px;height:400px\" srcset=\"https:\/\/organowood.com\/wp-content\/uploads\/2023\/04\/1006-Organowood-4000x4000-PNG.png 4000w, https:\/\/organowood.com\/wp-content\/uploads\/2023\/04\/1006-Organowood-4000x4000-PNG-1536x1536.png 1536w, https:\/\/organowood.com\/wp-content\/uploads\/2023\/04\/1006-Organowood-4000x4000-PNG-2048x2048.png 2048w\" sizes=\"auto, (max-width: 4000px) 100vw, 4000px\" \/><\/figure>\n\n\n\n<p><\/p>\n<\/div>\n<\/div>\n\n\n\n<hr class=\"wp-block-separator has-css-opacity\"\/>\n\n\n\n<h3 class=\"wp-block-heading\"><strong><strong><strong><strong>For klimaet<\/strong><\/strong><\/strong><\/strong><\/h3>\n\n\n\n<p>Til OrganoWood<sup>\u00ae<\/sup> Nowa bordkledning brukes kl\u00f8yvet kjernetre fra gran som sages frem av t\u00f8rket r\u00e5vare. Bordene h\u00f8vles til ferdig st\u00f8rrelse og profil, og f\u00e5r den finsagde overflaten f\u00f8r de impregneres.<\/p>\n\n\n\n<p>OrganoWood<sup>\u00ae<\/sup> Nowa trevirke er utviklet for \u00e5 t\u00e5le krevende milj\u00f8er, helt uten skadelige stoffer. Alle stoffene klassifiseres som ufarlige for milj\u00f8et iht. CLP, og kan tilbakef\u00f8res til det naturlige kretsl\u00f8pet. Man kan derfor gjenvinne trevirke fra OrganoWood som ubehandlet trevirke, til forskjell fra tradisjonelt trykkimpregnerte produkter som kan v\u00e6re milj\u00f8farlig avfall.<\/p>\n\n\n\n<p>Svenske OrganoWood er i dag en av f\u00e5 produsenter av milj\u00f8klassifisert trykkimpregnering for fasade-, terrasse- og konstruksjonsvirke.<br>For at OrganoWood<sup>\u00ae<\/sup> Nowa skal kunne vurderes som et virkelig b\u00e6rekraftig alternativ, m\u00e5 selvsagt ogs\u00e5 r\u00e5varen komme fra et ansvarlig skogbruk. Alt trevirke fra OrganoWood er FSC<sup>\u00ae<\/sup> (FSC-C120532)- eller PEFC<sup>\u00ae<\/sup> (PEFC\/05-35-168) sertifisert.<\/p>\n\n\n\n<hr class=\"wp-block-separator has-css-opacity\"\/>\n\n\n\n<div class=\"wp-block-columns is-layout-flex wp-container-core-columns-is-layout-9d6595d7 wp-block-columns-is-layout-flex\">\n<div class=\"wp-block-column is-layout-flow wp-block-column-is-layout-flow\" style=\"flex-basis:66.66%\">\n<h2 class=\"wp-block-heading\">Overmalbar Nowa bordkledning<\/h2>\n\n\n\n<p>OrganoWood<sup>\u00ae<\/sup> Nowa kan males \u2013 test alltid p\u00e5 en pr\u00f8vebit f\u00f8rst. Bruk maling som er beregnet for utend\u00f8rs bruk, f\u00f8lg malingsprodusentens<br>anbefalinger. S\u00f8rg for at trevirket er luftet ut i minst 12 uker f\u00f8r montering, og at det er rent og t\u00f8rt den dagen man skal male.<\/p>\n\n\n\n<h5 class=\"wp-block-heading\"><strong>Overflatebehandling og vedlikehold<\/strong><\/h5>\n\n\n\n<p>Ved kapping, hulltaking og annen mindre behandling av trevirket m\u00e5 de bearbeidede overflatene behandles med OrganoWood\u00ae 02 Overflatebeskyttelse eller annen treolje i klasse 3.<\/p>\n<\/div>\n\n\n\n<div class=\"wp-block-column is-layout-flow wp-block-column-is-layout-flow\" style=\"flex-basis:33.33%\">\n<figure class=\"wp-block-image size-large is-resized\"><img loading=\"lazy\" decoding=\"async\" width=\"4000\" height=\"4000\" src=\"https:\/\/organowood.com\/wp-content\/uploads\/2023\/04\/Organowood-4000x4000_PNG_.png\" alt=\"\" class=\"wp-image-7380\" style=\"width:400px;height:400px\" srcset=\"https:\/\/organowood.com\/wp-content\/uploads\/2023\/04\/Organowood-4000x4000_PNG_.png 4000w, https:\/\/organowood.com\/wp-content\/uploads\/2023\/04\/Organowood-4000x4000_PNG_-1536x1536.png 1536w, https:\/\/organowood.com\/wp-content\/uploads\/2023\/04\/Organowood-4000x4000_PNG_-2048x2048.png 2048w\" sizes=\"auto, (max-width: 4000px) 100vw, 4000px\" \/><\/figure>\n<\/div>\n<\/div>\n\n\n\n<hr class=\"wp-block-separator has-css-opacity\"\/>\n\n\n\n<div style=\"height:21px\" aria-hidden=\"true\" class=\"wp-block-spacer\"><\/div>\n\n\n\n<figure class=\"wp-block-image size-large\"><img decoding=\"async\" src=\"https:\/\/organowood.com\/wp-content\/uploads\/2023\/10\/villa-koppar_ulkona_ISO.jpg\" alt=\"\" class=\"wp-image-7668\"\/><figcaption class=\"wp-element-caption\"><em>Nowa panel. Villa Koppar, Finland &#8211; Designer: Collaboratorio<\/em><\/figcaption><\/figure>\n","protected":false},"excerpt":{"rendered":"<p>OrganoWood Nowa bordkledning uten biocider, et milj\u00f8vennlig og naturlig valg! OrganoWood\u00ae Nowa bordkledning er naturfarget tre, med en plan og glatt overflate, og som gr\u00e5ner naturlig i utend\u00f8rs milj\u00f8. Treverket behandles med OrganoWoods nye patenterte kjemi og gir h\u00f8y motstand mot r\u00e5teangrep. Med en energieffektiv produksjonsprosess hvor det har blitt benyttet biocidfri kjemi som er &hellip; <a href=\"https:\/\/organowood.com\/no\/nowa-bordkledning\/\">Continued<\/a><\/p>\n","protected":false},"author":3,"featured_media":0,"parent":0,"menu_order":0,"comment_status":"closed","ping_status":"closed","template":"","meta":{"_acf_changed":false,"footnotes":""},"class_list":["post-7754","page","type-page","status-publish","hentry"],"acf":[],"_links":{"self":[{"href":"https:\/\/organowood.com\/no\/wp-json\/wp\/v2\/pages\/7754","targetHints":{"allow":["GET"]}}],"collection":[{"href":"https:\/\/organowood.com\/no\/wp-json\/wp\/v2\/pages"}],"about":[{"href":"https:\/\/organowood.com\/no\/wp-json\/wp\/v2\/types\/page"}],"author":[{"embeddable":true,"href":"https:\/\/organowood.com\/no\/wp-json\/wp\/v2\/users\/3"}],"replies":[{"embeddable":true,"href":"https:\/\/organowood.com\/no\/wp-json\/wp\/v2\/comments?post=7754"}],"version-history":[{"count":7,"href":"https:\/\/organowood.com\/no\/wp-json\/wp\/v2\/pages\/7754\/revisions"}],"predecessor-version":[{"id":19604,"href":"https:\/\/organowood.com\/no\/wp-json\/wp\/v2\/pages\/7754\/revisions\/19604"}],"wp:attachment":[{"href":"https:\/\/organowood.com\/no\/wp-json\/wp\/v2\/media?parent=7754"}],"curies":[{"name":"wp","href":"https:\/\/api.w.org\/{rel}","templated":true}]}}