{"id":7196,"date":"2023-02-27T09:53:43","date_gmt":"2023-02-27T09:53:43","guid":{"rendered":"https:\/\/organowood.com\/?page_id=7196"},"modified":"2025-03-05T12:43:28","modified_gmt":"2025-03-05T12:43:28","slug":"nowa-trelast","status":"publish","type":"page","link":"https:\/\/organowood.com\/no\/nowa-trelast\/","title":{"rendered":"Nowa terrassebord &#038; konstruksjonsvirke"},"content":{"rendered":"\n<p style=\"font-size:21px\">Trelast uten biocider, et milj\u00f8vennlig og naturlig valg!<\/p>\n\n\n\n<p><strong>OrganoWood<sup>\u00ae<\/sup> Nowa terrassebord er naturfarget tre, med en plan og glatt overflate, og som gr\u00e5ner naturlig i utend\u00f8rs milj\u00f8.<\/strong><\/p>\n\n\n\n<p>Treverket behandles med OrganoWoods nye patenterte kjemi og gir h\u00f8y motstand mot r\u00e5teangrep. Med en energieffektiv produksjonsprosess hvor det har blitt benyttet biocidfri kjemi som er sk\u00e5nsom mot treverket, skapes det et milj\u00f8 hvor r\u00e5tesopp ikke trives.<\/p>\n\n\n\n<p>Den vannbaserte mineralblandingen presses inn i treverket. N\u00e5r vannet fordamper, dannes sterke forbindelser mellom molekylene og fibrene i treverket. Dermed best\u00e5r egenskapene til treverket ogs\u00e5 ved langvarig bruk i fuktige omgivelser.<\/p>\n\n\n\n<hr class=\"wp-block-separator has-css-opacity\"\/>\n\n\n\n<figure class=\"wp-block-image size-full\"><img decoding=\"async\" src=\"https:\/\/organowood.com\/wp-content\/uploads\/2025\/01\/OrganoWood_Nowa_Svanen_inre_hamnen_NO-scaled.jpg\" alt=\"\" class=\"wp-image-18980\"\/><figcaption class=\"wp-element-caption\"><em>Inre Hamnen, Norrk\u00f6ping 2023<\/em>. Fotograf: Sofia Andersson, FotograFia<\/figcaption><\/figure>\n\n\n\n<p><strong>Trevirket<\/strong><\/p>\n\n\n\n<p>Trevirket til OrganoWood<sup>\u00ae<\/sup> Nowa kommer fra de beste furudistriktene i Nord-Sverige. OrganoWood<sup>\u00ae<\/sup> Nowa er resultatet av selskapets innovasjonsarbeid som har p\u00e5g\u00e5tt siden 2015 og har v\u00e6rt testet siden 2017.<\/p>\n\n\n\n<hr class=\"wp-block-separator has-css-opacity\"\/>\n\n\n\n<p><strong><strong>Patenterte kjemien<\/strong><\/strong><\/p>\n\n\n\n<p>Den patenterte kjemien, kombinert med milj\u00f8vennlig produksjon skaper et b\u00e6rekraftig alternativ til tradisjonell trelast der hensynet til milj\u00f8 er viktig! OrganoWood<sup>\u00ae<\/sup> Nowa er ikke bare godt for milj\u00f8et, den smelter flott inn i natur og omgivelser. Perfekt for de som \u00f8nsker \u00e5 skape en harmonisk og innbydende uteplass, uten \u00e5 etterlate noe negativt avtrykk p\u00e5 milj\u00f8et. Et sted som kan eldes med verdighet!<\/p>\n\n\n\n<hr class=\"wp-block-separator has-css-opacity\"\/>\n\n\n\n<div class=\"wp-block-columns is-layout-flex wp-container-core-columns-is-layout-9d6595d7 wp-block-columns-is-layout-flex\">\n<div class=\"wp-block-column is-layout-flow wp-block-column-is-layout-flow\">\n<p><strong><strong><strong>For klimaet<\/strong><\/strong><\/strong><\/p>\n\n\n\n<p>OrganoWood<sup>\u00ae<\/sup> Nowa er utviklet for \u00e5 t\u00e5le sterkt v\u00e6rutsatte milj\u00f8er, helt uten bruk av skadelige stoffer (biocider). V\u00e5rt trevirke klassifiseres som ufarlig for milj\u00f8et i henhold til CLP og kan nedbrytes i det naturlige kretsl\u00f8pet. Derfor kan OrganoWood resirkuleres som ubehandlet tre, i motsetning til tradisjonell trykkimpregnert trelast som defineres som milj\u00f8farlig avfall.<\/p>\n\n\n\n<p>OrganoWood er en av sv\u00e6rt f\u00e5 produsenter som lager milj\u00f8klassifisert trykkimpregnert fasade, terrasse- og konstruksjonsvirke.<\/p>\n\n\n\n<p>For at OrganoWood<sup>\u00ae<\/sup> Nowa skal bli ansett som et virkelig b\u00e6rekraftig alternativ, m\u00e5 selvf\u00f8lgelig selve r\u00e5varen komme fra ansvarlige skogbruk. Trevirke fra OrganoWood er FSC<sup>\u00ae<\/sup> (FSC-C120532)- eller PEFC<sup>\u00ae<\/sup> (PEFC\/05-35-168) sertifisert.<\/p>\n\n\n\n<p><strong>Bruksomr\u00e5de<\/strong><\/p>\n\n\n\n<p>OrganoWood<sup>\u00ae<\/sup> Nowa er egnet for utend\u00f8rs bruk over bakken som balkonger, brygger, gjerder, broer, takterrasser, takstoler, hagem\u00f8bler, st\u00f8yvegger, pergolaer, lekeplasser etc.<\/p>\n<\/div>\n<\/div>\n\n\n\n<hr class=\"wp-block-separator has-css-opacity\"\/>\n\n\n\n<figure class=\"wp-block-image size-large\"><img decoding=\"async\" src=\"https:\/\/organowood.com\/wp-content\/uploads\/2023\/09\/Inre-Hamnen3.png\" alt=\"\" class=\"wp-image-7590\"\/><figcaption class=\"wp-element-caption\"><em>Inre Hamnen, Norrk\u00f6ping 2023<\/em>. Fotograf: Sofia Andersson, FotograFia<\/figcaption><\/figure>\n\n\n\n<hr class=\"wp-block-separator has-css-opacity\"\/>\n\n\n\n<div class=\"wp-block-columns is-layout-flex wp-container-core-columns-is-layout-9d6595d7 wp-block-columns-is-layout-flex\">\n<div class=\"wp-block-column is-layout-flow wp-block-column-is-layout-flow\">\n<h4 class=\"wp-block-heading has-text-align-center\"><strong><strong><strong>Dimensjoner<\/strong><\/strong><\/strong> <strong><strong><strong>Nowa Terrassebord<\/strong><\/strong><\/strong><\/h4>\n\n\n\n<figure class=\"wp-block-table\"><table><tbody><tr><td class=\"has-text-align-center\" data-align=\"center\">Terrassebord<br>M\u00e5l (mm)<\/td><\/tr><tr><td class=\"has-text-align-center\" data-align=\"center\">22 x 95<\/td><\/tr><tr><td class=\"has-text-align-center\" data-align=\"center\">28 x 120<\/td><\/tr><tr><td class=\"has-text-align-center\" data-align=\"center\">28 x 145<\/td><\/tr><tr><td class=\"has-text-align-center\" data-align=\"center\">34 x 145<\/td><\/tr><tr><td class=\"has-text-align-center\" data-align=\"center\">45 x 145<\/td><\/tr><tr><td class=\"has-text-align-center\" data-align=\"center\">45 x 170<\/td><\/tr><\/tbody><\/table><\/figure>\n\n\n\n<h4 class=\"wp-block-heading has-text-align-center\"><strong><strong><strong>Dimensjoner<\/strong><\/strong><\/strong> <strong><strong><strong>Nowa Konstruksjonsvirke<\/strong><\/strong><\/strong><\/h4>\n\n\n\n<figure class=\"wp-block-table\"><table><tbody><tr><td class=\"has-text-align-center\" data-align=\"center\">BJELKER<br>M\u00e5l (mm)<\/td><\/tr><tr><td class=\"has-text-align-center\" data-align=\"center\">45 x 45<\/td><\/tr><tr><td class=\"has-text-align-center\" data-align=\"center\">45 x 70<\/td><\/tr><tr><td class=\"has-text-align-center\" data-align=\"center\">45 x 95<\/td><\/tr><tr><td class=\"has-text-align-center\" data-align=\"center\">45 x 120, C24<\/td><\/tr><tr><td class=\"has-text-align-center\" data-align=\"center\">45 x 145, C24<\/td><\/tr><tr><td class=\"has-text-align-center\" data-align=\"center\">45 x 170, C24<\/td><\/tr><tr><td class=\"has-text-align-center\" data-align=\"center\">45 x 195, C24<\/td><\/tr><tr><td class=\"has-text-align-center\" data-align=\"center\">45 x 220, C24<\/td><\/tr><\/tbody><\/table><\/figure>\n\n\n\n<p><\/p>\n<\/div>\n\n\n\n<div class=\"wp-block-column is-layout-flow wp-block-column-is-layout-flow\">\n<figure class=\"wp-block-image size-large\"><img decoding=\"async\" src=\"https:\/\/organowood.com\/wp-content\/uploads\/2023\/09\/Organowood_trallvirke.png\" alt=\"\" class=\"wp-image-7605\"\/><\/figure>\n\n\n\n<p><\/p>\n<\/div>\n<\/div>\n\n\n\n<div class=\"wp-block-columns is-layout-flex wp-container-core-columns-is-layout-9d6595d7 wp-block-columns-is-layout-flex\">\n<div class=\"wp-block-column is-layout-flow wp-block-column-is-layout-flow\">\n<figure class=\"wp-block-table\"><table><tbody><tr><td class=\"has-text-align-center\" data-align=\"center\">LEKTER<br>M\u00e5l (mm)<\/td><\/tr><tr><td class=\"has-text-align-center\" data-align=\"center\">28 x 45<\/td><\/tr><\/tbody><\/table><\/figure>\n<\/div>\n\n\n\n<div class=\"wp-block-column is-layout-flow wp-block-column-is-layout-flow\">\n<figure class=\"wp-block-table\"><table><tbody><tr><td class=\"has-text-align-center\" data-align=\"center\">STOLPER<br>M\u00e5l (mm)<\/td><\/tr><tr><td class=\"has-text-align-center\" data-align=\"center\">70 x 70<\/td><\/tr><tr><td class=\"has-text-align-center\" data-align=\"center\">95 x 95<\/td><\/tr><\/tbody><\/table><\/figure>\n<\/div>\n<\/div>\n","protected":false},"excerpt":{"rendered":"<p>Trelast uten biocider, et milj\u00f8vennlig og naturlig valg! OrganoWood\u00ae Nowa terrassebord er naturfarget tre, med en plan og glatt overflate, og som gr\u00e5ner naturlig i utend\u00f8rs milj\u00f8. Treverket behandles med OrganoWoods nye patenterte kjemi og gir h\u00f8y motstand mot r\u00e5teangrep. Med en energieffektiv produksjonsprosess hvor det har blitt benyttet biocidfri kjemi som er sk\u00e5nsom mot &hellip; <a href=\"https:\/\/organowood.com\/no\/nowa-trelast\/\">Continued<\/a><\/p>\n","protected":false},"author":3,"featured_media":0,"parent":0,"menu_order":0,"comment_status":"closed","ping_status":"closed","template":"","meta":{"_acf_changed":false,"footnotes":""},"class_list":["post-7196","page","type-page","status-publish","hentry"],"acf":[],"_links":{"self":[{"href":"https:\/\/organowood.com\/no\/wp-json\/wp\/v2\/pages\/7196","targetHints":{"allow":["GET"]}}],"collection":[{"href":"https:\/\/organowood.com\/no\/wp-json\/wp\/v2\/pages"}],"about":[{"href":"https:\/\/organowood.com\/no\/wp-json\/wp\/v2\/types\/page"}],"author":[{"embeddable":true,"href":"https:\/\/organowood.com\/no\/wp-json\/wp\/v2\/users\/3"}],"replies":[{"embeddable":true,"href":"https:\/\/organowood.com\/no\/wp-json\/wp\/v2\/comments?post=7196"}],"version-history":[{"count":10,"href":"https:\/\/organowood.com\/no\/wp-json\/wp\/v2\/pages\/7196\/revisions"}],"predecessor-version":[{"id":19579,"href":"https:\/\/organowood.com\/no\/wp-json\/wp\/v2\/pages\/7196\/revisions\/19579"}],"wp:attachment":[{"href":"https:\/\/organowood.com\/no\/wp-json\/wp\/v2\/media?parent=7196"}],"curies":[{"name":"wp","href":"https:\/\/api.w.org\/{rel}","templated":true}]}}