{"id":2315,"date":"2018-10-31T14:08:37","date_gmt":"2018-10-31T14:08:37","guid":{"rendered":"http:\/\/organowood.com\/?page_id=2315"},"modified":"2018-10-31T14:08:37","modified_gmt":"2018-10-31T14:08:37","slug":"miljo","status":"publish","type":"page","link":"https:\/\/organowood.com\/no\/teknologi\/miljo\/","title":{"rendered":"Milj\u00f8"},"content":{"rendered":"<h4>Milj\u00f8sertifisert trevirke<\/h4>\n<p>OrganoWood\u00ae-modifisert trevirke er utviklet for \u00e5 t\u00e5le hardt utsatte milj\u00f8er. Den benytter seg av en teknologi som er inspirert av den naturlige fossiliseringsprosessen, der mineraler trenger inn og mineraliserer organiske materialer. Alle stoffene i OrganoWood\u00aes produkter er klassifisert som ufarlige for milj\u00f8et iht. CLP-f\u00f6rordningen (EF-nr. 1272\/2008) og kan derfor f\u00f8res tilbake til det naturlige kretsl\u00f8pet. Dermed er det ikke behov for \u00e5 gjenvinne trevirket som milj\u00f8farlig avfall, siden det kan gjenvinnes som ubehandlet trevirke i samsvar med lokale forskrifter.<\/p>\n<p>OrganoWoods trebeskyttelsesprodukter var de f\u00f8rste trebeskyttelsesproduktene i Sverige som ble tildelt Svenska Naturskyddsf\u00f6reningens milj\u00f8merke \u201cBra Milj\u00f6val\u201d.<\/p>\n<p>OrganoWood\u00ae-modifisert trevirke er evaluert av SundaHus og anbefales av Byggvarubed\u00f6mningen i Sverige. Produktene er registrert i BASTA-registret.<\/p>\n<p>Teknologien som brukes til produksjonen av OrganoWood\u00ae ble blant annet utnevnt til Sveriges beste \u201cMilj\u00f6innovation\u201d i 2008 og vant Nordbyggs \u201dHetaste materialnyhet\u201d i 2014. Konsernet ble k\u00e5ret til en \u201dClimate Solver\u201d av Verdensnaturfondet WWF 2010 og til et \u201dSustainia 100 company\u201d i 2015.<\/p>\n<hr \/>\n<p><img loading=\"lazy\" decoding=\"async\" class=\"alignnone wp-image-358\" src=\"https:\/\/organowood.emilaspman.se\/wp-content\/uploads\/2018\/03\/sponsor-byggvarubedomningen@2x-300x39.png\" sizes=\"auto, (max-width: 238px) 100vw, 238px\" srcset=\"https:\/\/organowood.com\/wp-content\/uploads\/2018\/03\/sponsor-byggvarubedomningen@2x-300x39.png 300w, https:\/\/organowood.com\/wp-content\/uploads\/2018\/03\/sponsor-byggvarubedomningen@2x.png 386w\" alt=\"\" width=\"238\" height=\"31\" \/>\u00a0 \u00a0\u00a0\u00a0<img loading=\"lazy\" decoding=\"async\" class=\"alignnone wp-image-359\" src=\"https:\/\/organowood.emilaspman.se\/wp-content\/uploads\/2018\/03\/Climate-Solver-badge-300x300.png\" sizes=\"auto, (max-width: 93px) 100vw, 93px\" srcset=\"https:\/\/organowood.com\/wp-content\/uploads\/2018\/03\/Climate-Solver-badge-300x300.png 300w, https:\/\/organowood.com\/wp-content\/uploads\/2018\/03\/Climate-Solver-badge-150x150.png 150w, https:\/\/organowood.com\/wp-content\/uploads\/2018\/03\/Climate-Solver-badge.png 720w\" alt=\"\" width=\"93\" height=\"93\" \/>\u00a0\u00a0<img loading=\"lazy\" decoding=\"async\" class=\"alignnone wp-image-360\" src=\"https:\/\/organowood.emilaspman.se\/wp-content\/uploads\/2018\/03\/d1hhhba0eqx5qivujov8.jpg\" sizes=\"auto, (max-width: 93px) 100vw, 93px\" srcset=\"https:\/\/organowood.com\/wp-content\/uploads\/2018\/03\/d1hhhba0eqx5qivujov8.jpg 220w, https:\/\/organowood.com\/wp-content\/uploads\/2018\/03\/d1hhhba0eqx5qivujov8-150x150.jpg 150w\" alt=\"\" width=\"93\" height=\"93\" \/>\u00a0\u00a0<img loading=\"lazy\" decoding=\"async\" class=\"alignnone wp-image-361\" src=\"https:\/\/organowood.emilaspman.se\/wp-content\/uploads\/2018\/03\/Sustainia-100-kopia-300x300.png\" sizes=\"auto, (max-width: 92px) 100vw, 92px\" srcset=\"https:\/\/organowood.com\/wp-content\/uploads\/2018\/03\/Sustainia-100-kopia-300x300.png 300w, https:\/\/organowood.com\/wp-content\/uploads\/2018\/03\/Sustainia-100-kopia-150x150.png 150w, https:\/\/organowood.com\/wp-content\/uploads\/2018\/03\/Sustainia-100-kopia.png 600w\" alt=\"\" width=\"92\" height=\"92\" \/>\u00a0<img loading=\"lazy\" decoding=\"async\" class=\"alignnone wp-image-2203\" src=\"https:\/\/organowood.com\/wp-content\/uploads\/2018\/10\/basta-logo.png\" alt=\"\" width=\"86\" height=\"80\" \/>\u00a0 <img loading=\"lazy\" decoding=\"async\" class=\"alignnone wp-image-2204\" src=\"https:\/\/organowood.com\/wp-content\/uploads\/2018\/10\/logo-bmv-gron-utantext.jpg\" alt=\"\" width=\"88\" height=\"88\" \/>\u00a0\u00a0 <img loading=\"lazy\" decoding=\"async\" class=\"alignnone wp-image-2202\" src=\"https:\/\/organowood.com\/wp-content\/uploads\/2018\/10\/sundahus-logo-220x30.png\" alt=\"\" width=\"192\" height=\"64\" \/><\/p>\n","protected":false},"excerpt":{"rendered":"<p>Milj\u00f8sertifisert trevirke OrganoWood\u00ae-modifisert trevirke er utviklet for \u00e5 t\u00e5le hardt utsatte milj\u00f8er. Den benytter seg av en teknologi som er inspirert av den naturlige fossiliseringsprosessen, der mineraler trenger inn og mineraliserer organiske materialer. Alle stoffene i OrganoWood\u00aes produkter er klassifisert som ufarlige for milj\u00f8et iht. CLP-f\u00f6rordningen (EF-nr. 1272\/2008) og kan derfor f\u00f8res tilbake til det &hellip; <a href=\"https:\/\/organowood.com\/no\/teknologi\/miljo\/\">Continued<\/a><\/p>\n","protected":false},"author":4,"featured_media":0,"parent":1438,"menu_order":0,"comment_status":"closed","ping_status":"closed","template":"","meta":{"_acf_changed":false,"footnotes":""},"class_list":["post-2315","page","type-page","status-publish","hentry"],"acf":[],"_links":{"self":[{"href":"https:\/\/organowood.com\/no\/wp-json\/wp\/v2\/pages\/2315","targetHints":{"allow":["GET"]}}],"collection":[{"href":"https:\/\/organowood.com\/no\/wp-json\/wp\/v2\/pages"}],"about":[{"href":"https:\/\/organowood.com\/no\/wp-json\/wp\/v2\/types\/page"}],"author":[{"embeddable":true,"href":"https:\/\/organowood.com\/no\/wp-json\/wp\/v2\/users\/4"}],"replies":[{"embeddable":true,"href":"https:\/\/organowood.com\/no\/wp-json\/wp\/v2\/comments?post=2315"}],"version-history":[{"count":1,"href":"https:\/\/organowood.com\/no\/wp-json\/wp\/v2\/pages\/2315\/revisions"}],"predecessor-version":[{"id":2316,"href":"https:\/\/organowood.com\/no\/wp-json\/wp\/v2\/pages\/2315\/revisions\/2316"}],"up":[{"embeddable":true,"href":"https:\/\/organowood.com\/no\/wp-json\/wp\/v2\/pages\/1438"}],"wp:attachment":[{"href":"https:\/\/organowood.com\/no\/wp-json\/wp\/v2\/media?parent=2315"}],"curies":[{"name":"wp","href":"https:\/\/api.w.org\/{rel}","templated":true}]}}