{"id":1463,"date":"2018-05-04T10:57:27","date_gmt":"2018-05-04T10:57:27","guid":{"rendered":"https:\/\/organowood.emilaspman.se\/?page_id=1463"},"modified":"2018-10-31T15:13:56","modified_gmt":"2018-10-31T15:13:56","slug":"hvordan-eldes-treverket","status":"publish","type":"page","link":"https:\/\/organowood.com\/no\/teknologi\/hvordan-eldes-treverket\/","title":{"rendered":"Hvordan eldes treverket"},"content":{"rendered":"<h4>Naturfarget treverk som eldes naturlig<\/h4>\n<p>Det modifiserte trevirket beholder sin naturlige farge, men eldes deretter naturlig. N\u00e5r trevirke eldes, gr\u00e5ner det og f\u00e5r med tiden en s\u00f8lvgr\u00e5 fargetone. Trevirket gr\u00e5nes p\u00e5 grunn av en rekke forskjellige eksterne faktorer. Sollyset bryter blant annet ned ligninet, og hemicellulosen i det ytre virket, noe som gj\u00f8r at det blekes. Andre faktorer som smusspartikler, overflatep\u00e5vekst og d\u00f8de vedpartikler, gj\u00f8r at trevirket blir gr\u00e5tt. Kombinasjonen av blekingen og gr\u00e5ningen er det som skaper en s\u00f8lvgr\u00e5 nyanse.<\/p>\n<p>Avhengig av i hvilket milj\u00f8 trevirket plasseres, kommer eldingen til \u00e5 foreg\u00e5 i forskjellige hastigheter. Eldingen g\u00e5r raskere dersom trevirket er plassert i v\u00e6r og vind, og vender mot s\u00f8r der det er maksimalt utsatt for sol. I furu, som best\u00e5r av kjerneved og yteved, g\u00e5r aldringen enda raskere i yteveden p\u00e5 grunn av at den tar opp vann mye raskere enn kjernen. Dermed f\u00e5r vi en h\u00f8yere fuktkvote som fremskynder overflatep\u00e5veksten.<\/p>\n<p>OrganoWood\u00ae-modifisert trevirke eldes naturlig, noe som f\u00f8rer til at gr\u00e5ningen ikke alltid blir like jevn. I standard trevirke gr\u00e5nes for eksempel ogs\u00e5 yteveden raskere enn kjerneveden. P\u00e5 et tidlig stadium kan ogs\u00e5 gr\u00e5ningen oppleves som flekkete, men dette jevner seg ut relativt raskt. Etter ett til to \u00e5r har en treplatting som er plassert utend\u00f8rs i sollyset, f\u00e5tt en vakker og jevnt gr\u00e5 farge.<\/p>\n<p>En effekt som kan oppst\u00e5 p\u00e5 alt trevirke som plasseres utend\u00f8rs og eldes, er s\u00e5kalt fliskritting (&laquo;fiberlo&raquo;). Den forekommer n\u00e5r ligninet som binder sammen fibrene i trevirket, brytes ned av solens UV-str\u00e5ling.\u00a0Problemet oppst\u00e5r fremfor alt p\u00e5 trevirke som plasseres i milj\u00f8er som er sterk utsatt for sol, men det kan reduseres med overflatebehandlinger og godt vedlikehold.<\/p>\n<p>For \u00e5 f\u00e5 en jevnere gr\u00e5ningsprosess og redusere risikoen for at fenomenet skal oppst\u00e5, har OrganoWood utviklet\u00a0overflatebehandlingsproduktene OrganoWood\u00ae Trebeskyttelse 02. som er spesielt tilpasset trevirke fra OrganoWood\u00ae. Produktene gir overflaten ekstremt vannavvisende (superhydrofobe) egenskaper som reduserer risikoen for fenomenet og gir en jevnere gr\u00e5ningsprosess. OrganoWood\u00ae Select Plus\u00a0er industrielt\u00a0behandlet med\u00a0OrganoWood\u00ae Trebeskyttelse 02. og har dermed f\u00e5tt en sv\u00e6rt effektiv beskyttelse. Effekten av de vannavvisende egenskapene er at trevirket f\u00e5r redusert sprekkdannelse og blir med dimensjonsstabilt.<\/p>\n<p>For \u00e5 lese mer om og f\u00f8lge med p\u00e5 hvordan gr\u00e5ningsprosessen forl\u00f8per fra naturfarget til gr\u00e5tt p\u00e5 b\u00e5de OrganoWood\u00ae, OrganoWood\u00ae Select og OrganoWood\u00ae Select Plus, <a href=\"https:\/\/organowood.com\/no\/naturfarget-treverk\/\" target=\"_blank\" rel=\"noopener\">se f\u00f8lgende side.<\/a> Les mer om fiberlo i Svenskt tr\u00e4s grundige\u00a0<a href=\"https:\/\/www.traguiden.se\/om-tra\/materialet-tra\/traets-egenskaper-och-kvalitet\/bestandighet1\/ljusets-nedbrytning-av-tra\/\">Tr\u00e4guide<\/a>.<\/p>\n","protected":false},"excerpt":{"rendered":"<p>Naturfarget treverk som eldes naturlig Det modifiserte trevirket beholder sin naturlige farge, men eldes deretter naturlig. N\u00e5r trevirke eldes, gr\u00e5ner det og f\u00e5r med tiden en s\u00f8lvgr\u00e5 fargetone. Trevirket gr\u00e5nes p\u00e5 grunn av en rekke forskjellige eksterne faktorer. Sollyset bryter blant annet ned ligninet, og hemicellulosen i det ytre virket, noe som gj\u00f8r at det &hellip; <a href=\"https:\/\/organowood.com\/no\/teknologi\/hvordan-eldes-treverket\/\">Continued<\/a><\/p>\n","protected":false},"author":4,"featured_media":0,"parent":1438,"menu_order":0,"comment_status":"closed","ping_status":"closed","template":"","meta":{"_acf_changed":false,"footnotes":""},"class_list":["post-1463","page","type-page","status-publish","hentry"],"acf":[],"_links":{"self":[{"href":"https:\/\/organowood.com\/no\/wp-json\/wp\/v2\/pages\/1463","targetHints":{"allow":["GET"]}}],"collection":[{"href":"https:\/\/organowood.com\/no\/wp-json\/wp\/v2\/pages"}],"about":[{"href":"https:\/\/organowood.com\/no\/wp-json\/wp\/v2\/types\/page"}],"author":[{"embeddable":true,"href":"https:\/\/organowood.com\/no\/wp-json\/wp\/v2\/users\/4"}],"replies":[{"embeddable":true,"href":"https:\/\/organowood.com\/no\/wp-json\/wp\/v2\/comments?post=1463"}],"version-history":[{"count":2,"href":"https:\/\/organowood.com\/no\/wp-json\/wp\/v2\/pages\/1463\/revisions"}],"predecessor-version":[{"id":2354,"href":"https:\/\/organowood.com\/no\/wp-json\/wp\/v2\/pages\/1463\/revisions\/2354"}],"up":[{"embeddable":true,"href":"https:\/\/organowood.com\/no\/wp-json\/wp\/v2\/pages\/1438"}],"wp:attachment":[{"href":"https:\/\/organowood.com\/no\/wp-json\/wp\/v2\/media?parent=1463"}],"curies":[{"name":"wp","href":"https:\/\/api.w.org\/{rel}","templated":true}]}}