{"id":1453,"date":"2018-05-04T10:44:14","date_gmt":"2018-05-04T10:44:14","guid":{"rendered":"https:\/\/organowood.emilaspman.se\/?page_id=1453"},"modified":"2018-10-31T15:34:21","modified_gmt":"2018-10-31T15:34:21","slug":"partnere","status":"publish","type":"page","link":"https:\/\/organowood.com\/no\/om-selskapet\/partnere\/","title":{"rendered":"Partnere"},"content":{"rendered":"<p>OrganoWood samarbeider med flere velrenommerte partnere som st\u00e5r for h\u00f8y kvalitet, som verner milj\u00f8et og har en lidenskap for tre. Vi har n\u00e6re samarbeid med en lang rekke underleverand\u00f8rer og kunder.<\/p>\n<h2>Welin &amp; Co<\/h2>\n<p>Welin &amp; Co er en leverand\u00f8r og distribut\u00f8r av trebehandlingsprodukter av h\u00f8y kvalitet.\u00a0I 2015 ble det etablert et samarbeid mellom OrganoWood og Welin &amp; Co om distribusjon og salg av OrganoWoods trebeskyttelsesprodukter i det svenske markedet.<\/p>\n<p>Les mer p\u00e5 deres\u00a0<a href=\"http:\/\/www.welinoco.com\/\">nettsider<\/a>.<\/p>\n<h2>Bergs Timber Bitus<\/h2>\n<p>Bergs Timber Bitus er Sveriges st\u00f8rste trebehandlingsanlegg. De trykkimpregnerer cirka 150 000\u2013200 000 m3 trevirke i \u00e5ret og har et moderne maleri- og overflatebehandlingsanlegg. I tillegg til tradisjonelle, trykkimpregnerte produkter, tilbyr Bergs Timber Bitus et bredt utvalg av spesialprodukter som er produsert p\u00e5 en rekke mindre produksjonslinjer. I begynnelsen av 2012 satte OrganoWood i gang en produksjonslinje for produksjon av OrganoWood\u00ae-modifisert trevirke, i samarbeid med Bergs Timber Bitus. Siden 2012 har trevirket blitt produsert her p\u00e5 oppdrag fra OrganoWood.<\/p>\n<p>Les mer p\u00e5 deres\u00a0<a href=\"http:\/\/www.bergstimber.se\/\">nettsider<\/a>.<\/p>\n<h2>Setra<\/h2>\n<p>Bergs Timber Bitus er Sveriges st\u00f8rste trebehandlingsanlegg. De trykkimpregnerer cirka 150 000\u2013200 000 m3 trevirke i \u00e5ret og har et moderne maleri- og overflatebehandlingsanlegg. I tillegg til tradisjonelle, trykkimpregnerte produkter, tilbyr Bergs Timber Bitus et bredt utvalg av spesialprodukter som er produsert p\u00e5 en rekke mindre produksjonslinjer. I begynnelsen av 2012 satte OrganoWood i gang en produksjonslinje for produksjon av OrganoWood\u00ae-modifisert trevirke, i samarbeid med Bergs Timber Bitus. Siden 2012 har trevirket blitt produsert her p\u00e5 oppdrag fra OrganoWood.<\/p>\n<p>Les mer p\u00e5 deres\u00a0<a href=\"http:\/\/www.bergstimber.se\/\">nettsider<\/a>.<\/p>\n<h2>Po Hiller<\/h2>\n<p>Gamle dokumenter tyder p\u00e5 at P.O. Hiller Tr\u00e4varor AB fra 1500-tallet. Da man begynte \u00e5 benytte dampkraft i industrien, ble det kj\u00f8pt inn en dampmaskin og sagen ble det f\u00f8rste dampdrevne sagverket i V\u00e4stmanland.\u00a0Dampkraften gjorde at man tidlig kunne investere i h\u00f8velmaskiner. I dag er P.O. Hiller Tr\u00e4varor AB et rendyrket treindustriselskap som h\u00f8vler, maler og kapper trevarer som for eksempel ytterkledninger, innvendig panel, lister og massive tregulv.<\/p>\n<p>Les mer p\u00e5 deres\u00a0<a href=\"http:\/\/www.pohiller.se\/\">nettsider.<\/a><\/p>\n<h2>Fellessons<\/h2>\n<p>Fellessons er en tredjegenerasjons trelasthandler som har mange \u00e5rs erfaring med trevarer. Virksomheten h\u00e5ndterer alt fra foredling i h\u00f8vleri og snekkeri til omfattende handle med trevarer og byggematerialer.<\/p>\n<p>Les mer p\u00e5 deres\u00a0<a href=\"http:\/\/fellessons.se\/\">nettsider.<\/a><\/p>\n<h2>Munktorps tr\u00e4f\u00f6r\u00e4dling<\/h2>\n<p>Munktorps Tr\u00e4f\u00f6r\u00e4dling AB er et h\u00f8vleri som hovedsakelig produserer ytterkledninger, lekter og sponplater. P\u00e5 foresp\u00f8rsel utvikler bedriften spesialprodukter i de fleste dimensjoner i gran, furu (ogs\u00e5 kjernefuru) og lerk. De har en kapasitet p\u00e5 ca. 35 000 m3 h\u00f8vlede trevarer i \u00e5ret ved enkeltskift.<\/p>\n<p>Les mer p\u00e5 deres\u00a0<a href=\"http:\/\/www.munktorpstra.se\/\">nettsider.<\/a><\/p>\n<h2>OrganoClick<\/h2>\n<p>OrganoClick AB er et selskap som utvikler, produserer og markedsf\u00f8rer milj\u00f8vennlige produkter for funksjonalisering av cellulosebaserte materialer. Selskapets produkter er basert p\u00e5 deres patenterte teknologiplattform for modifisering av biofibrer, som har sitt utspring i forskningen som er utf\u00f8rt ved Stockholms universitet og Sveriges lantbruksuniversitet i Uppsala. Produkter som selskapet markedsf\u00f8rer, er blant annet l\u00f8sninger for \u00e5 produsere vannresistent papir og tekstiler, additiv som gir \u00f8kt mekanisk styrke i papirbasert emballasje og nye biobaserte bindemidler for ikke-vevede materialer.<\/p>\n<p>Selskapet eies av gr\u00fcnderne administrerende direkt\u00f8r M\u00e5rten Hellberg, professor Armando C\u00f3rdova, dosent Jonas Hafr\u00e9n og inkubatorselskapet Serendipity Innovations, sammen med finans- og industrimannen Anders Wall, Tetra Paks tidligere konsernsjef Bertil Hagman og Tetra Paks og deretter SCA Hygiene Products tidligere tekniske direkt\u00f8r Claes-G\u00f6ran Beckeman.<\/p>\n<p>Vil du vite mer om OrganoClick, g\u00e5 inn p\u00e5 deres\u00a0<a href=\"http:\/\/www.organoclick.com\/\">nettsider<\/a>.<\/p>\n","protected":false},"excerpt":{"rendered":"<p>OrganoWood samarbeider med flere velrenommerte partnere som st\u00e5r for h\u00f8y kvalitet, som verner milj\u00f8et og har en lidenskap for tre. Vi har n\u00e6re samarbeid med en lang rekke underleverand\u00f8rer og kunder. Welin &amp; Co Welin &amp; Co er en leverand\u00f8r og distribut\u00f8r av trebehandlingsprodukter av h\u00f8y kvalitet.\u00a0I 2015 ble det etablert et samarbeid mellom OrganoWood &hellip; <a href=\"https:\/\/organowood.com\/no\/om-selskapet\/partnere\/\">Continued<\/a><\/p>\n","protected":false},"author":4,"featured_media":1084,"parent":1447,"menu_order":4,"comment_status":"closed","ping_status":"closed","template":"","meta":{"_acf_changed":false,"footnotes":""},"class_list":["post-1453","page","type-page","status-publish","has-post-thumbnail","hentry"],"acf":[],"_links":{"self":[{"href":"https:\/\/organowood.com\/no\/wp-json\/wp\/v2\/pages\/1453","targetHints":{"allow":["GET"]}}],"collection":[{"href":"https:\/\/organowood.com\/no\/wp-json\/wp\/v2\/pages"}],"about":[{"href":"https:\/\/organowood.com\/no\/wp-json\/wp\/v2\/types\/page"}],"author":[{"embeddable":true,"href":"https:\/\/organowood.com\/no\/wp-json\/wp\/v2\/users\/4"}],"replies":[{"embeddable":true,"href":"https:\/\/organowood.com\/no\/wp-json\/wp\/v2\/comments?post=1453"}],"version-history":[{"count":4,"href":"https:\/\/organowood.com\/no\/wp-json\/wp\/v2\/pages\/1453\/revisions"}],"predecessor-version":[{"id":2363,"href":"https:\/\/organowood.com\/no\/wp-json\/wp\/v2\/pages\/1453\/revisions\/2363"}],"up":[{"embeddable":true,"href":"https:\/\/organowood.com\/no\/wp-json\/wp\/v2\/pages\/1447"}],"wp:featuredmedia":[{"embeddable":true,"href":"https:\/\/organowood.com\/no\/wp-json\/wp\/v2\/media\/1084"}],"wp:attachment":[{"href":"https:\/\/organowood.com\/no\/wp-json\/wp\/v2\/media?parent=1453"}],"curies":[{"name":"wp","href":"https:\/\/api.w.org\/{rel}","templated":true}]}}