{"id":1451,"date":"2018-05-04T10:42:22","date_gmt":"2018-05-04T10:42:22","guid":{"rendered":"https:\/\/organowood.emilaspman.se\/?page_id=1451"},"modified":"2018-10-31T15:30:38","modified_gmt":"2018-10-31T15:30:38","slug":"eire","status":"publish","type":"page","link":"https:\/\/organowood.com\/no\/om-selskapet\/eire\/","title":{"rendered":"Eire"},"content":{"rendered":"<h4>OrganoClick AB<\/h4>\n<p>OrganoClick AB er et selskap som utvikler, produserer og markedsf\u00f8rer milj\u00f8vennlige produkter for funksjonalisering av cellulosebaserte materialer. Selskapets produkter er basert p\u00e5 deres patenterte teknologiplattform for modifisering av biofibrer, som har sitt utspring i forskningen som er utf\u00f8rt ved Stockholms universitet og Sveriges lantbruksuniversitet i Uppsala. Produkter som selskapet markedsf\u00f8rer, er blant annet l\u00f8sninger for \u00e5 produsere vannresistent papir og tekstiler, additiv som gir \u00f8kt mekanisk styrke i papirbasert emballasje og nye biobaserte bindemidler for ikke-vevede materialer.<\/p>\n<p>Selskapet eies av gr\u00fcnderne administrerende direkt\u00f8r M\u00e5rten Hellberg, professor Armando C\u00f3rdova, dosent Jonas Hafr\u00e9n og inkubatorselskapet Serendipity Innovations, sammen med finans- og industrimannen Anders Wall, Tetra Paks tidligere konsernsjef Bertil Hagman og Tetra Paks og deretter SCA Hygiene Products tidligere tekniske direkt\u00f8r Claes-G\u00f6ran Beckeman.<\/p>\n<p>Hvis du vil ha mer informasjon om OrganoClick, bes\u00f8k deres\u00a0<a href=\"http:\/\/www.organoclick.com\/\">hjemmeside<\/a>.<\/p>\n<h4>Kvigos AB<\/h4>\n<p>Kvigos AB eies av finansmannen Robert Charpentier som har en lang bakgrunn innenfor bank og finans. Han har blant annet arbeidet i ledende stillinger i Goldman Sachs, Swedbank og som administrerende direkt\u00f8r i Kaupthing Bank Sverige AB. I Kvigos AB jobber Robert i dag som konsulent for mindre selskaper, p\u00e5 bakgrunn a sin mange\u00e5rige erfaring innenfor investment banking. Videre investerer og deltar han i utviklingen av vekstselskaper innenfor hovedsakelig markedsf\u00f8ring og salg.<\/p>\n","protected":false},"excerpt":{"rendered":"<p>OrganoClick AB OrganoClick AB er et selskap som utvikler, produserer og markedsf\u00f8rer milj\u00f8vennlige produkter for funksjonalisering av cellulosebaserte materialer. Selskapets produkter er basert p\u00e5 deres patenterte teknologiplattform for modifisering av biofibrer, som har sitt utspring i forskningen som er utf\u00f8rt ved Stockholms universitet og Sveriges lantbruksuniversitet i Uppsala. Produkter som selskapet markedsf\u00f8rer, er blant annet &hellip; <a href=\"https:\/\/organowood.com\/no\/om-selskapet\/eire\/\">Continued<\/a><\/p>\n","protected":false},"author":4,"featured_media":964,"parent":1447,"menu_order":2,"comment_status":"closed","ping_status":"closed","template":"","meta":{"_acf_changed":false,"footnotes":""},"class_list":["post-1451","page","type-page","status-publish","has-post-thumbnail","hentry"],"acf":[],"_links":{"self":[{"href":"https:\/\/organowood.com\/no\/wp-json\/wp\/v2\/pages\/1451","targetHints":{"allow":["GET"]}}],"collection":[{"href":"https:\/\/organowood.com\/no\/wp-json\/wp\/v2\/pages"}],"about":[{"href":"https:\/\/organowood.com\/no\/wp-json\/wp\/v2\/types\/page"}],"author":[{"embeddable":true,"href":"https:\/\/organowood.com\/no\/wp-json\/wp\/v2\/users\/4"}],"replies":[{"embeddable":true,"href":"https:\/\/organowood.com\/no\/wp-json\/wp\/v2\/comments?post=1451"}],"version-history":[{"count":3,"href":"https:\/\/organowood.com\/no\/wp-json\/wp\/v2\/pages\/1451\/revisions"}],"predecessor-version":[{"id":2362,"href":"https:\/\/organowood.com\/no\/wp-json\/wp\/v2\/pages\/1451\/revisions\/2362"}],"up":[{"embeddable":true,"href":"https:\/\/organowood.com\/no\/wp-json\/wp\/v2\/pages\/1447"}],"wp:featuredmedia":[{"embeddable":true,"href":"https:\/\/organowood.com\/no\/wp-json\/wp\/v2\/media\/964"}],"wp:attachment":[{"href":"https:\/\/organowood.com\/no\/wp-json\/wp\/v2\/media?parent=1451"}],"curies":[{"name":"wp","href":"https:\/\/api.w.org\/{rel}","templated":true}]}}