{"id":1449,"date":"2018-05-04T10:39:49","date_gmt":"2018-05-04T10:39:49","guid":{"rendered":"https:\/\/organowood.emilaspman.se\/?page_id=1449"},"modified":"2022-11-11T08:13:37","modified_gmt":"2022-11-11T08:13:37","slug":"ledelse-og-styre","status":"publish","type":"page","link":"https:\/\/organowood.com\/no\/om-selskapet\/ledelse-og-styre\/","title":{"rendered":"Ledelse og styre"},"content":{"rendered":"<ul>\n<li>Stefan Lindeborg, styreleder<\/li>\n<\/ul>\n<p>Stefan Lindeborg er utdannet sivil\u00f8konom med markedsf\u00f8ring som sitt spesiale, fra Handelsh\u00f6gskolan i Stockholm. Han har jobbet i kjemibransje i 30 \u00e5r og har hatt forskjellige ledende roller innenfor salg og markedsf\u00f8ring. I dag er han administrerende direkt\u00f8r i Akzo Nobel AB (moderselskapet til Akzo Nobels svenske selskap) og har tidligere blant annet jobbet som administrerende direkt\u00f8r i Akzo Nobel Decorative Paintings, administrerende direkt\u00f8r i distribusjons- og salgsselskapet Kemiintressen AB og som internasjonal markedssjef i Casco Nobel (bygglim og trebeskyttelse).<\/p>\n<ul>\n<li>Robert Charpentier, styremedlem<\/li>\n<\/ul>\n<p>Robert Charpentier er styreleder i Kvigos AB og medgr\u00fcnder av OrganoWood AB. Han har en master i \u00f8konomi fra Svenska handelsh\u00f6gskolan i Helsingfors og har hatt ulike stillinger i finansbransjen i over 20 \u00e5r. Han startet sin karriere hos Goldman Sachs i London i 1989, der han arbeidet med diverse kapitalmarkedsbaserte l\u00f8sninger for nordiske kunder. I 1997 begynte han \u00e5 jobbe i Swedbank, der han ble utnevnt til visedirekt\u00f8r og leder for investment banking i 2004. Fra 2006 til 2009 jobbet Robert som administrerende direkt\u00f8r i Kaupthing Bank Sverige AB, islandske Kaupthing Banks datterselskap i Sverige. I dag jobber Robert med private investeringer og konsulentvirksomhet gjennom sitt heleide selskap Kvigos AB.<\/p>\n<ul>\n<li>M\u00e5rten Hellberg, styremedlem<\/li>\n<\/ul>\n<p>M\u00e5rten Hellberg er administrerende direkt\u00f8r og medgr\u00fcnder av OrganoClick AB. M\u00e5rten er utdannet sivilingeni\u00f8r i molekyl\u00e6r bioteknikk og \u00f8konom ved Uppsala universitet, \u00c9cole Normale Sup\u00e9rieure de Lyon og Stockholms universitet. M\u00e5rten har ogs\u00e5 v\u00e6rt kanopadler p\u00e5 toppniv\u00e5 og svensk mester i padling flere ganger. Han har v\u00e6rt med p\u00e5 det svenske kanolandslaget i 12 \u00e5r og deltatt i Sveriges Olympiska Kommitt\u00e9s eliteprogram.<\/p>\n<ul>\n<li>Claes\u2010G\u00f6ran Beckeman, styreleder<\/li>\n<\/ul>\n<p>Claes-G\u00f6ran Beckeman er sivilingeni\u00f8r i kjemiteknikk fra Chalmers tekniske h\u00f6gskola. Fra 1977 til 1997 jobbet han i Tetra Pak (senere Tetra Laval) i forskjellige ledende stillinger, som for eksempel teknisk direkt\u00f8r. Claes G\u00f6ran gikk over til SCA i 1998, der han jobbet som teknisk direkt\u00f8r og innkj\u00f8pssjef p\u00e5 forretningsomr\u00e5det personlige hygieneprodukter, ut 2005. Fra 2004 til 2007 var Claes-G\u00f6ran ansvarlig for oppbyggingen av skogbruksektorens teknologiplattform, et initiativ fra den europeiske skogsindustrien og skogseierne, for \u00e5 etablere et privatoffentlig partnerskap med EU og andre nasjonale myndigheter om FoU-samarbeid i sektoren. I dag er Claes-G\u00f6ran styremedlem i flere selskaper innenfor emballasjeindustrien og medlem av Kungliga ingenj\u00f6rsvetenskapsakademin i Sverige.<\/p>\n","protected":false},"excerpt":{"rendered":"<p>Stefan Lindeborg, styreleder Stefan Lindeborg er utdannet sivil\u00f8konom med markedsf\u00f8ring som sitt spesiale, fra Handelsh\u00f6gskolan i Stockholm. Han har jobbet i kjemibransje i 30 \u00e5r og har hatt forskjellige ledende roller innenfor salg og markedsf\u00f8ring. I dag er han administrerende direkt\u00f8r i Akzo Nobel AB (moderselskapet til Akzo Nobels svenske selskap) og har tidligere blant &hellip; <a href=\"https:\/\/organowood.com\/no\/om-selskapet\/ledelse-og-styre\/\">Continued<\/a><\/p>\n","protected":false},"author":4,"featured_media":2120,"parent":1447,"menu_order":1,"comment_status":"closed","ping_status":"closed","template":"","meta":{"_acf_changed":false,"footnotes":""},"class_list":["post-1449","page","type-page","status-publish","has-post-thumbnail","hentry"],"acf":[],"_links":{"self":[{"href":"https:\/\/organowood.com\/no\/wp-json\/wp\/v2\/pages\/1449","targetHints":{"allow":["GET"]}}],"collection":[{"href":"https:\/\/organowood.com\/no\/wp-json\/wp\/v2\/pages"}],"about":[{"href":"https:\/\/organowood.com\/no\/wp-json\/wp\/v2\/types\/page"}],"author":[{"embeddable":true,"href":"https:\/\/organowood.com\/no\/wp-json\/wp\/v2\/users\/4"}],"replies":[{"embeddable":true,"href":"https:\/\/organowood.com\/no\/wp-json\/wp\/v2\/comments?post=1449"}],"version-history":[{"count":3,"href":"https:\/\/organowood.com\/no\/wp-json\/wp\/v2\/pages\/1449\/revisions"}],"predecessor-version":[{"id":7018,"href":"https:\/\/organowood.com\/no\/wp-json\/wp\/v2\/pages\/1449\/revisions\/7018"}],"up":[{"embeddable":true,"href":"https:\/\/organowood.com\/no\/wp-json\/wp\/v2\/pages\/1447"}],"wp:featuredmedia":[{"embeddable":true,"href":"https:\/\/organowood.com\/no\/wp-json\/wp\/v2\/media\/2120"}],"wp:attachment":[{"href":"https:\/\/organowood.com\/no\/wp-json\/wp\/v2\/media?parent=1449"}],"curies":[{"name":"wp","href":"https:\/\/api.w.org\/{rel}","templated":true}]}}