{"id":1441,"date":"2018-05-04T09:29:30","date_gmt":"2018-05-04T09:29:30","guid":{"rendered":"https:\/\/organowood.emilaspman.se\/?page_id=1441"},"modified":"2025-06-19T12:36:11","modified_gmt":"2025-06-19T12:36:11","slug":"tester-og-sertifikater","status":"publish","type":"page","link":"https:\/\/organowood.com\/no\/tester-og-sertifikater\/","title":{"rendered":"Tester og sertifikater"},"content":{"rendered":"<p><strong>Holdbarhet<\/strong><br \/>\n2013 ble det innledet RISE (SP) og Malm\u00f8 kommune en uavhengig studie av forskjellige typer terrassematerialer og overflatebehandlinger. Hensikten var \u00e5 sammenligne ytelsen ved \u00e5 studere blant annet angrep fra mikroorganismer, sprekkdannelse og deformasjoner i materialene.<a href=\"https:\/\/organowood.com\/no\/terrassebordtest\/\" target=\"_blank\" rel=\"noopener noreferrer\"> Testen<\/a> viser god holdbarhet i utsatte milj\u00f8er.<\/p>\n<p><strong>R\u00e5temotstand<\/strong><br \/>\nOrganoWood\u00aes trevirke har en veldokumentert r\u00e5temotstand, testet iht. SS-EN 113. For naturlig holdbarhet iht. SS-EN 350 f\u00e5r OrganoWood\u00ae klasse 1 dvs. h\u00f8yeste holdbarhet.<\/p>\n<p><strong>Solrefleksjonsverdi (SRI)<\/strong><br \/>\nDen s\u00e5kalte \u201cCool Roof\u201d-teknikkens m\u00e5lsetting er en h\u00f8y <a href=\"https:\/\/organowood.com\/no\/inspiration\/sri\/\" target=\"_blank\" rel=\"noopener noreferrer\">solrefleksjonsverdi.<\/a> Det holder varmeoverf\u00f8ringen til bygninger lavere og reduserer dermed avkj\u00f8lingskostnadene. Dessuten reduseres faren for at det oppst\u00e5r urbane varme\u00f8yer. Lysrefleksjon og lagringsevne legges sammen til en verdi p\u00e5 en skala fra 0 til 100. OrganoWood\u00ae f\u00e5r i RISE (SP)-testen ASTM E1980-11 en solrefleksjonsverdi p\u00e5 82,4. Det er en sv\u00e6rt god verdi.<\/p>\n<p><strong>Sertifikat<\/strong><br \/>\nAlt OrganoWoods trevirke er FSC<sup>\u00ae<\/sup> (FSC-C120532)- eller PEFC<sup>\u00ae<\/sup> (PEFC\/05-35-168) sertifisert.<\/p>\n","protected":false},"excerpt":{"rendered":"<p>Holdbarhet 2013 ble det innledet RISE (SP) og Malm\u00f8 kommune en uavhengig studie av forskjellige typer terrassematerialer og overflatebehandlinger. Hensikten var \u00e5 sammenligne ytelsen ved \u00e5 studere blant annet angrep fra mikroorganismer, sprekkdannelse og deformasjoner i materialene. Testen viser god holdbarhet i utsatte milj\u00f8er. R\u00e5temotstand OrganoWood\u00aes trevirke har en veldokumentert r\u00e5temotstand, testet iht. SS-EN 113. &hellip; <a href=\"https:\/\/organowood.com\/no\/tester-og-sertifikater\/\">Continued<\/a><\/p>\n","protected":false},"author":4,"featured_media":0,"parent":0,"menu_order":0,"comment_status":"closed","ping_status":"closed","template":"","meta":{"_acf_changed":false,"footnotes":""},"class_list":["post-1441","page","type-page","status-publish","hentry"],"acf":[],"_links":{"self":[{"href":"https:\/\/organowood.com\/no\/wp-json\/wp\/v2\/pages\/1441","targetHints":{"allow":["GET"]}}],"collection":[{"href":"https:\/\/organowood.com\/no\/wp-json\/wp\/v2\/pages"}],"about":[{"href":"https:\/\/organowood.com\/no\/wp-json\/wp\/v2\/types\/page"}],"author":[{"embeddable":true,"href":"https:\/\/organowood.com\/no\/wp-json\/wp\/v2\/users\/4"}],"replies":[{"embeddable":true,"href":"https:\/\/organowood.com\/no\/wp-json\/wp\/v2\/comments?post=1441"}],"version-history":[{"count":7,"href":"https:\/\/organowood.com\/no\/wp-json\/wp\/v2\/pages\/1441\/revisions"}],"predecessor-version":[{"id":19831,"href":"https:\/\/organowood.com\/no\/wp-json\/wp\/v2\/pages\/1441\/revisions\/19831"}],"wp:attachment":[{"href":"https:\/\/organowood.com\/no\/wp-json\/wp\/v2\/media?parent=1441"}],"curies":[{"name":"wp","href":"https:\/\/api.w.org\/{rel}","templated":true}]}}