{"id":1438,"date":"2018-05-04T09:25:20","date_gmt":"2018-05-04T09:25:20","guid":{"rendered":"https:\/\/organowood.emilaspman.se\/?page_id=1438"},"modified":"2018-10-31T15:12:50","modified_gmt":"2018-10-31T15:12:50","slug":"teknologi","status":"publish","type":"page","link":"https:\/\/organowood.com\/no\/teknologi\/","title":{"rendered":"Teknologi"},"content":{"rendered":"<h4>Oppdag OrganoWood\u00aes unike teknologi<\/h4>\n<p>Prosessen er utviklet med inspirasjon fra den naturlige fossiliseringsprosessen der mineraler trenger inn og mineraliserer det organiske materialet.\u00a0Under impregneringen kobles silisiumemnene til trefibrene og skaper en fysisk barriere mot r\u00e5tesoppen. OrganoWood\u00ae er en patentert svensk innovasjon som utvikles og produseres i Sverige.<\/p>\n<p>OrganoWoods teknologi er basert p\u00e5 vitenskapelige gjennombrudd innenfor modifisering av biofibrer. Teknologien gj\u00f8r at silisium bindes til trefibrene under h\u00f8yt trykk. V\u00e6sken trenger inn i yteveden for \u00e5 skape optimal beskyttelse. Den patenterte modifiseringen gir et milj\u00f8merket trevirke og skaper et milj\u00f8 der r\u00e5tesoppen ikke trives.\u00a0Plussbehandlet OrganoWood\u00ae-modifisert trevirke virker smuss- og vannavvisende, gir en h\u00f8yere formstabilitet, redusert risiko for p\u00e5vekst samt en overflate som det blir lettere \u00e5 gj\u00f8re ren.<\/p>\n<p>.<img loading=\"lazy\" decoding=\"async\" class=\"alignnone wp-image-354\" src=\"https:\/\/organowood.emilaspman.se\/wp-content\/uploads\/2018\/03\/organowood_all_02-300x240.png\" alt=\"\" width=\"483\" height=\"387\" srcset=\"https:\/\/organowood.com\/wp-content\/uploads\/2018\/03\/organowood_all_02-300x240.png 300w, https:\/\/organowood.com\/wp-content\/uploads\/2018\/03\/organowood_all_02-745x598.png 745w, https:\/\/organowood.com\/wp-content\/uploads\/2018\/03\/organowood_all_02.png 746w\" sizes=\"auto, (max-width: 483px) 100vw, 483px\" \/><\/p>\n","protected":false},"excerpt":{"rendered":"<p>Oppdag OrganoWood\u00aes unike teknologi Prosessen er utviklet med inspirasjon fra den naturlige fossiliseringsprosessen der mineraler trenger inn og mineraliserer det organiske materialet.\u00a0Under impregneringen kobles silisiumemnene til trefibrene og skaper en fysisk barriere mot r\u00e5tesoppen. OrganoWood\u00ae er en patentert svensk innovasjon som utvikles og produseres i Sverige. OrganoWoods teknologi er basert p\u00e5 vitenskapelige gjennombrudd innenfor modifisering &hellip; <a href=\"https:\/\/organowood.com\/no\/teknologi\/\">Continued<\/a><\/p>\n","protected":false},"author":4,"featured_media":2076,"parent":0,"menu_order":0,"comment_status":"closed","ping_status":"closed","template":"","meta":{"_acf_changed":false,"footnotes":""},"class_list":["post-1438","page","type-page","status-publish","has-post-thumbnail","hentry"],"acf":[],"_links":{"self":[{"href":"https:\/\/organowood.com\/no\/wp-json\/wp\/v2\/pages\/1438","targetHints":{"allow":["GET"]}}],"collection":[{"href":"https:\/\/organowood.com\/no\/wp-json\/wp\/v2\/pages"}],"about":[{"href":"https:\/\/organowood.com\/no\/wp-json\/wp\/v2\/types\/page"}],"author":[{"embeddable":true,"href":"https:\/\/organowood.com\/no\/wp-json\/wp\/v2\/users\/4"}],"replies":[{"embeddable":true,"href":"https:\/\/organowood.com\/no\/wp-json\/wp\/v2\/comments?post=1438"}],"version-history":[{"count":5,"href":"https:\/\/organowood.com\/no\/wp-json\/wp\/v2\/pages\/1438\/revisions"}],"predecessor-version":[{"id":2353,"href":"https:\/\/organowood.com\/no\/wp-json\/wp\/v2\/pages\/1438\/revisions\/2353"}],"wp:featuredmedia":[{"embeddable":true,"href":"https:\/\/organowood.com\/no\/wp-json\/wp\/v2\/media\/2076"}],"wp:attachment":[{"href":"https:\/\/organowood.com\/no\/wp-json\/wp\/v2\/media?parent=1438"}],"curies":[{"name":"wp","href":"https:\/\/api.w.org\/{rel}","templated":true}]}}