{"id":1436,"date":"2018-05-04T09:20:16","date_gmt":"2018-05-04T09:20:16","guid":{"rendered":"https:\/\/organowood.emilaspman.se\/?page_id=1436"},"modified":"2025-10-08T12:35:48","modified_gmt":"2025-10-08T12:35:48","slug":"sporsmal-og-svar","status":"publish","type":"page","link":"https:\/\/organowood.com\/no\/sporsmal-og-svar\/","title":{"rendered":"Sp\u00f8rsm\u00e5l og svar"},"content":{"rendered":"<h4>Sp\u00f8rsm\u00e5l om OrganoWood\u00ae-modifisert terrassevirke<\/h4>\n<ol>\n<li><strong>Hvordan fungerer OrganoWood\u00ae-teknologien?<\/strong><br \/>\nSvar: OrganoWood Nowa kan se ut som et vanlig stykke tre, men det er modifisert gjennom kryssbinding av trefibrene, noe som gir materialet h\u00f8y motstand mot r\u00e5te. Den vannbaserte mineralblandingen presses inn i treet. N\u00e5r vannet fordamper, binder molekylene seg sterkt til trefibrene. Dermed beholdes egenskapene under langvarig bruk i fuktige milj\u00f8er.<\/li>\n<li><strong>Hva er fordelene med OrganoWood\u00ae-modifisert virke?<\/strong><br \/>\nSvar: I tradisjonelt trykkimpregnert trevirke benyttes biocider og tungmetaller for \u00e5 drepe r\u00e5tesoppen og organismene som bryter ned veden. Disse stoffene er imidlertid helseskadelige og farlige for milj\u00f8et. OrganoWood\u00ae-teknologien bruker ingen stoffer som klassifiseres som milj\u00f8farlige eller helseskadelige, men kun naturlige mineraler og fruktstoffer. Produktene er milj\u00f8merket og har f\u00e5tt h\u00f8yeste milj\u00f8klasse av b\u00e5de SundaHus og Byggvarubed\u00f6mningen i Sverige. Dessuten blir trevirket s\u00f8lvgr\u00e5tt med tiden og har betydelig mindre flis enn lerk.<\/li>\n<li><strong>Hvilke tester har OrganoWood\u00ae-modifisert virke gjennomg\u00e5tt?<\/strong><br \/>\nSvar: Trevirket er testet av Sveriges tekniska forskningsinstitut (SP) i r\u00e5temotstandstesten EN 113, og har ut fra dette f\u00e5tt holdbarhetsklasse 1 iht. EN 350-1 mot brunr\u00e5te. V\u00e6rbestandigheten er testet iht. fordampningsprosedyren i EN 84.<\/li>\n<li><strong>Hvilken r\u00e5vare benyttes i OrganoWood\u00ae-modifisert terrassevirke?<\/strong><br \/>\nSvar: OrganoWood\u00ae-modifisert terrassevirke blir produsert av svensk furu av h\u00f8y kvalitet.<\/li>\n<li><strong>Hvordan skal terrassevirket vedlikeholdes?<\/strong><br \/>\nSvar: For OrganoWood\u00ae-modifisert terrassevirke standard anbefales overflatebehandling med OrganoWood\u00ae Smuss- og vannbeskyttelse med det samme det er lagt. Deretter kan denne behandlingen gjentas med ca. 2\u20133 \u00e5rs mellomrom. Og innimellom vaskes terrassebordene hvert \u00e5r etter behov. Hvis terrassevirket ikke blir vedlikeholdt, risikerer man at det t\u00f8rker ut, fremfor alt dersom det befinner seg i ekstremt solrike milj\u00f8er. Problemer som kan oppst\u00e5, er \u00f8kt sprekkdannelse og <u><a href=\"https:\/\/www.traguiden.se\/om-tra\/materialet-tra\/traets-egenskaper-och-kvalitet\/bestandighet1\/ljusets-nedbrytning-av-tra\/\">fliskritting<\/a><\/u>\u00a0(\u201cfiberlo\u201d). For OrganoWood\u00ae-modifisert terrassevirke Select Plus anbefales ingen ekstra overflatebehandling n\u00e5r virket monteres. Derimot anbefales det at trevirket rengj\u00f8res og overflatebehandles med OrganoWood\u00ae Smuss- og vannbeskyttelse med ca. 2\u20133 \u00e5rs mellomrom eller ved behov.<\/li>\n<li><strong>Kan jeg male OrganoWood\u00ae-modifisert virke med maling eller beis?<\/strong><br \/>\nSvar: Det modifiserte virket mineraliseres og blir dermed betydelig hardere og tettere enn vanlig trevirke. Derfor vil ikke dekkende farger trenge inn i treet p\u00e5 samme m\u00e5te som i et vanlig trevirke. Dermed blir det d\u00e5rligere binding mellom malingen og trefibrene.\u00a0OrganoWood\u00ae-modifisert virke skal derfor ikke overmales med konvensjonelle malingsprodukter.\u00a0Vi jobber i dag med \u00e5 utvikle et milj\u00f8merket malingssystem som er spesialtilpasset for OrganoWood\u00ae-modifisert bordkledning.<\/li>\n<li><strong>Hvordan eldes OrganoWood\u00ae-modifisert virke?<\/strong><br \/>\nSvar: Trevirket eldes som vanlig tre, og blir s\u00f8lvgr\u00e5tt med tiden. Hvor raskt trevirket gr\u00e5ner, avhenger imidlertid i stor grad av hvor det plasseres, hvilken himmelretning det ligger i og hvor utsatt det er for v\u00e6r og vind. Generelt gr\u00e5ner yteveden raskere enn kjerneveden, fordi yteveden suger vann og dermed blir betydelig fuktigere enn kjerneveden. For \u00e5 f\u00e5 en jevnere gr\u00e5ning og redusere risikoen for fliskritting, anbefales behandling med OrganoWood\u00ae Smuss- og vannbeskyttelse som reduserer fuktopptaket i yteveden og dermed gj\u00f8r yteveden og kjerneveden mer lik hverandre. Denne effekten f\u00e5s ogs\u00e5 p\u00e5 OrganoWood\u00ae-modifisert terrassevirke Select Plus som er impregnert med OrganoWood\u00ae Smuss- og vannbeskyttelse Se\u00a0<u><a href=\"https:\/\/organowood.com\/no\/naturfarget-treverk\/\">bildefremvisningen<\/a><\/u> for \u00e5 f\u00f8lge aldringsprosessen til OrganoWood\u00ae-modifisert terrassevirke.<\/li>\n<li><strong>Trevirket loer trefibrer, hva skjer?<\/strong><br \/>\nSvar: Det handler om et fenomen som kan oppst\u00e5 p\u00e5 eldre trevirke, s\u00e5kalt fliskritting (\u201cfiberlo\u201d), der fibrer l\u00f8sner fra trevirkets overflate. Fenomenet oppst\u00e5r n\u00e5r ligninet som binder sammen fibrene i virket, brytes ned av UV-str\u00e5lingen fra sola. Det er mer utbredt i omr\u00e5der som er utsatt for kraftig sollys. Dette \u00f8delegger ikke trevirkets beskyttelse mot r\u00e5te, siden det bare er de ytre fibrene som slipper taket. Men det ser ikke pent ut.\u00a0Les mer om fliskritting i\u00a0<u><a href=\"https:\/\/www.traguiden.se\/\">Svenskt tr\u00e4 tr\u00e4guiden<\/a><\/u>. Du fjerner enkelt fiberlo med en grov b\u00f8rste. B\u00f8rst de rammede omr\u00e5dene n\u00e5r trevirket er t\u00f8rt, og overskuddet kommer til \u00e5 l\u00f8sne.<\/li>\n<\/ol>\n<h4>Sp\u00f8rsm\u00e5l om OrganoWoods trebeskyttelse<\/h4>\n<ol>\n<li><strong>Hvilke treslag fungerer OrganoWoods trebeskyttelsessystem p\u00e5?<\/strong><br \/>\nSvar: Bruk OrganoWoods trebeskyttelsessystem (OrganoWood\u00ae Flamme- og r\u00e5tebeskyttelse og OrganoWood\u00ae Smuss- og vannbeskyttelse) p\u00e5 virke som trenger en sterkere utvendig beskyttelse, som for eksempel furu, gran, lerk og trykkimpregnert virke. Trebeskyttelsen fungerer p\u00e5 nesten alle treslag, med et par unntak. Eksempler p\u00e5 bruksomr\u00e5der er trekonstruksjoner som st\u00e5r i moderat utsatte milj\u00f8er, som stakittplank, kledninger, balkonger av trykkimpregnert virke eller fuktige innend\u00f8rsmilj\u00f8er. Kontakt v\u00e5re eksperter og distribut\u00f8rer <u><a href=\"http:\/\/www.alanor.no\">Alanor AS<\/a><\/u> for en komplett oversikt over treslag som kan behandles.<\/li>\n<li><strong>Kan jeg bruke OrganoWood\u00ae Smuss- og vannbeskyttelse som en terrasseolje?<\/strong><br \/>\nSvar: OrganoWood\u00ae Smuss- og vannbeskyttelse fungerer som en sv\u00e6rt effektiv terrasseolje. Kan brukes p\u00e5 trykkimpregnert tre for \u00e5 oppn\u00e5 h\u00f8yeffektive vannavvisende egenskaper og redusere risikoen for mugg og overflatep\u00e5vekst. Behandlingen fungerer ogs\u00e5 bra p\u00e5 andre treslag som lerk, eik og annet edeltre.<\/li>\n<li><strong>Kan jeg male over OrganoWood\u00ae-behandlet trevirke?<\/strong><br \/>\nSvar: Trevirke som er behandlet med OrganoWoods trebeskyttelsessystem, mineraliseres og danner dermed en tettere, beskyttende struktur p\u00e5 treoverflaten. P\u00e5 grunn av den tettere strukturen trenger ikke konvensjonelle malingsprodukter inn i virket p\u00e5 samme m\u00e5te som i et vanlig trevirke. Dermed blir det d\u00e5rligere binding mellom malingen og trefibrene.\u00a0OrganoWood\u00ae-behandlet virke skal derfor ikke overmales med konvensjonelle malingsprodukter.\u00a0Vi jobber i \u00f8yeblikket med \u00e5 utvikle et milj\u00f8merket malingssystem som er spesialtilpasset for OrganoWood\u00ae-behandlet virke.<\/li>\n<li><strong>Hvor lenge holder overflatebehandlingen av ubehandlet trevirke?<\/strong><br \/>\nSvar: Hvis ubehandlet trevirke er behandlet i henhold til anbefalingene (ett str\u00f8k OrganoWood\u00ae Flamme- og r\u00e5tebeskyttelse, fulgt av to str\u00f8k OrganoWood\u00ae Smuss- og vannbeskyttelse), varer beskyttelsen i opptil fem \u00e5r. Det er p\u00e5 tide \u00e5 vedlikeholde med OrganoWood 02. igjen n\u00e5r overflaten begynner \u00e5 miste sin superhydrofobe (vannavst\u00f8tende) funksjon. Det er ikke alltid n\u00f8dvendig \u00e5 vedlikeholde hele overflaten. Det kan v\u00e6re nok \u00e5 vedlikeholde deler av gangen med enkeltstr\u00f8k p\u00e5 balkong\/terrasse.<\/li>\n<\/ol>\n","protected":false},"excerpt":{"rendered":"<p>Sp\u00f8rsm\u00e5l om OrganoWood\u00ae-modifisert terrassevirke Hvordan fungerer OrganoWood\u00ae-teknologien? Svar: OrganoWood Nowa kan se ut som et vanlig stykke tre, men det er modifisert gjennom kryssbinding av trefibrene, noe som gir materialet h\u00f8y motstand mot r\u00e5te. Den vannbaserte mineralblandingen presses inn i treet. N\u00e5r vannet fordamper, binder molekylene seg sterkt til trefibrene. Dermed beholdes egenskapene under langvarig &hellip; <a href=\"https:\/\/organowood.com\/no\/sporsmal-og-svar\/\">Continued<\/a><\/p>\n","protected":false},"author":4,"featured_media":0,"parent":0,"menu_order":0,"comment_status":"closed","ping_status":"closed","template":"","meta":{"_acf_changed":false,"footnotes":""},"class_list":["post-1436","page","type-page","status-publish","hentry"],"acf":[],"_links":{"self":[{"href":"https:\/\/organowood.com\/no\/wp-json\/wp\/v2\/pages\/1436","targetHints":{"allow":["GET"]}}],"collection":[{"href":"https:\/\/organowood.com\/no\/wp-json\/wp\/v2\/pages"}],"about":[{"href":"https:\/\/organowood.com\/no\/wp-json\/wp\/v2\/types\/page"}],"author":[{"embeddable":true,"href":"https:\/\/organowood.com\/no\/wp-json\/wp\/v2\/users\/4"}],"replies":[{"embeddable":true,"href":"https:\/\/organowood.com\/no\/wp-json\/wp\/v2\/comments?post=1436"}],"version-history":[{"count":7,"href":"https:\/\/organowood.com\/no\/wp-json\/wp\/v2\/pages\/1436\/revisions"}],"predecessor-version":[{"id":19907,"href":"https:\/\/organowood.com\/no\/wp-json\/wp\/v2\/pages\/1436\/revisions\/19907"}],"wp:attachment":[{"href":"https:\/\/organowood.com\/no\/wp-json\/wp\/v2\/media?parent=1436"}],"curies":[{"name":"wp","href":"https:\/\/api.w.org\/{rel}","templated":true}]}}