{"id":1431,"date":"2018-02-09T16:51:46","date_gmt":"2018-02-09T16:51:46","guid":{"rendered":"https:\/\/organowood.emilaspman.se\/?page_id=1431"},"modified":"2025-12-18T09:11:32","modified_gmt":"2025-12-18T09:11:32","slug":"kontakt","status":"publish","type":"page","link":"https:\/\/organowood.com\/no\/kontakt\/","title":{"rendered":"Kontakt"},"content":{"rendered":"<p><span style=\"color: #6fa289;\"><strong>OrganoWood AB<\/strong><\/span><br>Linjalv\u00e4gen 9-11<br>SE-187 66 T\u00e4by<br>SWEDEN<\/p>\n<p><strong>Kontakt oss gjerne p\u00e5 e e-post eller telefon om du har sp\u00f8rsm\u00e5l om v\u00e5rt modifiserte trevirke.<\/strong><br>Telefon: +46 (0)8 674 00 80<br>E-post:&nbsp;<a href=\"mailto:info@organowood.com\">info@organowood.com<\/a><br>Support: <a href=\"mailto:support@organowood.com\">support@organowood.com<\/a><\/p>\n<p><strong>Norsk distribut\u00f8r trelast:<\/strong><br>InHouse Group AS<br>Phone: +63 99 28 00&nbsp;<br>E-post: <a href=\"mailto:post@ihgroup.no\">post@ihgroup.no<\/a><\/p>\n<p><strong>Har du sp\u00f8rsm\u00e5l om v\u00e5re trebeskyttelsesprodukter, vennligst kontakt v\u00e5r <span lang=\"no\">norske dist<\/span><span lang=\"no\">ribut\u00f8r Alanor<\/span><span lang=\"no\">&nbsp;<\/span>AS<\/strong>.<br><a style=\"color: #4d7763; text-decoration-line: underline;\" href=\"http:\/\/www.alanor.no\/\">www.alanor.no<\/a><br>Phone: +33 36 29 70<\/p>\n<p><strong>Er du forhandler og vil legge inn en ordre<\/strong><br><a href=\"mailto:order@organowood.com\">order@organowood.com<\/a><\/p>\n\n\n<p><\/p>\n","protected":false},"excerpt":{"rendered":"<p>OrganoWood ABLinjalv\u00e4gen 9-11SE-187 66 T\u00e4bySWEDEN Kontakt oss gjerne p\u00e5 e e-post eller telefon om du har sp\u00f8rsm\u00e5l om v\u00e5rt modifiserte trevirke.Telefon: +46 (0)8 674 00 80E-post:&nbsp;info@organowood.comSupport: support@organowood.com Norsk distribut\u00f8r trelast:InHouse Group ASPhone: +63 99 28 00&nbsp;E-post: post@ihgroup.no Har du sp\u00f8rsm\u00e5l om v\u00e5re trebeskyttelsesprodukter, vennligst kontakt v\u00e5r norske distribut\u00f8r Alanor&nbsp;AS.www.alanor.noPhone: +33 36 29 70 Er du &hellip; <a href=\"https:\/\/organowood.com\/no\/kontakt\/\">Continued<\/a><\/p>\n","protected":false},"author":1,"featured_media":0,"parent":0,"menu_order":0,"comment_status":"closed","ping_status":"closed","template":"views\/template-contact.blade.php","meta":{"_acf_changed":false,"footnotes":""},"class_list":["post-1431","page","type-page","status-publish","hentry"],"acf":[],"_links":{"self":[{"href":"https:\/\/organowood.com\/no\/wp-json\/wp\/v2\/pages\/1431","targetHints":{"allow":["GET"]}}],"collection":[{"href":"https:\/\/organowood.com\/no\/wp-json\/wp\/v2\/pages"}],"about":[{"href":"https:\/\/organowood.com\/no\/wp-json\/wp\/v2\/types\/page"}],"author":[{"embeddable":true,"href":"https:\/\/organowood.com\/no\/wp-json\/wp\/v2\/users\/1"}],"replies":[{"embeddable":true,"href":"https:\/\/organowood.com\/no\/wp-json\/wp\/v2\/comments?post=1431"}],"version-history":[{"count":7,"href":"https:\/\/organowood.com\/no\/wp-json\/wp\/v2\/pages\/1431\/revisions"}],"predecessor-version":[{"id":19945,"href":"https:\/\/organowood.com\/no\/wp-json\/wp\/v2\/pages\/1431\/revisions\/19945"}],"wp:attachment":[{"href":"https:\/\/organowood.com\/no\/wp-json\/wp\/v2\/media?parent=1431"}],"curies":[{"name":"wp","href":"https:\/\/api.w.org\/{rel}","templated":true}]}}