{"id":1419,"date":"2018-05-03T13:58:43","date_gmt":"2018-05-03T13:58:43","guid":{"rendered":"https:\/\/organowood.emilaspman.se\/?page_id=1419"},"modified":"2021-04-20T07:22:34","modified_gmt":"2021-04-20T07:22:34","slug":"forhandlere","status":"publish","type":"page","link":"https:\/\/organowood.com\/no\/forhandlere\/","title":{"rendered":"Forhandlere"},"content":{"rendered":"<p><strong>OrganoWood\u00ae-modifisert virke<br \/>\n<\/strong>OrganoWood har et stort forhandlernett over hele landet. Nedenfor finner du din n\u00e6rmeste forhandler av OrganoWood-modifisert trevirke.<\/p>\n<p><a class=\"btn btn-primary\" href=\"https:\/\/www.google.com\/maps\/d\/u\/0\/viewer?mid=13wZrAdLN3UfTGJd_uwWSe5dDtQsL0c8u\" target=\"_blank\" rel=\"noopener noreferrer\">S\u00f8k forhandlere<\/a><\/p>\n<p><iframe loading=\"lazy\" class=\"retailers-map\" src=\"https:\/\/www.google.com\/maps\/d\/embed?mid=1g0AsiH_vW1rEwWZtZF_fl5KJMRiER-7X\" width=\"300\" height=\"150\"><\/iframe><\/p>\n<p><span lang=\"no\"><strong>OrganoWood trebeskyttelsessystem:<\/strong><br \/>\n\u00d8nsker du \u00e5 vedlikeholde eller behandle eksisterende trevirke med v\u00e5re trebeskyttelsesprodukter, ber vi deg kontakte v\u00e5r norske distribut\u00f8r <a href=\"http:\/\/www.alanor.no\/\">Alanor AS<\/a> p\u00e5 telefonnummer +33 36 29 70 eller&nbsp;<\/span>p\u00e5&nbsp;<a href=\"http:\/\/www.alanor.no\/\">www.alanor.no.<\/a><\/p>\n<p>&nbsp;<\/p>\n","protected":false},"excerpt":{"rendered":"<p>OrganoWood\u00ae-modifisert virke OrganoWood har et stort forhandlernett over hele landet. Nedenfor finner du din n\u00e6rmeste forhandler av OrganoWood-modifisert trevirke. S\u00f8k forhandlere OrganoWood trebeskyttelsessystem: \u00d8nsker du \u00e5 vedlikeholde eller behandle eksisterende trevirke med v\u00e5re trebeskyttelsesprodukter, ber vi deg kontakte v\u00e5r norske distribut\u00f8r Alanor AS p\u00e5 telefonnummer +33 36 29 70 eller&nbsp;p\u00e5&nbsp;www.alanor.no. &nbsp;<\/p>\n","protected":false},"author":4,"featured_media":0,"parent":0,"menu_order":0,"comment_status":"closed","ping_status":"closed","template":"","meta":{"_acf_changed":false,"footnotes":""},"class_list":["post-1419","page","type-page","status-publish","hentry"],"acf":[],"_links":{"self":[{"href":"https:\/\/organowood.com\/no\/wp-json\/wp\/v2\/pages\/1419","targetHints":{"allow":["GET"]}}],"collection":[{"href":"https:\/\/organowood.com\/no\/wp-json\/wp\/v2\/pages"}],"about":[{"href":"https:\/\/organowood.com\/no\/wp-json\/wp\/v2\/types\/page"}],"author":[{"embeddable":true,"href":"https:\/\/organowood.com\/no\/wp-json\/wp\/v2\/users\/4"}],"replies":[{"embeddable":true,"href":"https:\/\/organowood.com\/no\/wp-json\/wp\/v2\/comments?post=1419"}],"version-history":[{"count":5,"href":"https:\/\/organowood.com\/no\/wp-json\/wp\/v2\/pages\/1419\/revisions"}],"predecessor-version":[{"id":5461,"href":"https:\/\/organowood.com\/no\/wp-json\/wp\/v2\/pages\/1419\/revisions\/5461"}],"wp:attachment":[{"href":"https:\/\/organowood.com\/no\/wp-json\/wp\/v2\/media?parent=1419"}],"curies":[{"name":"wp","href":"https:\/\/api.w.org\/{rel}","templated":true}]}}