{"id":1410,"date":"2018-05-03T12:33:50","date_gmt":"2018-05-03T12:33:50","guid":{"rendered":"https:\/\/organowood.emilaspman.se\/?page_id=1410"},"modified":"2023-06-19T08:13:25","modified_gmt":"2023-06-19T08:13:25","slug":"trerengjoring","status":"publish","type":"page","link":"https:\/\/organowood.com\/no\/trebeskyttelse\/trerengjoring\/","title":{"rendered":"Trerengj\u00f8ring"},"content":{"rendered":"<p><strong>Et superkonsentrert rengj\u00f8ringsmiddel<\/strong><br \/>\nOrganoWood\u00ae Trerengj\u00f8ring er milj\u00f8merket med den svenske Naturskyddsf\u00f6reningen eget milj\u00f8merke \u201dBra Milj\u00f6val\u201d. Produktene er milj\u00f8sertifisert B av SundaHus. Det er et rengj\u00f8ringmiddel for rengj\u00f8ring av treoverflater utend\u00f8rs. Et superkonsentrat som brukes til rengj\u00f8ring av litt eller sv\u00e6rt skitne overflater.<\/p>\n<p><strong>DOSERING<\/strong><br \/>\nAllrengj\u00f8ring: 1 dl OrganoWood\u00ae Trerengj\u00f8ring blandes i 5 liter lunkent vann.<br \/>\nGrovrengj\u00f8ring: 2 dl OrganoWood\u00ae Trerengj\u00f8ring blandes i 5 liter lunkent vann.<\/p>\n<p>Etter grovrengj\u00f8ring anbefales etterbehandling med OrganoWood\u00ae 02. Trebeskyttelse: Smuss- og vannbeskyttelse som gjenoppretter treoverflatens vannavvisende evne.<\/p>\n<p><strong>Milj\u00f8 og holdbarhet<\/strong><br \/>\nOrganoWood\u00ae Trerengj\u00f8ring er klassifisert med den svenske Naturskyddsf\u00f6reningens milj\u00f8merking \u201cBra Milj\u00f6val\u201d. Produktene er milj\u00f8sertifisert B av SundaHus og anbefales ogs\u00e5 av Byggvarubed\u00f6mningen i Sverige. Samtlige stoffer som finnes i produktene, er klassifisert som ufarlige for milj\u00f8et iht. Kemikalieinspektionen i Sverige. For n\u00e6rmere informasjon om de forskjellige produktenes holdbarhet, p\u00e5f\u00f8ring og tekniske spesifikasjoner, se produktenes <a href=\"https:\/\/organowood.com\/wp-content\/uploads\/2018\/03\/OW_blad03_2017_mindre.pdf\">produktblad.<\/a><\/p>\n","protected":false},"excerpt":{"rendered":"<p>Et superkonsentrert rengj\u00f8ringsmiddel OrganoWood\u00ae Trerengj\u00f8ring er milj\u00f8merket med den svenske Naturskyddsf\u00f6reningen eget milj\u00f8merke \u201dBra Milj\u00f6val\u201d. Produktene er milj\u00f8sertifisert B av SundaHus. Det er et rengj\u00f8ringmiddel for rengj\u00f8ring av treoverflater utend\u00f8rs. Et superkonsentrat som brukes til rengj\u00f8ring av litt eller sv\u00e6rt skitne overflater. DOSERING Allrengj\u00f8ring: 1 dl OrganoWood\u00ae Trerengj\u00f8ring blandes i 5 liter lunkent vann. Grovrengj\u00f8ring: &hellip; <a href=\"https:\/\/organowood.com\/no\/trebeskyttelse\/trerengjoring\/\">Continued<\/a><\/p>\n","protected":false},"author":4,"featured_media":6189,"parent":1397,"menu_order":3,"comment_status":"closed","ping_status":"closed","template":"views\/template-product.blade.php","meta":{"_acf_changed":false,"footnotes":""},"class_list":["post-1410","page","type-page","status-publish","has-post-thumbnail","hentry"],"acf":[],"_links":{"self":[{"href":"https:\/\/organowood.com\/no\/wp-json\/wp\/v2\/pages\/1410","targetHints":{"allow":["GET"]}}],"collection":[{"href":"https:\/\/organowood.com\/no\/wp-json\/wp\/v2\/pages"}],"about":[{"href":"https:\/\/organowood.com\/no\/wp-json\/wp\/v2\/types\/page"}],"author":[{"embeddable":true,"href":"https:\/\/organowood.com\/no\/wp-json\/wp\/v2\/users\/4"}],"replies":[{"embeddable":true,"href":"https:\/\/organowood.com\/no\/wp-json\/wp\/v2\/comments?post=1410"}],"version-history":[{"count":5,"href":"https:\/\/organowood.com\/no\/wp-json\/wp\/v2\/pages\/1410\/revisions"}],"predecessor-version":[{"id":7455,"href":"https:\/\/organowood.com\/no\/wp-json\/wp\/v2\/pages\/1410\/revisions\/7455"}],"up":[{"embeddable":true,"href":"https:\/\/organowood.com\/no\/wp-json\/wp\/v2\/pages\/1397"}],"wp:featuredmedia":[{"embeddable":true,"href":"https:\/\/organowood.com\/no\/wp-json\/wp\/v2\/media\/6189"}],"wp:attachment":[{"href":"https:\/\/organowood.com\/no\/wp-json\/wp\/v2\/media?parent=1410"}],"curies":[{"name":"wp","href":"https:\/\/api.w.org\/{rel}","templated":true}]}}