{"id":1406,"date":"2018-05-03T12:26:31","date_gmt":"2018-05-03T12:26:31","guid":{"rendered":"https:\/\/organowood.emilaspman.se\/?page_id=1406"},"modified":"2023-06-19T08:14:29","modified_gmt":"2023-06-19T08:14:29","slug":"02-overflatebeskyttelse","status":"publish","type":"page","link":"https:\/\/organowood.com\/no\/trebeskyttelse\/02-overflatebeskyttelse\/","title":{"rendered":"02 Overflatebeskyttelse"},"content":{"rendered":"<p><strong>Beskytter mot v\u00e6r og vind og skaper et vakrere trevirke<\/strong><br \/>\nAlt trevirke, b\u00e5de ubehandlet og behandlet, kan misfarges av smuss, vann og overflatep\u00e5vekst. Derfor har vi utviklet OrganoWood\u00ae 02. Trebeskyttelse:&nbsp;Smuss- og vannbeskyttelse. Produktene gir det behandlede trevirket h\u00f8yeffektive, vannavvisende egenskaper som reduserer overflatefuktigheten i trevirket. Beskyttelsen gj\u00f8r ogs\u00e5 at smusspartikler ikke fester seg s\u00e5 lett, og det blir enklere \u00e5 rengj\u00f8re trevirket. Siden det behandlede trevirket blir vannavvisende og mer robust, reduseres ogs\u00e5 faren for sprekkdannelse, og trevirkets dimensjonsstabilitet \u00f8ker.<\/p>\n<p><strong>Bruksomr\u00e5der<\/strong><br \/>\nOrganoWood\u00ae 02. Trebeskyttelse: Smuss- og vannbeskyttelse benyttes med fordel p\u00e5 OrganoWood eller p\u00e5 annet trevirke som har blitt overflatebehandlet med OrganoWood\u00ae 01. Trebeskyttelse: Flamme- og r\u00e5tebeskyttelse Produktene kan ogs\u00e5 benyttes som h\u00f8yeffektiv treolje til vanlig trykkimpregnert trevirke, stakitt eller stolper. OrganoWood\u00ae 02. Trebeskyttelse fungerer utmerket p\u00e5 bartr\u00e6r som gran, furu og lerk, men ogs\u00e5 p\u00e5 l\u00f8vtr\u00e6r som bj\u00f8rk, eik, ask eller b\u00f8k.<\/p>\n<p><strong>Farge<\/strong><br \/>\nOrganoWood\u00ae 02. Trebeskyttelse: Smuss- og vannbeskyttelse er en vannbasert emulsjon med et hvitt, melkeaktig utseende som ikke farger trevirket ved behandling. Med tiden f\u00e5r det trevirket til \u00e5 eldes og gr\u00e5ne naturlig, til det f\u00e5r en vakker, s\u00f8lvgr\u00e5 nyanse.&nbsp;N\u00e5r OrganoWood\u00ae 02. Trebeskyttelse: Smuss- og vannbeskyttelse kombineres med OrganoWood\u00ae 01. Trebeskyttelse: Flamme- og r\u00e5tebeskyttelse vil imidlertid trevirket blekne og f\u00e5 en lys og fin nyanse i l\u00f8pet av noen uker. Dette gjelder s\u00e6rlig eldre trykkimpregnert tre som har blitt m\u00f8rkere med \u00e5rene.<\/p>\n<p><strong>Milj\u00f8 og holdbarhet<\/strong><br \/>\nOrganoWood\u00ae 02. Trebeskyttelse: Smuss- og vannbeskyttelse inneholder ingen stoffer som er klassifisert som milj\u00f8farlige. Produktene er milj\u00f8sertifisert (B) av SundaHus. Samtlige stoffer som finnes i produktene, er klassifisert som ufarlige for milj\u00f8et iht. Kemikalieinspektionen i Sverige.&nbsp;For n\u00e6rmere informasjon om de forskjellige produktenes holdbarhet, p\u00e5f\u00f8ring og tekniske spesifikasjoner, se produktenes produktblad.<\/p>\n<p>Har du sp\u00f8rsm\u00e5l om OrganoWood\u00ae 02. Trebeskyttelse, kontakta v\u00e5r distribut\u00f8r <a href=\"https:\/\/alanor.no\/\" target=\"_blank\" rel=\"noopener noreferrer\">Alanor AS.<\/a><\/p>\n","protected":false},"excerpt":{"rendered":"<p>Beskytter mot v\u00e6r og vind og skaper et vakrere trevirke Alt trevirke, b\u00e5de ubehandlet og behandlet, kan misfarges av smuss, vann og overflatep\u00e5vekst. Derfor har vi utviklet OrganoWood\u00ae 02. Trebeskyttelse:&nbsp;Smuss- og vannbeskyttelse. Produktene gir det behandlede trevirket h\u00f8yeffektive, vannavvisende egenskaper som reduserer overflatefuktigheten i trevirket. Beskyttelsen gj\u00f8r ogs\u00e5 at smusspartikler ikke fester seg s\u00e5 lett, &hellip; <a href=\"https:\/\/organowood.com\/no\/trebeskyttelse\/02-overflatebeskyttelse\/\">Continued<\/a><\/p>\n","protected":false},"author":4,"featured_media":6348,"parent":1397,"menu_order":2,"comment_status":"closed","ping_status":"closed","template":"views\/template-product.blade.php","meta":{"_acf_changed":false,"footnotes":""},"class_list":["post-1406","page","type-page","status-publish","has-post-thumbnail","hentry"],"acf":[],"_links":{"self":[{"href":"https:\/\/organowood.com\/no\/wp-json\/wp\/v2\/pages\/1406","targetHints":{"allow":["GET"]}}],"collection":[{"href":"https:\/\/organowood.com\/no\/wp-json\/wp\/v2\/pages"}],"about":[{"href":"https:\/\/organowood.com\/no\/wp-json\/wp\/v2\/types\/page"}],"author":[{"embeddable":true,"href":"https:\/\/organowood.com\/no\/wp-json\/wp\/v2\/users\/4"}],"replies":[{"embeddable":true,"href":"https:\/\/organowood.com\/no\/wp-json\/wp\/v2\/comments?post=1406"}],"version-history":[{"count":5,"href":"https:\/\/organowood.com\/no\/wp-json\/wp\/v2\/pages\/1406\/revisions"}],"predecessor-version":[{"id":7456,"href":"https:\/\/organowood.com\/no\/wp-json\/wp\/v2\/pages\/1406\/revisions\/7456"}],"up":[{"embeddable":true,"href":"https:\/\/organowood.com\/no\/wp-json\/wp\/v2\/pages\/1397"}],"wp:featuredmedia":[{"embeddable":true,"href":"https:\/\/organowood.com\/no\/wp-json\/wp\/v2\/media\/6348"}],"wp:attachment":[{"href":"https:\/\/organowood.com\/no\/wp-json\/wp\/v2\/media?parent=1406"}],"curies":[{"name":"wp","href":"https:\/\/api.w.org\/{rel}","templated":true}]}}