{"id":1402,"date":"2018-05-03T12:18:52","date_gmt":"2018-05-03T12:18:52","guid":{"rendered":"https:\/\/organowood.emilaspman.se\/?page_id=1402"},"modified":"2023-06-19T08:15:26","modified_gmt":"2023-06-19T08:15:26","slug":"01-trebeskyttelse","status":"publish","type":"page","link":"https:\/\/organowood.com\/no\/trebeskyttelse\/01-trebeskyttelse\/","title":{"rendered":"01 Trebeskyttelse"},"content":{"rendered":"<p><strong>01 Trebeskyttelse &#8211; Gir s\u00f8lvgr\u00e5tt og holdbart tre<\/strong><br \/>\nOrganoWood\u00ae 01. Trebeskyttelse er et vannbasert trebeskyttelsesprodukt som best\u00e5r av silisium og naturlige vekststoffer. Produktene kan brukes til overflatebehandling av alt ubehandlet\/trykkimpregnert trevirke med noen f\u00e5 unntak.&nbsp;Det behandlede trevirket beskyttes mot r\u00e5teangrep og f\u00e5r flammehemmende egenskaper.<\/p>\n<p><strong>Bruksomr\u00e5der<\/strong><br \/>\nOrganoWood\u00ae 01. Trebeskyttelse: Flamme- og r\u00e5tebeskyttelse kan p\u00e5f\u00f8res p\u00e5 alt ubehandlet trevirke med noen f\u00e5 unntak. Beskyttelsen fungerer ogs\u00e5 utmerket p\u00e5 tradisjonelt trykkimpregnert trevirke, der det oppst\u00e5r en blekende effekt og en hardere og glattere overflate. 01. Trebeskyttelse skal brukes ved kappsnitt, hulltaking og annen mindre bearbeiding ved montering av OrganoWood\u00ae eller p\u00e5 andra treslag\/behandlinger av tre til utend\u00f8rs bruk. Brukes produktene p\u00e5 trykkimpregnerte treplatting, stakitt, panel eller andre omr\u00e5der utend\u00f8rs, b\u00f8r ogs\u00e5 OrganoWood\u00ae 02. Trebeskyttelse: Smuss- og vannbeskyttelse brukes som en ekstra beskyttelse for \u00e5 forlenge trebeskyttelsens holdbarhet. Har du flere sp\u00f8rsm\u00e5l om bruksomr\u00e5dene, ber vi deg kontakte v\u00e5re eksperter og distribut\u00f8rer <a href=\"https:\/\/alanor.no\/\" target=\"_blank\" rel=\"noopener noreferrer\">Alanor AS.<\/a><\/p>\n<p><strong>Farge<\/strong><br \/>\nOrganoWood\u00ae 01. Trebeskyttelse: Flamme- og r\u00e5tebeskyttelse er en ufarget v\u00e6ske. Ved behandling av furu eller gran, forandres fargen bare marginalt.<\/p>\n<p><strong>Milj\u00f8 og holdbarhet<\/strong><br \/>\nOrganoWood\u00ae 01. Trebeskyttelse: Flamme- og r\u00e5tebeskyttelse er klassifisert med den svenske Naturskyddsf\u00f6reningens milj\u00f8merking \u201cBra Milj\u00f6val\u201d. Produktene inneholder kun stoffer som kan f\u00f8res tilbake til det naturlige kretsl\u00f8pet. Produktene er milj\u00f8sertifisert B av SundaHus og anbefales ogs\u00e5 av Byggvarubed\u00f6mningen i Sverige. Samtlige stoffer som finnes i produktene, er klassifisert som ufarlige for milj\u00f8et iht. Kemikalieinspektionen i Sverige. For n\u00e6rmere informasjon om de forskjellige produktenes holdbarhet, p\u00e5f\u00f8ring og tekniske spesifikasjoner, se produktenes produktblad.<\/p>\n<p>Har du sp\u00f8rsm\u00e5l om OrganoWood\u00ae 01. Trebeskyttelse, kontakta v\u00e5r distribut\u00f8r&nbsp;<a href=\"https:\/\/alanor.no\/\" target=\"_blank\" rel=\"noopener noreferrer\">Alanor AS.<\/a><\/p>\n","protected":false},"excerpt":{"rendered":"<p>01 Trebeskyttelse &#8211; Gir s\u00f8lvgr\u00e5tt og holdbart tre OrganoWood\u00ae 01. Trebeskyttelse er et vannbasert trebeskyttelsesprodukt som best\u00e5r av silisium og naturlige vekststoffer. Produktene kan brukes til overflatebehandling av alt ubehandlet\/trykkimpregnert trevirke med noen f\u00e5 unntak.&nbsp;Det behandlede trevirket beskyttes mot r\u00e5teangrep og f\u00e5r flammehemmende egenskaper. Bruksomr\u00e5der OrganoWood\u00ae 01. Trebeskyttelse: Flamme- og r\u00e5tebeskyttelse kan p\u00e5f\u00f8res p\u00e5 alt &hellip; <a href=\"https:\/\/organowood.com\/no\/trebeskyttelse\/01-trebeskyttelse\/\">Continued<\/a><\/p>\n","protected":false},"author":4,"featured_media":6341,"parent":1397,"menu_order":1,"comment_status":"closed","ping_status":"closed","template":"views\/template-product.blade.php","meta":{"_acf_changed":false,"footnotes":""},"class_list":["post-1402","page","type-page","status-publish","has-post-thumbnail","hentry"],"acf":[],"_links":{"self":[{"href":"https:\/\/organowood.com\/no\/wp-json\/wp\/v2\/pages\/1402","targetHints":{"allow":["GET"]}}],"collection":[{"href":"https:\/\/organowood.com\/no\/wp-json\/wp\/v2\/pages"}],"about":[{"href":"https:\/\/organowood.com\/no\/wp-json\/wp\/v2\/types\/page"}],"author":[{"embeddable":true,"href":"https:\/\/organowood.com\/no\/wp-json\/wp\/v2\/users\/4"}],"replies":[{"embeddable":true,"href":"https:\/\/organowood.com\/no\/wp-json\/wp\/v2\/comments?post=1402"}],"version-history":[{"count":5,"href":"https:\/\/organowood.com\/no\/wp-json\/wp\/v2\/pages\/1402\/revisions"}],"predecessor-version":[{"id":7459,"href":"https:\/\/organowood.com\/no\/wp-json\/wp\/v2\/pages\/1402\/revisions\/7459"}],"up":[{"embeddable":true,"href":"https:\/\/organowood.com\/no\/wp-json\/wp\/v2\/pages\/1397"}],"wp:featuredmedia":[{"embeddable":true,"href":"https:\/\/organowood.com\/no\/wp-json\/wp\/v2\/media\/6341"}],"wp:attachment":[{"href":"https:\/\/organowood.com\/no\/wp-json\/wp\/v2\/media?parent=1402"}],"curies":[{"name":"wp","href":"https:\/\/api.w.org\/{rel}","templated":true}]}}