{"id":1397,"date":"2018-05-03T12:12:54","date_gmt":"2018-05-03T12:12:54","guid":{"rendered":"https:\/\/organowood.emilaspman.se\/?page_id=1397"},"modified":"2023-06-19T08:18:53","modified_gmt":"2023-06-19T08:18:53","slug":"trebeskyttelse","status":"publish","type":"page","link":"https:\/\/organowood.com\/no\/trebeskyttelse\/","title":{"rendered":"Overflatebehandling"},"content":{"rendered":"\n<p><strong><strong>Med inspirasjon fra naturens egen kjemi har OrganoWood utviklet et svensk, patentert, milj\u00f8merket trebeskyttelsessystem for overflatebehandling av tre, slik som trykkimpregnert virke for terrassebord, bryggebord, eller ubehandlet kledning m.m. OrganoWood<sup>\u00ae<\/sup> trebeskyttelsessystem best\u00e5r av tre produkter. Disse skaper sammen et holdbart og komplett trebeskyttelsessystem som gir \u00f8kt flamme- og r\u00e5tebeskyttelse. OrganoWood<sup>\u00ae<\/sup> trebeskyttelse er basert p\u00e5 naturlige silisiummineraler som verken er skadelige for deg eller milj\u00f8et, og som er et effektivt alternativ til tradisjonelle treoljer og terrasseoljer eller ikke-milj\u00f8vennlige trebeskyttelsesmidler. Produktene er enkle \u00e5 p\u00e5f\u00f8re og gir trevirket en vakker s\u00f8lvgr\u00e5 overflate over tid.<\/strong><\/strong><\/p>\n\n\n\n<p><strong><strong>Fordeler med OrganoWood<sup>\u00ae<\/sup> trebeskyttelsessystem:<\/strong><\/strong><\/p>\n\n\n\n<ul class=\"wp-block-list\"><li>Effektiv trebeskyttelse<\/li><li>Gir en vakker s\u00f8lvgr\u00e5 overflate<\/li><li>Vann- og skittavvisende<\/li><li>Reduserer behovet for fremtidig vedlikehold<\/li><\/ul>\n\n\n\n<div style=\"height:20px\" aria-hidden=\"true\" class=\"wp-block-spacer\"><\/div>\n\n\n\n<div class=\"wp-block-columns is-layout-flex wp-container-core-columns-is-layout-9d6595d7 wp-block-columns-is-layout-flex\">\n<div class=\"wp-block-column is-layout-flow wp-block-column-is-layout-flow\">\n<figure class=\"wp-block-image size-large\"><img decoding=\"async\" src=\"https:\/\/organowood.com\/wp-content\/uploads\/2021\/04\/1-1.jpg\" alt=\"\" class=\"wp-image-5481\"\/><\/figure>\n<\/div>\n\n\n\n<div class=\"wp-block-column is-layout-flow wp-block-column-is-layout-flow\">\n<figure class=\"wp-block-image size-large\"><img decoding=\"async\" src=\"https:\/\/organowood.com\/wp-content\/uploads\/2021\/04\/3-1.jpg\" alt=\"\" class=\"wp-image-5480\"\/><\/figure>\n<\/div>\n\n\n\n<div class=\"wp-block-column is-layout-flow wp-block-column-is-layout-flow\">\n<figure class=\"wp-block-image size-large\"><img decoding=\"async\" src=\"https:\/\/organowood.com\/wp-content\/uploads\/2021\/04\/28_.png\" alt=\"\" class=\"wp-image-5478\"\/><\/figure>\n<\/div>\n<\/div>\n\n\n\n<p><strong><strong>Teknologien<\/strong><\/strong><br>Den unike milj\u00f8vennlige teknologien til OrganoWood<sup>\u00ae<\/sup> imiterer naturens egne smarte l\u00f8sninger. Teknologien er utviklet med inspirasjon fra hvordan ulike planter beskytter seg mot r\u00e5teangrep og brann med silisiummineraler. I v\u00e5r teknologi bindes silisiumstoffene til fibrene i trevirket gjennom den patenterte OrganoClick<sup>\u00ae<\/sup>-teknologien, noe som skaper en fysisk barriere mot r\u00e5teangrep i stedet for \u00e5 fungere som et soppdrepende middel. Silisiummineralene er dessuten ubrennbare, noe som gir \u00f8kt flammebeskyttelse.<\/p>\n\n\n\n<p><strong><strong>Virke som kan behandles<\/strong><\/strong><br>Overflatebehandlingene fra OrganoWood<sup>\u00ae<\/sup> kan brukes p\u00e5 de fleste trevirketyper, for eksempel tradisjonelt trykkimpregnert tre, sedertre, lerk, kjernefuru, ubehandlet gran eller modifisert virke som ThermoWood. Produktene kan ogs\u00e5 brukes p\u00e5 virke som tidligere er behandlet med olje, lakk eller lasyr s\u00e5 lenge man fjerner den forrige behandlingen, for eksempel ved \u00e5 slipe den av.<\/p>\n\n\n\n<p><strong><strong>Fordelene for deg og naturen<\/strong><\/strong><br>Ved bruk av OrganoWood<sup>\u00ae<\/sup> trebeskyttelsessystem utend\u00f8rs f\u00e5r trevirket effektiv beskyttelse. Overflaten blir vann- og skittavvisende og lettere \u00e5 holde ren, og den vil ikke s\u00e5 lett sprekke og flise seg. Treet eldes naturlig og f\u00e5r en vakker s\u00f8lvgr\u00e5 nyanse over tid. Ett str\u00f8k er nok. OrganoWood<sup>\u00ae<\/sup> trebeskyttelsessystem er snilt mot milj\u00f8et og inneholder kun stoffer som kan f\u00f8res tilbake til det naturlige kretsl\u00f8pet.<\/p>\n\n\n\n<p><em><strong>Systemet best\u00e5r av<\/strong><\/em><br><strong>OrganoWood<sup>\u00ae<\/sup> 01. Trebeskyttelse<\/strong>. Grunnbehandling for tre som gir forbedret beskyttelse mot r\u00e5teangrep og som gir den s\u00f8lvgr\u00e5 fargen. OrganoWood<sup>\u00ae<\/sup> 01. Trebeskyttelse er vannbasert og best\u00e5r av silisiummineraler og naturlige plantestoffer. <a href=\"https:\/\/organowood.com\/no\/trebeskyttelse\/01-trebeskyttelse\/\">Les mer<\/a> <\/p>\n\n\n\n<p><strong>OrganoWood<sup>\u00ae<\/sup> 02. Trebeskyttelse<\/strong>. Overflatebehandling som gir treet vann- og skittavvisende egenskaper, samt redusert risiko for begroing. <a href=\"https:\/\/organowood.com\/no\/trebeskyttelse\/02-trebeskyttelse\/\">Les mer<\/a> <\/p>\n\n\n\n<p><strong>OrganoWood<sup>\u00ae<\/sup> 03. Trerengj\u00f8ring.<\/strong> Effektivt rengj\u00f8ringsmiddel som brukes f\u00f8r behandling med OrganoWood<sup>\u00ae<\/sup> 01. Brukes ogs\u00e5 ved vedlikeholdsvask av tidligere OrganoWood<sup>\u00ae<\/sup>-behandlet virke, eller til generell rengj\u00f8ring av terrassebord og treflater utend\u00f8rs. <a href=\"https:\/\/organowood.com\/no\/trebeskyttelse\/03-trerengjoring\/\">Les mer<\/a> <\/p>\n\n\n\n<p>Hvis du \u00f8nsker mer informasjon om OrganoWood, kan du ta kontakt med v\u00e5r distribut\u00f8r <a href=\"http:\/\/www.alanor.no\/\">Alanor AS<\/a>. Takk for at du er med og bidrar til en b\u00e6rekraftig fremtid.<\/p>\n\n\n\n<p><\/p>\n\n\n\n<p><a href=\"https:\/\/youtu.be\/r9Uk47pH-98\">OrganoWood instruksjonskurs<\/a><\/p>\n\n\n\n<figure class=\"wp-block-video aligncenter\"><video height=\"1080\" style=\"aspect-ratio: 1920 \/ 1080;\" width=\"1920\" controls src=\"https:\/\/organowood.com\/wp-content\/uploads\/2021\/05\/OrganoWood_Film3_No_16-9_25sec_low.mp4\"><\/video><\/figure>\n\n\n\n<p><\/p>\n","protected":false},"excerpt":{"rendered":"<p>Med inspirasjon fra naturens egen kjemi har OrganoWood utviklet et svensk, patentert, milj\u00f8merket trebeskyttelsessystem for overflatebehandling av tre, slik som trykkimpregnert virke for terrassebord, bryggebord, eller ubehandlet kledning m.m. OrganoWood\u00ae trebeskyttelsessystem best\u00e5r av tre produkter. Disse skaper sammen et holdbart og komplett trebeskyttelsessystem som gir \u00f8kt flamme- og r\u00e5tebeskyttelse. OrganoWood\u00ae trebeskyttelse er basert p\u00e5 naturlige &hellip; <a href=\"https:\/\/organowood.com\/no\/trebeskyttelse\/\">Continued<\/a><\/p>\n","protected":false},"author":4,"featured_media":0,"parent":0,"menu_order":0,"comment_status":"closed","ping_status":"closed","template":"views\/template-product-archive.blade.php","meta":{"_acf_changed":false,"footnotes":""},"class_list":["post-1397","page","type-page","status-publish","hentry"],"acf":[],"_links":{"self":[{"href":"https:\/\/organowood.com\/no\/wp-json\/wp\/v2\/pages\/1397","targetHints":{"allow":["GET"]}}],"collection":[{"href":"https:\/\/organowood.com\/no\/wp-json\/wp\/v2\/pages"}],"about":[{"href":"https:\/\/organowood.com\/no\/wp-json\/wp\/v2\/types\/page"}],"author":[{"embeddable":true,"href":"https:\/\/organowood.com\/no\/wp-json\/wp\/v2\/users\/4"}],"replies":[{"embeddable":true,"href":"https:\/\/organowood.com\/no\/wp-json\/wp\/v2\/comments?post=1397"}],"version-history":[{"count":5,"href":"https:\/\/organowood.com\/no\/wp-json\/wp\/v2\/pages\/1397\/revisions"}],"predecessor-version":[{"id":7462,"href":"https:\/\/organowood.com\/no\/wp-json\/wp\/v2\/pages\/1397\/revisions\/7462"}],"wp:attachment":[{"href":"https:\/\/organowood.com\/no\/wp-json\/wp\/v2\/media?parent=1397"}],"curies":[{"name":"wp","href":"https:\/\/api.w.org\/{rel}","templated":true}]}}