{"id":1382,"date":"2018-05-03T11:17:38","date_gmt":"2018-05-03T11:17:38","guid":{"rendered":"https:\/\/organowood.emilaspman.se\/?page_id=1382"},"modified":"2023-02-27T09:46:03","modified_gmt":"2023-02-27T09:46:03","slug":"trevirke","status":"publish","type":"page","link":"https:\/\/organowood.com\/no\/trevirke\/","title":{"rendered":"Trevirke"},"content":{"rendered":"<h4>Milj\u00f8merket trevirke av h\u00f8y kvalitet<\/h4>\n<p>OrganoWood\u00ae er milj\u00f8merket trevirke modifisert med silisium, som gir lang holdbarhet og en vakker s\u00f8lvgr\u00e5 nyanse. Den patenterte teknologien beskytter trevirket mot r\u00e5te, skaper en vannavvisende overflate og gj\u00f8r trevirket enda mer flammehemmende.<\/p>\n<p>OrganoWood\u00ae t\u00e5ler hardt utsatte milj\u00f8er og f\u00e5r en vakker, s\u00f8lvgr\u00e5 nyanse n\u00e5r det utsettes for v\u00e6r og vind. Virket f\u00e5s som terrasse- og konstruksjonsvirke samt fasadepanel med et bredt utvalg av profiler.<\/p>\n<p>Villaeiere, arkitekter, entrepren\u00f8rer og kommuner, for \u00e5 nevne noen, er begeistret for OrganoWood\u00aes milj\u00f8profil og den s\u00f8lvgr\u00e5 nyansen.<\/p>\n<p>OrganoWood\u00aes unike prosess er utviklet med inspirasjon fra den naturlige fossiliseringsprosessen der mineraler trenger inn og mineraliserer det organiske materialet. Teknologien er basert p\u00e5 vitenskapelige gjennombrudd innenfor modifisering av biofibrer. Den gj\u00f8r at silisium bindes til trefibrene under h\u00f8yt trykk. V\u00e6sken trenger inn i yteveden for \u00e5 skape optimal beskyttelse. Den patenterte modifiseringen gir et milj\u00f8merket trevirke og skaper et milj\u00f8 der r\u00e5tesoppen ikke trives.<\/p>\n<p>OrganoWood\u00ae trevirke er godkjent til bygging av svanemerkede hus og bygninger.<\/p>\n<hr>\n<p><img loading=\"lazy\" decoding=\"async\" class=\"alignnone wp-image-358\" src=\"https:\/\/organowood.emilaspman.se\/wp-content\/uploads\/2018\/03\/sponsor-byggvarubedomningen@2x-300x39.png\" sizes=\"auto, (max-width: 238px) 100vw, 238px\" srcset=\"https:\/\/organowood.com\/wp-content\/uploads\/2018\/03\/sponsor-byggvarubedomningen@2x-300x39.png 300w, https:\/\/organowood.com\/wp-content\/uploads\/2018\/03\/sponsor-byggvarubedomningen@2x.png 386w\" alt=\"\" width=\"238\" height=\"31\">&nbsp; &nbsp;&nbsp;&nbsp;<img loading=\"lazy\" decoding=\"async\" class=\"alignnone wp-image-359\" src=\"https:\/\/organowood.emilaspman.se\/wp-content\/uploads\/2018\/03\/Climate-Solver-badge-300x300.png\" sizes=\"auto, (max-width: 93px) 100vw, 93px\" srcset=\"https:\/\/organowood.com\/wp-content\/uploads\/2018\/03\/Climate-Solver-badge-300x300.png 300w, https:\/\/organowood.com\/wp-content\/uploads\/2018\/03\/Climate-Solver-badge-150x150.png 150w, https:\/\/organowood.com\/wp-content\/uploads\/2018\/03\/Climate-Solver-badge.png 720w\" alt=\"\" width=\"93\" height=\"93\">&nbsp;&nbsp;<img loading=\"lazy\" decoding=\"async\" class=\"alignnone wp-image-360\" src=\"https:\/\/organowood.emilaspman.se\/wp-content\/uploads\/2018\/03\/d1hhhba0eqx5qivujov8.jpg\" sizes=\"auto, (max-width: 93px) 100vw, 93px\" srcset=\"https:\/\/organowood.com\/wp-content\/uploads\/2018\/03\/d1hhhba0eqx5qivujov8.jpg 220w, https:\/\/organowood.com\/wp-content\/uploads\/2018\/03\/d1hhhba0eqx5qivujov8-150x150.jpg 150w\" alt=\"\" width=\"93\" height=\"93\">&nbsp;&nbsp;<img loading=\"lazy\" decoding=\"async\" class=\"alignnone wp-image-361\" src=\"https:\/\/organowood.emilaspman.se\/wp-content\/uploads\/2018\/03\/Sustainia-100-kopia-300x300.png\" sizes=\"auto, (max-width: 92px) 100vw, 92px\" srcset=\"https:\/\/organowood.com\/wp-content\/uploads\/2018\/03\/Sustainia-100-kopia-300x300.png 300w, https:\/\/organowood.com\/wp-content\/uploads\/2018\/03\/Sustainia-100-kopia-150x150.png 150w, https:\/\/organowood.com\/wp-content\/uploads\/2018\/03\/Sustainia-100-kopia.png 600w\" alt=\"\" width=\"92\" height=\"92\">&nbsp;<img loading=\"lazy\" decoding=\"async\" class=\"alignnone wp-image-2203\" src=\"https:\/\/organowood.com\/wp-content\/uploads\/2018\/10\/basta-logo.png\" alt=\"\" width=\"96\" height=\"91\">&nbsp; <img loading=\"lazy\" decoding=\"async\" class=\"alignnone wp-image-2204\" src=\"https:\/\/organowood.com\/wp-content\/uploads\/2018\/10\/logo-bmv-gron-utantext.jpg\" alt=\"\" width=\"97\" height=\"97\">&nbsp;&nbsp; <img loading=\"lazy\" decoding=\"async\" class=\"alignnone wp-image-2202\" src=\"https:\/\/organowood.com\/wp-content\/uploads\/2018\/10\/sundahus-logo-220x30.png\" alt=\"\" width=\"291\" height=\"97\"><\/p>\n","protected":false},"excerpt":{"rendered":"<p>Milj\u00f8merket trevirke av h\u00f8y kvalitet OrganoWood\u00ae er milj\u00f8merket trevirke modifisert med silisium, som gir lang holdbarhet og en vakker s\u00f8lvgr\u00e5 nyanse. Den patenterte teknologien beskytter trevirket mot r\u00e5te, skaper en vannavvisende overflate og gj\u00f8r trevirket enda mer flammehemmende. OrganoWood\u00ae t\u00e5ler hardt utsatte milj\u00f8er og f\u00e5r en vakker, s\u00f8lvgr\u00e5 nyanse n\u00e5r det utsettes for v\u00e6r og &hellip; <a href=\"https:\/\/organowood.com\/no\/trevirke\/\">Continued<\/a><\/p>\n","protected":false},"author":4,"featured_media":0,"parent":0,"menu_order":1,"comment_status":"closed","ping_status":"closed","template":"views\/template-product-archive.blade.php","meta":{"_acf_changed":false,"footnotes":""},"class_list":["post-1382","page","type-page","status-publish","hentry"],"acf":[],"_links":{"self":[{"href":"https:\/\/organowood.com\/no\/wp-json\/wp\/v2\/pages\/1382","targetHints":{"allow":["GET"]}}],"collection":[{"href":"https:\/\/organowood.com\/no\/wp-json\/wp\/v2\/pages"}],"about":[{"href":"https:\/\/organowood.com\/no\/wp-json\/wp\/v2\/types\/page"}],"author":[{"embeddable":true,"href":"https:\/\/organowood.com\/no\/wp-json\/wp\/v2\/users\/4"}],"replies":[{"embeddable":true,"href":"https:\/\/organowood.com\/no\/wp-json\/wp\/v2\/comments?post=1382"}],"version-history":[{"count":5,"href":"https:\/\/organowood.com\/no\/wp-json\/wp\/v2\/pages\/1382\/revisions"}],"predecessor-version":[{"id":7194,"href":"https:\/\/organowood.com\/no\/wp-json\/wp\/v2\/pages\/1382\/revisions\/7194"}],"wp:attachment":[{"href":"https:\/\/organowood.com\/no\/wp-json\/wp\/v2\/media?parent=1382"}],"curies":[{"name":"wp","href":"https:\/\/api.w.org\/{rel}","templated":true}]}}