{"id":3549,"date":"2019-10-31T11:24:32","date_gmt":"2019-10-31T11:24:32","guid":{"rendered":"https:\/\/organowood.com\/?page_id=3549"},"modified":"2025-06-19T12:40:18","modified_gmt":"2025-06-19T12:40:18","slug":"test-e-certificati","status":"publish","type":"page","link":"https:\/\/organowood.com\/it\/test-e-certificati\/","title":{"rendered":"Test e certificati"},"content":{"rendered":"<p><strong>Resistenza<\/strong><br \/>\nNel 2013 \u00e8 stato avviato uno studio indipendente su diversi tipi di listelli e trattamenti, patrocinato dalla citt\u00e0 di Malm\u00f6 e da RISE (SP). Lo scopo \u00e8 confrontare le prestazioni studiando la proliferazione di microorganismi, la formazione di spaccature e la deformazione del materiale. Il test ha dimostrato una buona resistenza in ambienti esposti.<\/p>\n<p><strong>Protezione dai microorganismi<\/strong><br \/>\nIl legno OrganoWood\u00ae ha una documentata resistenza ai microorganismi, testata con il Metodo di prova per la determinazione dell\u2019efficacia protettiva contro i funghi UNI EN 113. Per la durabilit\u00e0 naturale del legno secondo la norma UNI EN 350, OrganoWood\u00ae ha ottenuto la classe 1, corrispondente alla durabilit\u00e0 maggiore.<\/p>\n<p><strong>Indice di rifrazione solare (SRI)<\/strong><br \/>\nLa cosiddetta tecnica \u201cCool Roof\u201d ha lo scopo di ottenere un valore SRI alto per ridurre il trasferimento di calore agli edifici e di conseguenza risparmiare sulle spese relative al raffreddamento e alla climatizzazione. Inoltre, si riduce il rischio di creare oasi di calore urbane. La riflessione della luce e la capacit\u00e0 di assorbimento del calore sono valutati unitamente, con un valore che va da 0 a 100. Nei testi effettuati da RISE secondo ASTM E1980-11, OrganoWood\u00ae ha mostrato un SRI di 82,4, un valore molto alto.<\/p>\n<p><strong>Certificato<\/strong><br \/>\nTutto il legno OrganoWood \u00e8 certificato FSC<sup>\u00ae<\/sup> (FSC-C120532)- e PEFC<sup>\u00ae<\/sup> (PEFC\/05-35-168).<\/p>\n","protected":false},"excerpt":{"rendered":"<p>Resistenza Nel 2013 \u00e8 stato avviato uno studio indipendente su diversi tipi di listelli e trattamenti, patrocinato dalla citt\u00e0 di Malm\u00f6 e da RISE (SP). Lo scopo \u00e8 confrontare le prestazioni studiando la proliferazione di microorganismi, la formazione di spaccature e la deformazione del materiale. Il test ha dimostrato una buona resistenza in ambienti esposti. &hellip; <a href=\"https:\/\/organowood.com\/it\/test-e-certificati\/\">Continued<\/a><\/p>\n","protected":false},"author":3,"featured_media":0,"parent":0,"menu_order":0,"comment_status":"closed","ping_status":"closed","template":"","meta":{"_acf_changed":false,"footnotes":""},"class_list":["post-3549","page","type-page","status-publish","hentry"],"acf":[],"_links":{"self":[{"href":"https:\/\/organowood.com\/it\/wp-json\/wp\/v2\/pages\/3549","targetHints":{"allow":["GET"]}}],"collection":[{"href":"https:\/\/organowood.com\/it\/wp-json\/wp\/v2\/pages"}],"about":[{"href":"https:\/\/organowood.com\/it\/wp-json\/wp\/v2\/types\/page"}],"author":[{"embeddable":true,"href":"https:\/\/organowood.com\/it\/wp-json\/wp\/v2\/users\/3"}],"replies":[{"embeddable":true,"href":"https:\/\/organowood.com\/it\/wp-json\/wp\/v2\/comments?post=3549"}],"version-history":[{"count":5,"href":"https:\/\/organowood.com\/it\/wp-json\/wp\/v2\/pages\/3549\/revisions"}],"predecessor-version":[{"id":19844,"href":"https:\/\/organowood.com\/it\/wp-json\/wp\/v2\/pages\/3549\/revisions\/19844"}],"wp:attachment":[{"href":"https:\/\/organowood.com\/it\/wp-json\/wp\/v2\/media?parent=3549"}],"curies":[{"name":"wp","href":"https:\/\/api.w.org\/{rel}","templated":true}]}}