{"id":3545,"date":"2019-10-30T13:37:31","date_gmt":"2019-10-30T13:37:31","guid":{"rendered":"https:\/\/organowood.com\/?page_id=3545"},"modified":"2019-10-30T13:37:31","modified_gmt":"2019-10-30T13:37:31","slug":"partner","status":"publish","type":"page","link":"https:\/\/organowood.com\/it\/chi-siamo\/partner\/","title":{"rendered":"Partner"},"content":{"rendered":"<p>OrganoWood collabora con diversi partner conosciuti per l\u2019alta qualit\u00e0, l\u2019attenzione all\u2019ambiente e la passione per il legno. Lavoriamo in stretta collaborazione con diversi sub-fornitori e clienti.<\/p>\n<h2>Welin &amp; Co<\/h2>\n<p>Welin &amp; Co \u00e8 un fornitore e distributore di prodotti di alta qualit\u00e0 per il trattamento del legno.\u00a0Nel 2015 abbiamo avviato una collaborazione tra OrganoWood e Welin &amp; Co per la distribuzione e la vendita dei trattamenti protettivi OrganoWood sul mercato svedese.<\/p>\n<p>Per maggiori informazioni, visitare il sito.<\/p>\n<h2>Bergs Timber Bitus<\/h2>\n<p>Bergs Timber Bitus \u00e8 il pi\u00f9 grande impianto di lavorazione del legno in Svezia. La societ\u00e0 impregna in autoclave circa 150.000 &#8211; 200.000 m3 di legno all\u2019anno e dispone di un moderno impianto per la verniciatura e il trattamento superficiale. Oltre ai prodotti impregnati in modo tradizionale, Bergs Timber Bitus offre un ampio assortimento di prodotti speciali realizzati per diverse linee produttive minori. All\u2019inizio del 2012 OrganoWood insieme a Bergs Timber Bitus ha installato una linea di produzione per il legno modificato OrganoWood\u00ae, che dalla primavera del 2012 \u00e8 prodotto da loro su incarico di OrganoWood.<\/p>\n<p>Per maggiori informazioni, visitare il sito.<\/p>\n<h2>Setra<\/h2>\n<p>Setra \u00e8 una delle industrie del legno pi\u00f9 grandi in Svezia, con circa 800 dipendenti. L\u2019azienda lavora le materie prime provenienti da foreste gestite in modo sostenibile e offre prodotti e soluzioni a basso impatto ambientale per l\u2019edilizia e la casa su un mercato globale. Fanno parte del gruppo Setra otto segherie e tre impianti di lavorazione.<\/p>\n<p>Per maggiori informazioni, visitare il sito.<\/p>\n<h2>Po Hiller<\/h2>\n<p>Secondo i documenti, P.O. Hiller Tr\u00e4varor AB \u00e8 stata fondata ben nel 1500. Quando l\u2019industria inizi\u00f2 ad usare il vapore come fonte di energia, l\u2019azienda acquist\u00f2 una macchina a vapore e la segheria divent\u00f2 la prima della regione di V\u00e4stmanland ad essere alimentata a vapore.\u00a0Grazie alla nuova fonte di energia, presto si pot\u00e9 investire in piallatrici. Oggi P.O. Hiller Tr\u00e4varor AB \u00e8 un\u2019industria del legno che pialla, dipinge e taglia il legno per pannelli esterni ed interni, listelli e parquet in legno massiccio.<\/p>\n<p>Per maggiori informazioni, visitare il sito.<\/p>\n<h2>Fellessons<\/h2>\n<p>Fellessons \u00e8 un\u2019azienda di commercianti di legno con una lunga esperienza, oggi gestita dalla terza generazione di proprietari. La loro attivit\u00e0 gestisce tutta la trasformazione &#8211; dalla lavorazione del legno grezzo alla piallatura, alla falegnameria, al commercio di legno e materiali da costruzione.<\/p>\n<p>Per maggiori informazioni, visitare il sito.<\/p>\n<h2>Munktorps tr\u00e4f\u00f6r\u00e4dling<\/h2>\n<p>Munktorps Tr\u00e4f\u00f6r\u00e4dling AB \u00e8 uno stabilimento di piallatura che produce principalmente rivestimenti per esterni e materiale verniciato, oltre a travi a tenone e mortasa. Realizzano prodotti speciali in diverse dimensioni in abete, pino (anche durame) e larice a seconda delle esigenze. Hanno una capacit\u00e0 di circa 35.000 m3 di legno piallato per anno, su un singolo turno.<\/p>\n<p>Per maggiori informazioni, visitare il sito.<\/p>\n<h2>OrganoClick<\/h2>\n<p>OrganoClick AB \u00e8 un\u2019azienda che si occupa di sviluppare, produrre e commercializzare prodotti ecologici per rendere pi\u00f9 funzionali i materiali a base di cellulosa. I prodotti dell\u2019azienda si basano su una piattaforma tecnologica brevettata per la modifica delle fibre biologiche, frutto delle ricerche effettuate presso l\u2019Universit\u00e0 di Stoccolma e l\u2019Universit\u00e0 di Scienze agricole di Uppsala. I prodotti venduti dall\u2019azienda sono tra gli altri soluzioni per creare carta e tessuti resistenti all\u2019acqua, additivi per aumentare la resistenza meccanica di imballaggi a base di carta e nuovi leganti a base biologica per i tessuti-non-tessuti.<\/p>\n<p>L\u2019azienda \u00e8 di propriet\u00e0 dei fondatori, l\u2019Amministratore delegato M\u00e5rten Hellberg, il professore Armando C\u00f3rdova, il docente Jonas Hafr\u00e9n e l\u2019incubatore aziendale Serendipity Innovations insieme all\u2019industriale e finanziere Anders Wall, l\u2019ex responsabile del gruppo Tetra Pak Bertil Hagman e l\u2019ex responsabile tecnico di Tetra Pak e in seguito di SCA Hygiene Products Claes-G\u00f6ran Beckeman.<\/p>\n<p>Per maggiori informazioni su OrganoClick, visitare il sito.<\/p>\n","protected":false},"excerpt":{"rendered":"<p>OrganoWood collabora con diversi partner conosciuti per l\u2019alta qualit\u00e0, l\u2019attenzione all\u2019ambiente e la passione per il legno. Lavoriamo in stretta collaborazione con diversi sub-fornitori e clienti. Welin &amp; Co Welin &amp; Co \u00e8 un fornitore e distributore di prodotti di alta qualit\u00e0 per il trattamento del legno.\u00a0Nel 2015 abbiamo avviato una collaborazione tra OrganoWood e &hellip; <a href=\"https:\/\/organowood.com\/it\/chi-siamo\/partner\/\">Continued<\/a><\/p>\n","protected":false},"author":3,"featured_media":1084,"parent":3532,"menu_order":4,"comment_status":"closed","ping_status":"closed","template":"","meta":{"_acf_changed":false,"footnotes":""},"class_list":["post-3545","page","type-page","status-publish","has-post-thumbnail","hentry"],"acf":[],"_links":{"self":[{"href":"https:\/\/organowood.com\/it\/wp-json\/wp\/v2\/pages\/3545","targetHints":{"allow":["GET"]}}],"collection":[{"href":"https:\/\/organowood.com\/it\/wp-json\/wp\/v2\/pages"}],"about":[{"href":"https:\/\/organowood.com\/it\/wp-json\/wp\/v2\/types\/page"}],"author":[{"embeddable":true,"href":"https:\/\/organowood.com\/it\/wp-json\/wp\/v2\/users\/3"}],"replies":[{"embeddable":true,"href":"https:\/\/organowood.com\/it\/wp-json\/wp\/v2\/comments?post=3545"}],"version-history":[{"count":1,"href":"https:\/\/organowood.com\/it\/wp-json\/wp\/v2\/pages\/3545\/revisions"}],"predecessor-version":[{"id":3546,"href":"https:\/\/organowood.com\/it\/wp-json\/wp\/v2\/pages\/3545\/revisions\/3546"}],"up":[{"embeddable":true,"href":"https:\/\/organowood.com\/it\/wp-json\/wp\/v2\/pages\/3532"}],"wp:featuredmedia":[{"embeddable":true,"href":"https:\/\/organowood.com\/it\/wp-json\/wp\/v2\/media\/1084"}],"wp:attachment":[{"href":"https:\/\/organowood.com\/it\/wp-json\/wp\/v2\/media?parent=3545"}],"curies":[{"name":"wp","href":"https:\/\/api.w.org\/{rel}","templated":true}]}}