{"id":3541,"date":"2019-10-30T13:32:33","date_gmt":"2019-10-30T13:32:33","guid":{"rendered":"https:\/\/organowood.com\/?page_id=3541"},"modified":"2019-10-30T13:32:33","modified_gmt":"2019-10-30T13:32:33","slug":"proprietario","status":"publish","type":"page","link":"https:\/\/organowood.com\/it\/chi-siamo\/proprietario\/","title":{"rendered":"Proprietario"},"content":{"rendered":"<ul>\n<li>\n<h4>OrganoClick AB<\/h4>\n<\/li>\n<\/ul>\n<p>OrganoClick AB \u00e8 un\u2019azienda che si occupa di sviluppare, produrre e commercializzare prodotti ecologici per rendere pi\u00f9 funzionali i materiali a base di cellulosa. I prodotti dell\u2019azienda si basano su una piattaforma tecnologica brevettata per la modifica delle fibre biologiche, frutto delle ricerche effettuate presso l\u2019Universit\u00e0 di Stoccolma e l\u2019Universit\u00e0 di Scienze agricole di Uppsala. I prodotti venduti dall\u2019azienda sono tra gli altri soluzioni per creare carta e tessuti resistenti all\u2019acqua, additivi per aumentare la resistenza meccanica di imballaggi a base di carta e nuovi leganti a base biologica per i tessuti-non-tessuti.<\/p>\n<p>L\u2019azienda \u00e8 di propriet\u00e0 dei fondatori, l\u2019Amministratore delegato M\u00e5rten Hellberg, il professore Armando C\u00f3rdova, il docente Jonas Hafr\u00e9n e l\u2019incubatore aziendale Serendipity Innovations insieme all\u2019industriale e finanziere Anders Wall, l\u2019ex responsabile del gruppo Tetra Pak Bertil Hagman e l\u2019ex responsabile tecnico di Tetra Pak e in seguito di SCA Hygiene Products Claes-G\u00f6ran Beckeman.<\/p>\n<p>Per maggiori informazioni su OrganoClick, visitare il sito.<\/p>\n<ul>\n<li>\n<h4>Kvigos AB<\/h4>\n<\/li>\n<\/ul>\n<p>Kvigos AB \u00e8 di propriet\u00e0 del finanziere Robert Charpentier, che ha un lungo curriculum nel settore bancario e finanziario. Ha occupato posizioni dirigenziali in Goldman Sachs, in Swedbank ed \u00e8 stato Amministratore delegato per Kaupthing Bank Sverige AB. Oggi Robert Charpentier lavora in Kvigos AB come consulente per piccole aziende, basandosi sulla sua pluriennale esperienza in investment banking, oltre ad investire e partecipare allo sviluppo di imprese a forte crescita, soprattutto nel marketing e nelle vendite.<\/p>\n","protected":false},"excerpt":{"rendered":"<p>OrganoClick AB OrganoClick AB \u00e8 un\u2019azienda che si occupa di sviluppare, produrre e commercializzare prodotti ecologici per rendere pi\u00f9 funzionali i materiali a base di cellulosa. I prodotti dell\u2019azienda si basano su una piattaforma tecnologica brevettata per la modifica delle fibre biologiche, frutto delle ricerche effettuate presso l\u2019Universit\u00e0 di Stoccolma e l\u2019Universit\u00e0 di Scienze agricole &hellip; <a href=\"https:\/\/organowood.com\/it\/chi-siamo\/proprietario\/\">Continued<\/a><\/p>\n","protected":false},"author":3,"featured_media":964,"parent":3532,"menu_order":2,"comment_status":"closed","ping_status":"closed","template":"","meta":{"_acf_changed":false,"footnotes":""},"class_list":["post-3541","page","type-page","status-publish","has-post-thumbnail","hentry"],"acf":[],"_links":{"self":[{"href":"https:\/\/organowood.com\/it\/wp-json\/wp\/v2\/pages\/3541","targetHints":{"allow":["GET"]}}],"collection":[{"href":"https:\/\/organowood.com\/it\/wp-json\/wp\/v2\/pages"}],"about":[{"href":"https:\/\/organowood.com\/it\/wp-json\/wp\/v2\/types\/page"}],"author":[{"embeddable":true,"href":"https:\/\/organowood.com\/it\/wp-json\/wp\/v2\/users\/3"}],"replies":[{"embeddable":true,"href":"https:\/\/organowood.com\/it\/wp-json\/wp\/v2\/comments?post=3541"}],"version-history":[{"count":1,"href":"https:\/\/organowood.com\/it\/wp-json\/wp\/v2\/pages\/3541\/revisions"}],"predecessor-version":[{"id":3542,"href":"https:\/\/organowood.com\/it\/wp-json\/wp\/v2\/pages\/3541\/revisions\/3542"}],"up":[{"embeddable":true,"href":"https:\/\/organowood.com\/it\/wp-json\/wp\/v2\/pages\/3532"}],"wp:featuredmedia":[{"embeddable":true,"href":"https:\/\/organowood.com\/it\/wp-json\/wp\/v2\/media\/964"}],"wp:attachment":[{"href":"https:\/\/organowood.com\/it\/wp-json\/wp\/v2\/media?parent=3541"}],"curies":[{"name":"wp","href":"https:\/\/api.w.org\/{rel}","templated":true}]}}