{"id":3535,"date":"2019-10-30T13:27:23","date_gmt":"2019-10-30T13:27:23","guid":{"rendered":"https:\/\/organowood.com\/?page_id=3535"},"modified":"2022-11-11T08:15:47","modified_gmt":"2022-11-11T08:15:47","slug":"consiglio-di-amministrazione","status":"publish","type":"page","link":"https:\/\/organowood.com\/it\/chi-siamo\/consiglio-di-amministrazione\/","title":{"rendered":"Consiglio di amministrazione"},"content":{"rendered":"<ul>\n<li>Stefan Lindeborg, Presidente del consiglio<\/li>\n<\/ul>\n<p>Stefan Lindeborg ha una laurea in economia con specializzazione in marketing conseguita all\u2019Universit\u00e0 commerciale di Stoccolma. Ha lavorato per 30 anni nel settore chimico con diverse posizioni direttive per le vendite e il marketing. Attualmente copre la carica di Amministratore delegato per Akzo Nobel AB (la societ\u00e0 madre del gruppo svedese Akzo Nobel) ed \u00e8 stato in precedenza Amministratore delegato di Akzo Nobel Decorative Paintings, Amministratore delegato per l\u2019azienda di distribuzione e vendita Kemiintressen AB e Responsabile dei mercati internazionali per Casco Nobel (colle edili e prodotti di protezione per il legno).<\/p>\n<ul>\n<li>Robert Charpentier, Membro del consiglio<\/li>\n<\/ul>\n<p>Robert Charpentier \u00e8 Presidente del consiglio di amministrazione di Kvigos AB e co-fondatore di OrganoWood AB. Ha un master in economia conseguito all\u2019Universit\u00e0 commerciale svedese di Helsingfors e ha lavorato per oltre 20 anni nel settore finanziario, con diversi incarichi. Ha iniziato la sua carriera nel 1989 presso Goldman Sachs a Londra, dove ha lavorato con diverse soluzioni basate sul mercato dei capitali per clienti scandinavi. Nel 1997 \u00e8 passato a Swedbank dove \u00e8 stato nominato vice Amministratore delegato e responsabile dell\u2019investment banking nel 2004. Dal 2006 al 2009 ha lavorato come Amministratore delegato di Kaupthing Bank Sverige AB, la filiale in Svezia della banca islandese Kaupthing Bank. Attualmente lavora con investimenti privati e consulenze tramite la sua azienda interamente controllata Kvigos AB.<\/p>\n<ul>\n<li>M\u00e5rten Hellberg, Membro del consiglio<\/li>\n<\/ul>\n<p>M\u00e5rten Hellberg \u00e8 Amministratore delegato e co-fondatore di OrganoClick AB. \u00c8 ingegnere in biotecnologia molecolare e ha studiato economia all\u2019Universit\u00e0 di Uppsala, all\u2019\u00c9cole Normale Sup\u00e9rieure di Lione, Francia, e all\u2019Universit\u00e0 di Stoccolma. \u00c8 stato anche canoista professionista e ha vinto diversi campionati nazionali. \u00c8 stato membro della nazionale di canoa a 12 anni e ha partecipato al programma professionista del Comitato olimpico svedese.<\/p>\n<ul>\n<li>Claes\u2010G\u00f6ran Beckeman, Membro del consiglio<\/li>\n<\/ul>\n<p>Claes-G\u00f6ran Beckeman \u00e8 ingegnere in chimica, laureato al Politecnico Chalmers. Dal 1977 al 1997 ha lavorato per Tetra Pak (successivamente Tetra Laval) in diverse posizioni dirigenziali, ad esempio come direttore tecnico. Nel 1998 \u00e8 passato in SCA dove ha lavorato come direttore tecnico e responsabile degli acquisti per i prodotti per l\u2019igiene personale, fino al 2005. Tra il 2004 e il 2007 \u00e8 stato responsabile della creazione della piattaforma tecnologica del settore della silvicoltura, un\u2019iniziativa dell\u2019industria e dei proprietari silvicoli europei per stabilire una partnership tra settore privato e pubblico con la UE e altre autorit\u00e0 nazionali, per la collaborazione Ricerca e Sviluppo del settore. Attualmente \u00e8 membro del Consiglio di amministrazione di diverse aziende nell\u2019industria degli imballaggi ed \u00e8 membro dell\u2019Accademia reale delle scienze dell\u2019ingegneria.<\/p>\n","protected":false},"excerpt":{"rendered":"<p>Stefan Lindeborg, Presidente del consiglio Stefan Lindeborg ha una laurea in economia con specializzazione in marketing conseguita all\u2019Universit\u00e0 commerciale di Stoccolma. Ha lavorato per 30 anni nel settore chimico con diverse posizioni direttive per le vendite e il marketing. Attualmente copre la carica di Amministratore delegato per Akzo Nobel AB (la societ\u00e0 madre del gruppo &hellip; <a href=\"https:\/\/organowood.com\/it\/chi-siamo\/consiglio-di-amministrazione\/\">Continued<\/a><\/p>\n","protected":false},"author":3,"featured_media":2120,"parent":3532,"menu_order":1,"comment_status":"closed","ping_status":"closed","template":"","meta":{"_acf_changed":false,"footnotes":""},"class_list":["post-3535","page","type-page","status-publish","has-post-thumbnail","hentry"],"acf":[],"_links":{"self":[{"href":"https:\/\/organowood.com\/it\/wp-json\/wp\/v2\/pages\/3535","targetHints":{"allow":["GET"]}}],"collection":[{"href":"https:\/\/organowood.com\/it\/wp-json\/wp\/v2\/pages"}],"about":[{"href":"https:\/\/organowood.com\/it\/wp-json\/wp\/v2\/types\/page"}],"author":[{"embeddable":true,"href":"https:\/\/organowood.com\/it\/wp-json\/wp\/v2\/users\/3"}],"replies":[{"embeddable":true,"href":"https:\/\/organowood.com\/it\/wp-json\/wp\/v2\/comments?post=3535"}],"version-history":[{"count":5,"href":"https:\/\/organowood.com\/it\/wp-json\/wp\/v2\/pages\/3535\/revisions"}],"predecessor-version":[{"id":7021,"href":"https:\/\/organowood.com\/it\/wp-json\/wp\/v2\/pages\/3535\/revisions\/7021"}],"up":[{"embeddable":true,"href":"https:\/\/organowood.com\/it\/wp-json\/wp\/v2\/pages\/3532"}],"wp:featuredmedia":[{"embeddable":true,"href":"https:\/\/organowood.com\/it\/wp-json\/wp\/v2\/media\/2120"}],"wp:attachment":[{"href":"https:\/\/organowood.com\/it\/wp-json\/wp\/v2\/media?parent=3535"}],"curies":[{"name":"wp","href":"https:\/\/api.w.org\/{rel}","templated":true}]}}