{"id":3528,"date":"2019-10-30T13:20:16","date_gmt":"2019-10-30T13:20:16","guid":{"rendered":"https:\/\/organowood.com\/?page_id=3528"},"modified":"2019-10-30T13:21:17","modified_gmt":"2019-10-30T13:21:17","slug":"ambiente","status":"publish","type":"page","link":"https:\/\/organowood.com\/it\/tecnologia\/ambiente\/","title":{"rendered":"Ambiente"},"content":{"rendered":"<h4>Legno con certificato ambientale<\/h4>\n<p>Il legno modificato OrganoWood\u00ae \u00e8 sviluppato per resistere ad ambienti molto esposti, avvalendosi di una tecnologia ispirata al naturale processo di fossilizzazione, in cui i minerali penetrano nel materiale organico mineralizzandolo. Tutte le sostanze contenute nei prodotti OrganoWood\u00ae sono classificate come non pericolose per l\u2019ambiente secondo il regolamento CLP (CE n. 1272\/2008) e possono essere reimmesse nel ciclo naturale. Per questa ragione il legno non va smaltito come rifiuto pericoloso ma pu\u00f2 essere riciclato come legno non trattato, secondo le normative locali.<\/p>\n<p>I prodotti protettivi per il legno OrganoWood sono stati i primi in Svezia ad ottenere il marchio ambientale \u201cBra Milj\u00f6val\u201d dell&#8217;organizzazione Svenska Naturskyddsf\u00f6reningen.<\/p>\n<p>Il legno modificato OrganoWood\u00ae \u00e8 stato valutato da Sunda Hus ed \u00e8 raccomandato da Byggvarubed\u00f6mningen. I nostri prodotti sono inseriti nel registro BASTA e nella lista del portale per i prodotti per la casa Il Cigno e possono essere usati in progetti con marchio Il Cigno.<\/p>\n<p>La tecnologia impiegata per la produzione di OrganoWood\u00ae \u00e8 stata nominata Migliore Innovazione Ambientale della Svezia nel 2008 e ha ricevuto la medaglia \u201dHetaste materialnyhet\u201d da Nordbygg nel 2014. Il nostro Gruppo \u00e8 stato nominato \u201cClimate Solver\u201d dal WWF nel 2010 e un&#8217;azienda \u201cSustainia 100 Company\u201d nel 2015.<\/p>\n<hr \/>\n<p><img loading=\"lazy\" decoding=\"async\" class=\"alignnone wp-image-358\" src=\"https:\/\/organowood.emilaspman.se\/wp-content\/uploads\/2018\/03\/sponsor-byggvarubedomningen@2x-300x39.png\" sizes=\"auto, (max-width: 238px) 100vw, 238px\" srcset=\"https:\/\/organowood.com\/wp-content\/uploads\/2018\/03\/sponsor-byggvarubedomningen@2x-300x39.png 300w, https:\/\/organowood.com\/wp-content\/uploads\/2018\/03\/sponsor-byggvarubedomningen@2x.png 386w\" alt=\"\" width=\"238\" height=\"31\" \/>\u00a0 \u00a0\u00a0\u00a0<img loading=\"lazy\" decoding=\"async\" class=\"alignnone wp-image-359\" src=\"https:\/\/organowood.emilaspman.se\/wp-content\/uploads\/2018\/03\/Climate-Solver-badge-300x300.png\" sizes=\"auto, (max-width: 93px) 100vw, 93px\" srcset=\"https:\/\/organowood.com\/wp-content\/uploads\/2018\/03\/Climate-Solver-badge-300x300.png 300w, https:\/\/organowood.com\/wp-content\/uploads\/2018\/03\/Climate-Solver-badge-150x150.png 150w, https:\/\/organowood.com\/wp-content\/uploads\/2018\/03\/Climate-Solver-badge.png 720w\" alt=\"\" width=\"93\" height=\"93\" \/>\u00a0\u00a0<img loading=\"lazy\" decoding=\"async\" class=\"alignnone wp-image-360\" src=\"https:\/\/organowood.emilaspman.se\/wp-content\/uploads\/2018\/03\/d1hhhba0eqx5qivujov8.jpg\" sizes=\"auto, (max-width: 93px) 100vw, 93px\" srcset=\"https:\/\/organowood.com\/wp-content\/uploads\/2018\/03\/d1hhhba0eqx5qivujov8.jpg 220w, https:\/\/organowood.com\/wp-content\/uploads\/2018\/03\/d1hhhba0eqx5qivujov8-150x150.jpg 150w\" alt=\"\" width=\"93\" height=\"93\" \/>\u00a0\u00a0<img loading=\"lazy\" decoding=\"async\" class=\"alignnone wp-image-361\" src=\"https:\/\/organowood.emilaspman.se\/wp-content\/uploads\/2018\/03\/Sustainia-100-kopia-300x300.png\" sizes=\"auto, (max-width: 92px) 100vw, 92px\" srcset=\"https:\/\/organowood.com\/wp-content\/uploads\/2018\/03\/Sustainia-100-kopia-300x300.png 300w, https:\/\/organowood.com\/wp-content\/uploads\/2018\/03\/Sustainia-100-kopia-150x150.png 150w, https:\/\/organowood.com\/wp-content\/uploads\/2018\/03\/Sustainia-100-kopia.png 600w\" alt=\"\" width=\"92\" height=\"92\" \/>\u00a0<img loading=\"lazy\" decoding=\"async\" class=\"alignnone wp-image-2203\" src=\"https:\/\/organowood.com\/wp-content\/uploads\/2018\/10\/basta-logo.png\" alt=\"\" width=\"86\" height=\"80\" \/>\u00a0 <img loading=\"lazy\" decoding=\"async\" class=\"alignnone wp-image-2204\" src=\"https:\/\/organowood.com\/wp-content\/uploads\/2018\/10\/logo-bmv-gron-utantext.jpg\" alt=\"\" width=\"88\" height=\"88\" \/>\u00a0\u00a0 <img loading=\"lazy\" decoding=\"async\" class=\"alignnone wp-image-2202\" src=\"https:\/\/organowood.com\/wp-content\/uploads\/2018\/10\/sundahus-logo-220x30.png\" alt=\"\" width=\"192\" height=\"64\" \/><\/p>\n","protected":false},"excerpt":{"rendered":"<p>Legno con certificato ambientale Il legno modificato OrganoWood\u00ae \u00e8 sviluppato per resistere ad ambienti molto esposti, avvalendosi di una tecnologia ispirata al naturale processo di fossilizzazione, in cui i minerali penetrano nel materiale organico mineralizzandolo. Tutte le sostanze contenute nei prodotti OrganoWood\u00ae sono classificate come non pericolose per l\u2019ambiente secondo il regolamento CLP (CE n. &hellip; <a href=\"https:\/\/organowood.com\/it\/tecnologia\/ambiente\/\">Continued<\/a><\/p>\n","protected":false},"author":3,"featured_media":0,"parent":3519,"menu_order":0,"comment_status":"closed","ping_status":"closed","template":"","meta":{"_acf_changed":false,"footnotes":""},"class_list":["post-3528","page","type-page","status-publish","hentry"],"acf":[],"_links":{"self":[{"href":"https:\/\/organowood.com\/it\/wp-json\/wp\/v2\/pages\/3528","targetHints":{"allow":["GET"]}}],"collection":[{"href":"https:\/\/organowood.com\/it\/wp-json\/wp\/v2\/pages"}],"about":[{"href":"https:\/\/organowood.com\/it\/wp-json\/wp\/v2\/types\/page"}],"author":[{"embeddable":true,"href":"https:\/\/organowood.com\/it\/wp-json\/wp\/v2\/users\/3"}],"replies":[{"embeddable":true,"href":"https:\/\/organowood.com\/it\/wp-json\/wp\/v2\/comments?post=3528"}],"version-history":[{"count":2,"href":"https:\/\/organowood.com\/it\/wp-json\/wp\/v2\/pages\/3528\/revisions"}],"predecessor-version":[{"id":3531,"href":"https:\/\/organowood.com\/it\/wp-json\/wp\/v2\/pages\/3528\/revisions\/3531"}],"up":[{"embeddable":true,"href":"https:\/\/organowood.com\/it\/wp-json\/wp\/v2\/pages\/3519"}],"wp:attachment":[{"href":"https:\/\/organowood.com\/it\/wp-json\/wp\/v2\/media?parent=3528"}],"curies":[{"name":"wp","href":"https:\/\/api.w.org\/{rel}","templated":true}]}}