{"id":3524,"date":"2019-10-30T13:17:11","date_gmt":"2019-10-30T13:17:11","guid":{"rendered":"https:\/\/organowood.com\/?page_id=3524"},"modified":"2019-10-30T13:17:11","modified_gmt":"2019-10-30T13:17:11","slug":"come-invecchia-il-legno","status":"publish","type":"page","link":"https:\/\/organowood.com\/it\/tecnologia\/come-invecchia-il-legno\/","title":{"rendered":"Come invecchia il legno"},"content":{"rendered":"<h4>Legno con il suo colore originale che invecchia naturalmente<\/h4>\n<p>Il legno modificato mantiene il suo colore originale, per invecchiare poi in modo naturale. Durante l\u2019invecchiamento, il legno assume una tonalit\u00e0 grigia che con il passare degli anni diventa argentata. L\u2019ingrigimento del legno \u00e8 dovuto a diversi fattori esterni. Ad esempio, la luce solare decompone la lignina e l\u2019emicellulosa degli strati esterni del legno, facendolo sbiadire. Altri fattori che contribuiscono a questa colorazione sono particelle di sporco, attacchi di microorganismi, particelle morte. La combinazione tra ingrigimento e sbiancamento crea una tonalit\u00e0 argentata.<\/p>\n<p>A seconda dell\u2019ambiente in cui si trova il legno, il processo di ingrigimento \u00e8 pi\u00f9 o meno rapido. Il legno diventa grigio rapidamente se \u00e8 esposto agli agenti atmosferici e al vento, \u00e8 rivolto a sud e ha quindi una forte esposizione al sole. Nelle tavole composte da durame e alburno, l\u2019ingrigimento \u00e8 ancora pi\u00f9 rapido poich\u00e9 l\u2019alburno assorbe molto pi\u00f9 facilmente l\u2019acqua rispetto al durame, e la maggiore umidit\u00e0 accelera la trasformazione superficiale.<\/p>\n<p>Il legno modificato OrganoWood invecchia in modo naturale, quindi l\u2019ingrigimento non \u00e8 uniforme su tutto il legno. Nel legno standard ad esempio, l\u2019alburno diventa grigio pi\u00f9 velocemente del durame. In una prima fase si pu\u00f2 notare la presenza di sfogliature, che si uniformano in breve tempo. Dopo 1-2 anni, una terrazza in legno esposta al sole e agli agenti atmosferici assumer\u00e0 una splendida colorazione grigia uniforme.<\/p>\n<p>Un effetto che pu\u00f2 verificarsi su tutto il legno tenuto all&#8217;aperto e dopo alcuni anni di invecchiamento, \u00e8 il cosiddetto sfilacciamento del legno. Questo fenomeno si verifica quando la lignina che tiene insieme le fibre del legno inizia a degradarsi per effetto dei raggi UV del sole.\u00a0Il problema si presenta principalmente sul legno esposto per lungo tempo al sole, ma pu\u00f2 essere ridotto con un trattamento superficiale e una buona manutenzione.<\/p>\n<p>Per avere un processo di ingrigimento pi\u00f9 uniforme e ridurre il rischio che il fenomeno si presenti, OrganoWood ha sviluppato un prodotto per il trattamento del legno, OrganoWood\u00ae Trattamento protettivo 02. che \u00e8 studiato appositamente per il legno OrganoWood\u00ae. Il prodotto conferisce alla superficie un\u2019estrema idrorepellenza (super-idrofobia), che riduce il rischio di sfilacciamento e favorisce un ingrigimento uniforme del legno. OrganoWood\u00ae Select Plus\u00a0\u00e8 un legno trattato industrialmente con OrganoWood\u00ae Trattamento Protettivo 02. per una protezione estremamente efficace. Grazie alle caratteristiche idrorepellenti, il legno \u00e8 meno soggetto a fessurazioni e mantiene meglio forma e dimensioni.<\/p>\n<p>Per saperne di pi\u00f9 e capire come si svolge il processo di ingrigimento, dalla tinta naturale ad un meraviglioso argento su OrganoWood\u00ae, OrganoWood\u00ae Select e OrganoWood\u00ae Select Plus, <a href=\"https:\/\/organowood.com\/naturlig-granadsprocess\/\">vedere la pagina seguente<\/a>.\u00a0Per saperne di pi\u00f9 sullo sfilacciamento del legno, consultare la comprensiva <a href=\"https:\/\/www.traguiden.se\/om-tra\/materialet-tra\/traets-egenskaper-och-kvalitet\/bestandighet1\/ljusets-nedbrytning-av-tra\/\">Guida al legno<\/a> di Svenskt tr\u00e4.<\/p>\n","protected":false},"excerpt":{"rendered":"<p>Legno con il suo colore originale che invecchia naturalmente Il legno modificato mantiene il suo colore originale, per invecchiare poi in modo naturale. Durante l\u2019invecchiamento, il legno assume una tonalit\u00e0 grigia che con il passare degli anni diventa argentata. L\u2019ingrigimento del legno \u00e8 dovuto a diversi fattori esterni. Ad esempio, la luce solare decompone la &hellip; <a href=\"https:\/\/organowood.com\/it\/tecnologia\/come-invecchia-il-legno\/\">Continued<\/a><\/p>\n","protected":false},"author":3,"featured_media":0,"parent":3519,"menu_order":0,"comment_status":"closed","ping_status":"closed","template":"","meta":{"_acf_changed":false,"footnotes":""},"class_list":["post-3524","page","type-page","status-publish","hentry"],"acf":[],"_links":{"self":[{"href":"https:\/\/organowood.com\/it\/wp-json\/wp\/v2\/pages\/3524","targetHints":{"allow":["GET"]}}],"collection":[{"href":"https:\/\/organowood.com\/it\/wp-json\/wp\/v2\/pages"}],"about":[{"href":"https:\/\/organowood.com\/it\/wp-json\/wp\/v2\/types\/page"}],"author":[{"embeddable":true,"href":"https:\/\/organowood.com\/it\/wp-json\/wp\/v2\/users\/3"}],"replies":[{"embeddable":true,"href":"https:\/\/organowood.com\/it\/wp-json\/wp\/v2\/comments?post=3524"}],"version-history":[{"count":1,"href":"https:\/\/organowood.com\/it\/wp-json\/wp\/v2\/pages\/3524\/revisions"}],"predecessor-version":[{"id":3525,"href":"https:\/\/organowood.com\/it\/wp-json\/wp\/v2\/pages\/3524\/revisions\/3525"}],"up":[{"embeddable":true,"href":"https:\/\/organowood.com\/it\/wp-json\/wp\/v2\/pages\/3519"}],"wp:attachment":[{"href":"https:\/\/organowood.com\/it\/wp-json\/wp\/v2\/media?parent=3524"}],"curies":[{"name":"wp","href":"https:\/\/api.w.org\/{rel}","templated":true}]}}