{"id":3519,"date":"2019-10-30T13:13:16","date_gmt":"2019-10-30T13:13:16","guid":{"rendered":"https:\/\/organowood.com\/?page_id=3519"},"modified":"2019-10-30T13:20:40","modified_gmt":"2019-10-30T13:20:40","slug":"tecnologia","status":"publish","type":"page","link":"https:\/\/organowood.com\/it\/tecnologia\/","title":{"rendered":"Tecnologia"},"content":{"rendered":"<h4>Scopri la tecnologia esclusiva di OrganoWood\u00ae<\/h4>\n<p>Il processo \u00e8 stato sviluppato ispirandosi al naturale processo di fossilizzazione, in cui i minerali penetrano nel materiale organico mineralizzandolo.\u00a0Con il processo in autoclave, il silicio si lega alle fibre del legno creando una barriera fisica alla penetrazione di funghi e microorganismi. OrganoWood\u00ae \u00e8 un\u2019innovazione brevettata svedese, sviluppata e prodotta in Svezia.<\/p>\n<p>La tecnologia OrganoWood si basa su scoperte scientifiche nei metodi per la modifica delle fibre biologiche. Grazie a questa tecnologia, durante un processo in autoclave il silicio si lega alle fibre di legno. La penetrazione del liquido di silicio avviene nell\u2019alburno, per garantire una protezione ottimale. La modifica brevettata del legno crea un ambiente sfavorevole ai funghi.\u00a0Il legno modificato OrganoWood\u00ae con trattamento Plus \u00e8 resistente all&#8217;acqua e allo sporco, ha una migliore stabilit\u00e0, un minor rischio di essere attaccato dai microorganismi e la sua superficie \u00e8 pi\u00f9 facile da pulire.<\/p>\n<p>.<img loading=\"lazy\" decoding=\"async\" class=\"alignnone wp-image-354\" src=\"https:\/\/organowood.emilaspman.se\/wp-content\/uploads\/2018\/03\/organowood_all_02-300x240.png\" alt=\"\" width=\"483\" height=\"387\" srcset=\"https:\/\/organowood.com\/wp-content\/uploads\/2018\/03\/organowood_all_02-300x240.png 300w, https:\/\/organowood.com\/wp-content\/uploads\/2018\/03\/organowood_all_02-745x598.png 745w, https:\/\/organowood.com\/wp-content\/uploads\/2018\/03\/organowood_all_02.png 746w\" sizes=\"auto, (max-width: 483px) 100vw, 483px\" \/><\/p>\n","protected":false},"excerpt":{"rendered":"<p>Scopri la tecnologia esclusiva di OrganoWood\u00ae Il processo \u00e8 stato sviluppato ispirandosi al naturale processo di fossilizzazione, in cui i minerali penetrano nel materiale organico mineralizzandolo.\u00a0Con il processo in autoclave, il silicio si lega alle fibre del legno creando una barriera fisica alla penetrazione di funghi e microorganismi. OrganoWood\u00ae \u00e8 un\u2019innovazione brevettata svedese, sviluppata e &hellip; <a href=\"https:\/\/organowood.com\/it\/tecnologia\/\">Continued<\/a><\/p>\n","protected":false},"author":3,"featured_media":2076,"parent":0,"menu_order":0,"comment_status":"closed","ping_status":"closed","template":"","meta":{"_acf_changed":false,"footnotes":""},"class_list":["post-3519","page","type-page","status-publish","has-post-thumbnail","hentry"],"acf":[],"_links":{"self":[{"href":"https:\/\/organowood.com\/it\/wp-json\/wp\/v2\/pages\/3519","targetHints":{"allow":["GET"]}}],"collection":[{"href":"https:\/\/organowood.com\/it\/wp-json\/wp\/v2\/pages"}],"about":[{"href":"https:\/\/organowood.com\/it\/wp-json\/wp\/v2\/types\/page"}],"author":[{"embeddable":true,"href":"https:\/\/organowood.com\/it\/wp-json\/wp\/v2\/users\/3"}],"replies":[{"embeddable":true,"href":"https:\/\/organowood.com\/it\/wp-json\/wp\/v2\/comments?post=3519"}],"version-history":[{"count":5,"href":"https:\/\/organowood.com\/it\/wp-json\/wp\/v2\/pages\/3519\/revisions"}],"predecessor-version":[{"id":3530,"href":"https:\/\/organowood.com\/it\/wp-json\/wp\/v2\/pages\/3519\/revisions\/3530"}],"wp:featuredmedia":[{"embeddable":true,"href":"https:\/\/organowood.com\/it\/wp-json\/wp\/v2\/media\/2076"}],"wp:attachment":[{"href":"https:\/\/organowood.com\/it\/wp-json\/wp\/v2\/media?parent=3519"}],"curies":[{"name":"wp","href":"https:\/\/api.w.org\/{rel}","templated":true}]}}