{"id":3516,"date":"2019-10-30T12:27:40","date_gmt":"2019-10-30T12:27:40","guid":{"rendered":"https:\/\/organowood.com\/?page_id=3516"},"modified":"2025-10-08T12:38:03","modified_gmt":"2025-10-08T12:38:03","slug":"domande-e-risposte","status":"publish","type":"page","link":"https:\/\/organowood.com\/it\/domande-e-risposte\/","title":{"rendered":"Domande e Risposte"},"content":{"rendered":"<h4><strong>Domande sul legno modificato OrganoWood\u00ae<\/strong><\/h4>\n<ol>\n<li><strong>Come funziona la tecnologia OrganoWood\u00ae?<\/strong><br \/>\nRisposta: OrganoWood Nowa pu\u00f2 sembrare un normale pezzo di legno, ma \u00e8 stato modificato attraverso la reticolazione delle fibre del legno, il che conferisce al materiale un\u2019elevata resistenza alla decomposizione. La miscela minerale a base d\u2019acqua viene pressata nel legno. Quando l\u2019acqua evapora, le molecole si legano saldamente alle fibre del legno. In questo modo, le propriet\u00e0 del materiale si mantengono anche durante un uso prolungato in ambienti umidi.<\/li>\n<li><strong>Quali sono i vantaggi con il legno modificato OrganoWood\u00ae?<\/strong><br \/>\nRisposta: Per impregnare il legno in modo tradizionale vengono utilizzati biocidi e metalli pesanti, che uccidono i funghi e i microorganismi responsabili della decomposizione del legno. Queste sostanze per\u00f2 sono nocive per la salute e dannose per l\u2019ambiente. La tecnologia OrganoWood\u00ae non utilizza sostanze classificate come nocive per la salute o dannose per l\u2019ambiente, ma solo minerali naturali ed estratti di piante. I nostri prodotti hanno ricevuto una classe ambientale e sono raccomandati da Sunda Hus e Byggvarubed\u00f6mningen. Inoltre, con il tempo il legno assume una colorazione grigio-argentea, ed \u00e8 in generale molto meno soggetta a scheggiature del larice.<\/li>\n<li><strong>A quali test \u00e8 stato sottoposto il legno modificato OrganoWood\u00ae?<\/strong><br \/>\nRisposta: Il nostro legno \u00e8 stato testato dall&#8217;istituto di ricerca SP Technical Research Institute of Sweden con il test europeo EN 113 per la resistenza ai funghi, e su tale base \u00e8 stata assegnata una classe di resistenza 1 alla carie bruna secondo UNI EN 350-1. La resistenza alle intemperie \u00e8 stata testata sulla base del test della lisciviazione EN 84.<\/li>\n<li><strong>Con quali tipi di legno viene realizzato il legno modificato OrganoWood\u00ae?<\/strong><br \/>\nRisposta: Il legno modificato OrganoWood\u00ae \u00e8 prodotto con pino svedese di alta qualit\u00e0.<\/li>\n<li><strong>Di che manutenzione necessita il legno?<\/strong><br \/>\nRisposta: Di norma, si consiglia di trattare il legno modificato OrganoWood\u00ae in superficie con il Trattamento protettivo Repellente per acqua e sporco OrganoWood\u00ae subito dopo il montaggio. Questo trattamento pu\u00f2 in seguito essere ripetuto con intervalli di 2-3 anni. A seconda della necessit\u00e0, i listelli possono essere lavati ogni anno. In mancanza di manutenzione, il legno rischia di seccarsi eccessivamente, soprattutto se montato in ambienti particolarmente soleggiati. Ci\u00f2 pu\u00f2 portare a una maggiaore fessurazione e <a href=\"https:\/\/www.traguiden.se\/om-tra\/materialet-tra\/traets-egenskaper-och-kvalitet\/bestandighet1\/ljusets-nedbrytning-av-tra\/\">sfilacciamento<\/a>. Per il legno modificato OrganoWood\u00ae Select Plus non \u00e8 necessario alcun ulteriore trattamento al momento del montaggio. Tuttavia, si consiglia di lavare ed effettuare un trattamento superficiale con il Trattamento protettivo repellente per acqua e sporco OrganoWood\u00ae ogni 2-3 anni o secondo la necessit\u00e0.<\/li>\n<li><strong>Si pu\u00f2 verniciare il legno modificato OrganoWood\u00ae con una vernice colorata?<\/strong><br \/>\nRisposta: Il legno modificato subisce un processo di mineralizzazione e diventa quindi notevolmente pi\u00f9 duro e compatto di un legno normale. Le vernici normali quindi non penetrano come nel legno non trattato e il colore non si lega bene alle fibre.\u00a0Per questo motivo si consiglia di non verniciare il legno modificato OrganoWood\u00ae con vernici tradizionali.\u00a0Stiamo sviluppando un sistema di vernici a basso impatto ambientale e adatto ai pannelli in legno modificato OrganoWood\u00ae.<\/li>\n<li><strong>Come invecchia il legno modificato OrganoWood\u00ae?<\/strong><br \/>\nRisposta: Il legno invecchia come il legno normale, e con il tempo assume una colorazione grigio-argentea. Dopo quanto tempo il legno assume il colore grigio dipende molto da dove \u00e8 montato, dall\u2019esposizione alle intemperie, al sole e al vento. In generale, l\u2019alburno ingrigisce pi\u00f9 rapidamente del durame, poich\u00e9 l\u2019alburno assorbe maggiormente l\u2019acqua e rimane quindi molto pi\u00f9 umido del durame. Affinch\u00e9 il processo di ingrigimento sia uniforme e per ridurre il rischio di sfilacciamento delle fibre, si consiglia di trattare il legno con il Trattamento protettivo repellente per acqua e sporco OrganoWood\u00ae, che riduce l\u2019assorbimento di umidit\u00e0 rendendo albume e durame pi\u00f9 simili. Questo effetto si pu\u00f2 ottenere anche sul legno modificato OrganoWood\u00ae Select Plus, impregnandolo con il Trattamento protettivo Repellente per acqua e sporco OrganoWood\u00ae. Per seguire il processo di ingrigimento del legno modificato OrganoWood\u00ae, vedere la <a href=\"https:\/\/organowood.com\/it\/ingrigimento\/\">galleria fotografica<\/a>.<\/li>\n<li><strong>Perch\u00e9 il mio legno presenta fibre sfilacciate?<\/strong><br \/>\nRisposta: Un fenomeno che pu\u00f2 verificarsi sul legno invecchiato \u00e8 il cosiddetto sfilacciamento, dove le fibre si staccano dalla superficie del legno. Questo fenomeno si verifica quando la lignina che tiene insieme le fibre del legno inizia a degradarsi per effetto dei raggi UV del sole, e si verifica pi\u00f9 rapidamente nelle zone maggiormente esposte alla luce solare. La protezione del legno contro i microorganismi non rimane compromessa, poich\u00e9 sono solamente le fibre superficiali ad essere interessate dallo sfilacciamento, ma il legno diventa esteticamente brutto.\u00a0 Per maggiori informazioni sullo sfilacciamento delle fibre, vedere la <a href=\"https:\/\/www.traguiden.se\/\">Guida al legno svedese<\/a>. Rimuovere le sfilacciature passando una spazzola grossa. Spazzolare le zone pi\u00f9 colpite quando il legno \u00e8 bene asciutto per rimuovere le fibre staccate.<\/li>\n<\/ol>\n<h4><strong>Domande sul sistema di protezione del legno OrganoWood<\/strong><\/h4>\n<ol>\n<li><strong>Su quali tipi di legno si pu\u00f2 usare il sistema di protezione OrganoWood?<\/strong><br \/>\nRisposta: Il sistema di protezione OrganoWood (OrganoWood\u00ae Protezione antifiamma e antifunghi e OrganoWood\u00ae Repellente per acqua e sporco) pu\u00f2 essere usato su qualsiasi legno che abbia bisogno di una buona protezione superficiale, ad esempio pino, abete, larice e legno impregnato in autoclave, ma funziona praticamente su tutte le essenze con poche eccezioni. Esempi di campi di utilizzo sono: costruzioni in legno in ambienti moderatamente esposti come staccionate, pannelli esterni, terrazze realizzate in legno impregnato in autoclave, oppure legno usato in ambienti umidi interni. Per una lista completa dei tipi di legno che \u00e8 possibile trattare, rivolgersi ai nostri esperti e distributori <a href=\"https:\/\/www.welinoco.com\/kontakt\">Welin &amp; Co.<\/a><\/li>\n<li><strong>Posso utilizzare OrganoWood\u00ae Repellente per acqua e sporco come olio impregnante?<\/strong><br \/>\nRisposta: OrganoWood\u00ae Repellente per acqua e sporco pu\u00f2 sostituire in modo molto efficacie l\u2019olio impregnante. Pu\u00f2 essere usato su legni impregnati in autoclave per ottenere eccellenti propriet\u00e0 idrorepellenti e ridurre il rischio di muffe e proliferazione di alghe. Il trattamento funziona ottimamente anche su larice, rovere e altri legni pregiati.<\/li>\n<li><strong>Posso verniciare il legno trattato OrganoWood\u00ae?<\/strong><br \/>\nRisposta: Il legno trattato con il sistema protettivo OrganoWood\u00ae subisce un trattamento di mineralizzazione che crea una struttura pi\u00f9 densa sulla superficie, che protegge il legno. A causa di questa struttura pi\u00f9 densa, le vernici normali non penetrano come nel legno non trattato e il colore non si lega bene alle fibre.\u00a0Si consiglia quindi di non verniciare il legno modificato OrganoWood\u00ae con vernici tradizionali.\u00a0Stiamo sviluppando un sistema di vernici a basso impatto ambientale e adatto ai pannelli in legno trattato con OrganoWood\u00ae.<\/li>\n<li><strong>Quanto dura il trattamento superficiale del legno non trattato?<\/strong><br \/>\nRisposta: Se il legno non trattato viene trattato secondo le raccomandazioni (una mano di OrganoWood\u00ae Protezione antifiamma e antifunghi e due mani di OrganoWood\u00ae Repellente per acqua e sporco), si dovr\u00e0 applicare nuovamente il prodotto Organowood 02. quando la superficie inizia a perdere le sue caratteristiche super idrofobe. Non sempre \u00e8 necessario trattare interamente la superficie, si possono anche applicare i prodotti protettivi solo nelle zone pi\u00f9 esposte come quelle di passaggio sulle terrazze o le passerelle.<\/li>\n<\/ol>\n<style>li {padding-bottom: 10px;}<\/style>\n","protected":false},"excerpt":{"rendered":"<p>Domande sul legno modificato OrganoWood\u00ae Come funziona la tecnologia OrganoWood\u00ae? Risposta: OrganoWood Nowa pu\u00f2 sembrare un normale pezzo di legno, ma \u00e8 stato modificato attraverso la reticolazione delle fibre del legno, il che conferisce al materiale un\u2019elevata resistenza alla decomposizione. La miscela minerale a base d\u2019acqua viene pressata nel legno. Quando l\u2019acqua evapora, le molecole &hellip; <a href=\"https:\/\/organowood.com\/it\/domande-e-risposte\/\">Continued<\/a><\/p>\n","protected":false},"author":3,"featured_media":0,"parent":0,"menu_order":0,"comment_status":"closed","ping_status":"closed","template":"","meta":{"_acf_changed":false,"footnotes":""},"class_list":["post-3516","page","type-page","status-publish","hentry"],"acf":[],"_links":{"self":[{"href":"https:\/\/organowood.com\/it\/wp-json\/wp\/v2\/pages\/3516","targetHints":{"allow":["GET"]}}],"collection":[{"href":"https:\/\/organowood.com\/it\/wp-json\/wp\/v2\/pages"}],"about":[{"href":"https:\/\/organowood.com\/it\/wp-json\/wp\/v2\/types\/page"}],"author":[{"embeddable":true,"href":"https:\/\/organowood.com\/it\/wp-json\/wp\/v2\/users\/3"}],"replies":[{"embeddable":true,"href":"https:\/\/organowood.com\/it\/wp-json\/wp\/v2\/comments?post=3516"}],"version-history":[{"count":5,"href":"https:\/\/organowood.com\/it\/wp-json\/wp\/v2\/pages\/3516\/revisions"}],"predecessor-version":[{"id":19911,"href":"https:\/\/organowood.com\/it\/wp-json\/wp\/v2\/pages\/3516\/revisions\/19911"}],"wp:attachment":[{"href":"https:\/\/organowood.com\/it\/wp-json\/wp\/v2\/media?parent=3516"}],"curies":[{"name":"wp","href":"https:\/\/api.w.org\/{rel}","templated":true}]}}