{"id":3468,"date":"2019-10-30T09:30:05","date_gmt":"2019-10-30T09:30:05","guid":{"rendered":"https:\/\/organowood.com\/?page_id=3468"},"modified":"2023-06-19T11:50:46","modified_gmt":"2023-06-19T11:50:46","slug":"02-trattamento-protettivo","status":"publish","type":"page","link":"https:\/\/organowood.com\/it\/trattamento-superficiale\/02-trattamento-protettivo\/","title":{"rendered":"02 Protezione superficiale"},"content":{"rendered":"<p><strong>Trattamento protettivo contro pioggia e vento per un legno pi\u00f9 bello<br \/>\n<\/strong>OrganoWood\u00ae 02. Trattamento protettivo: Repellente per acqua e sporco \u00e8 un prodotto a base di acqua sviluppato per proteggere al meglio il legno da sporco e acqua. \u00c8 un prodotto a base di minerali di silicio ed estratti naturali di piante. Asciugandosi, il liquido crea una superficie estremamente idrorepellente (super-idrofoba) attorno alle fibre del legno riducendo la penetrazione di umidit\u00e0, acqua e sporco portato dall&#8217;acqua. Inoltre riduce gli assestamenti del legno dovuti all&#8217;umidit\u00e0 contrastando la formazione di spaccature, e consentendo un ingrigimento pi\u00f9 uniforme.<\/p>\n<p><strong>Campi di utilizzo<br \/>\n<\/strong>OrganoWood\u00ae 02. viene assorbito facilmente dal legno non trattato, dal legno OrganoWood\u00ae e dal legno trattato con OrganoWood\u00ae 01. Trattamento protettivo: Protezione antifiamma e antifunghi. Il prodotto \u00e8 stato studiato appositamente per il trattamento superficiale e la manutenzione del legno OrganoWood\u00ae. Il prodotto pu\u00f2 essere usato anche su altri tipi di legno, ad esempio il classico legno impregnato in autoclave, larice e pino. Il legno trattato con questo prodotto avr\u00e0 una protezione superficiale; applicando anche OrganoWood\u00ae 01, la protezione sar\u00e0 completa.<\/p>\n<p><strong>Colore<br \/>\n<\/strong>OrganoWood\u00ae 02. Trattamento protettivo: Repellente per acqua e sporco \u00e8 un\u2019emulsione a base di acqua dall\u2019aspetto bianco e lattiginoso, che non colora il legno su cui \u00e8 applicato. Con il tempo, il prodotto consente il naturale invecchiamento e ingrigimento del legno fino a fargli raggiungere una splendida colorazione grigio-argentea.<\/p>\n<p><strong>Ambiente e sostenibilit\u00e0<br \/>\n<\/strong>OrganoWood\u00ae 02. Trattamento protettivo: Repellente per acqua e sporco contiene solamente sostanze biodegradabili. Il prodotto ha ricevuto una classe ambientale B da SundaHus ed \u00e8 raccomandato da Byggvarubed\u00f6mningen e da BASTA. Per maggiori informazioni sulla sostenibilit\u00e0 di ciascun prodotto, sulle modalit\u00e0 di applicazione e altre specifiche tecniche, vedere la scheda tecnica del prodotto.<\/p>\n<p>OrganoWood\u00ae 02. Trattamento protettivo \u00e8 inserito nella lista del portale per i prodotti per la casa Il Cigno e pu\u00f2 essere usato in progetti con marchio Il Cigno.<\/p>\n<p>Per qualsiasi domanda su OrganoWood\u00ae Trattamento protettivo 02, contattare il nostro distributore Welin &amp; Co.<\/p>\n","protected":false},"excerpt":{"rendered":"<p>Trattamento protettivo contro pioggia e vento per un legno pi\u00f9 bello OrganoWood\u00ae 02. Trattamento protettivo: Repellente per acqua e sporco \u00e8 un prodotto a base di acqua sviluppato per proteggere al meglio il legno da sporco e acqua. \u00c8 un prodotto a base di minerali di silicio ed estratti naturali di piante. Asciugandosi, il liquido &hellip; <a href=\"https:\/\/organowood.com\/it\/trattamento-superficiale\/02-trattamento-protettivo\/\">Continued<\/a><\/p>\n","protected":false},"author":3,"featured_media":6370,"parent":3464,"menu_order":2,"comment_status":"closed","ping_status":"closed","template":"views\/template-product.blade.php","meta":{"_acf_changed":false,"footnotes":""},"class_list":["post-3468","page","type-page","status-publish","has-post-thumbnail","hentry"],"acf":[],"_links":{"self":[{"href":"https:\/\/organowood.com\/it\/wp-json\/wp\/v2\/pages\/3468","targetHints":{"allow":["GET"]}}],"collection":[{"href":"https:\/\/organowood.com\/it\/wp-json\/wp\/v2\/pages"}],"about":[{"href":"https:\/\/organowood.com\/it\/wp-json\/wp\/v2\/types\/page"}],"author":[{"embeddable":true,"href":"https:\/\/organowood.com\/it\/wp-json\/wp\/v2\/users\/3"}],"replies":[{"embeddable":true,"href":"https:\/\/organowood.com\/it\/wp-json\/wp\/v2\/comments?post=3468"}],"version-history":[{"count":5,"href":"https:\/\/organowood.com\/it\/wp-json\/wp\/v2\/pages\/3468\/revisions"}],"predecessor-version":[{"id":7506,"href":"https:\/\/organowood.com\/it\/wp-json\/wp\/v2\/pages\/3468\/revisions\/7506"}],"up":[{"embeddable":true,"href":"https:\/\/organowood.com\/it\/wp-json\/wp\/v2\/pages\/3464"}],"wp:featuredmedia":[{"embeddable":true,"href":"https:\/\/organowood.com\/it\/wp-json\/wp\/v2\/media\/6370"}],"wp:attachment":[{"href":"https:\/\/organowood.com\/it\/wp-json\/wp\/v2\/media?parent=3468"}],"curies":[{"name":"wp","href":"https:\/\/api.w.org\/{rel}","templated":true}]}}