{"id":3466,"date":"2019-10-30T08:40:44","date_gmt":"2019-10-30T08:40:44","guid":{"rendered":"https:\/\/organowood.com\/?page_id=3466"},"modified":"2023-06-19T11:50:08","modified_gmt":"2023-06-19T11:50:08","slug":"01-trattamento-protettivo","status":"publish","type":"page","link":"https:\/\/organowood.com\/it\/trattamento-superficiale\/01-trattamento-protettivo\/","title":{"rendered":"01 Trattamento protettivo"},"content":{"rendered":"<p><strong>Trattamento protettivo contro il marciume<br \/>\n<\/strong>OrganoWood\u00ae 01. Trattamento protettivo: Protezione antifiamma e antifunghi \u00e8 un prodotto a base di acqua composto da minerali di silicio ed estratti naturali di piante. Il legno cos\u00ec trattato \u00e8 protetto dall\u2019attacco di microorganismi e assume propriet\u00e0 ignifughe.<\/p>\n<p><strong>Campi di utilizzo<br \/>\n<\/strong>Il prodotto pu\u00f2 essere usato per il trattamento superficiale di qualsiasi legno non trattato o impregnato in autoclave, con alcune eccezioni. Il trattamento \u00e8 ideale su legni ad alto assorbimento come ad esempio pino e abete. Se il prodotto viene impiegato su essenze con una ridotta capacit\u00e0 di assorbimento, pu\u00f2 verificarsi un temporaneo cambiamento di colorazione. Insieme a OrganoWood\u00ae 02. Trattamento protettivo: Repellente per acqua e sporco, si ottiene un trattamento protettivo completo, che prolunga ulteriormente la durata del legno, contrasta i danni da umidit\u00e0 e impedisce gli attacchi dei microorganismi. OrganoWood\u00ae 01. Trattamento protettivo va applicato su tagli, fori e altre piccole lavorazioni effettuate durante il montaggio di OrganoWood\u00ae, oppure su altri legni o per il trattamento di legno per uso in esterni. Per altre domande sui campi di utilizzo, rivolgersi ai nostri esperti e distributori <a href=\"https:\/\/www.welinoco.com\/kontakt\">Welin &amp; Co.<\/a>.<\/p>\n<p><strong>Colore<br \/>\n<\/strong>OrganoWood\u00ae 01. Trattamento protettivo: Protezione antifiamma e antifunghi \u00e8 incolore e non modifica il colore del legno subito dopo l\u2019applicazione. Il legno trattato assume con il tempo un\u2019elegante tonalit\u00e0 grigio-argentea.<\/p>\n<p><strong>Ambiente e sostenibilit\u00e0<br \/>\n<\/strong>OrganoWood\u00ae 01. Trattamento protettivo: Protezione antifiamma e antifunghi contiene solamente sostanze biodegradabili. Il prodotto ha ottenuto il certificato ambientale svedese \u201dBra Milj\u00f6val\u201d, la classificazione B da SundaHus ed \u00e8 raccomandato da Byggvarubed\u00f6mningen e da BASTA. Tutte le sostanze nel prodotto sono classificate come non nocive per l\u2019ambiente dall\u2019Ispettorato svedese per i prodotti chimici. Per maggiori informazioni sulla sostenibilit\u00e0 di ciascun prodotto, sulle modalit\u00e0 di applicazione e altre specifiche tecniche, vedere la scheda tecnica del prodotto.<\/p>\n<p>OrganoWood\u00ae 01. Trattamento protettivo \u00e8 inserito nella lista del portale per i prodotti per la casa Il Cigno e pu\u00f2 essere usato in progetti con marchio Il Cigno.<\/p>\n<p>Per qualsiasi domanda su OrganoWood\u00ae Trattamento protettivo 01. contattare il nostro distributore Welin &amp; Co.<\/p>\n","protected":false},"excerpt":{"rendered":"<p>Trattamento protettivo contro il marciume OrganoWood\u00ae 01. Trattamento protettivo: Protezione antifiamma e antifunghi \u00e8 un prodotto a base di acqua composto da minerali di silicio ed estratti naturali di piante. Il legno cos\u00ec trattato \u00e8 protetto dall\u2019attacco di microorganismi e assume propriet\u00e0 ignifughe. Campi di utilizzo Il prodotto pu\u00f2 essere usato per il trattamento superficiale &hellip; <a href=\"https:\/\/organowood.com\/it\/trattamento-superficiale\/01-trattamento-protettivo\/\">Continued<\/a><\/p>\n","protected":false},"author":3,"featured_media":6367,"parent":3464,"menu_order":1,"comment_status":"closed","ping_status":"closed","template":"views\/template-product.blade.php","meta":{"_acf_changed":false,"footnotes":""},"class_list":["post-3466","page","type-page","status-publish","has-post-thumbnail","hentry"],"acf":[],"_links":{"self":[{"href":"https:\/\/organowood.com\/it\/wp-json\/wp\/v2\/pages\/3466","targetHints":{"allow":["GET"]}}],"collection":[{"href":"https:\/\/organowood.com\/it\/wp-json\/wp\/v2\/pages"}],"about":[{"href":"https:\/\/organowood.com\/it\/wp-json\/wp\/v2\/types\/page"}],"author":[{"embeddable":true,"href":"https:\/\/organowood.com\/it\/wp-json\/wp\/v2\/users\/3"}],"replies":[{"embeddable":true,"href":"https:\/\/organowood.com\/it\/wp-json\/wp\/v2\/comments?post=3466"}],"version-history":[{"count":5,"href":"https:\/\/organowood.com\/it\/wp-json\/wp\/v2\/pages\/3466\/revisions"}],"predecessor-version":[{"id":7505,"href":"https:\/\/organowood.com\/it\/wp-json\/wp\/v2\/pages\/3466\/revisions\/7505"}],"up":[{"embeddable":true,"href":"https:\/\/organowood.com\/it\/wp-json\/wp\/v2\/pages\/3464"}],"wp:featuredmedia":[{"embeddable":true,"href":"https:\/\/organowood.com\/it\/wp-json\/wp\/v2\/media\/6367"}],"wp:attachment":[{"href":"https:\/\/organowood.com\/it\/wp-json\/wp\/v2\/media?parent=3466"}],"curies":[{"name":"wp","href":"https:\/\/api.w.org\/{rel}","templated":true}]}}