{"id":3461,"date":"2019-10-30T08:24:24","date_gmt":"2019-10-30T08:24:24","guid":{"rendered":"https:\/\/organowood.com\/?page_id=3461"},"modified":"2019-10-30T08:24:59","modified_gmt":"2019-10-30T08:24:59","slug":"perlinato","status":"publish","type":"page","link":"https:\/\/organowood.com\/it\/perlinato\/","title":{"rendered":"Perlinato"},"content":{"rendered":"<h4>Perlinato per costruzioni in bioedilizia<\/h4>\n<p>OrganoWood\u00ae Perlinato Plus \u00e8 un legno con certificato ambientale modificato con silicio, per una lunga durata e una splendida tonalit\u00e0 grigio-argentea. La tecnologia brevettata protegge i legno dai funghi creando un effetto idrorepellente e migliorando le caratteristiche ignifughe.<\/p>\n<hr \/>\n<p><strong>Perlinato per ambienti difficili<\/strong><\/p>\n<p>Il perlinato OrganoWood\u00ae in legno modificato \u00e8 stato sviluppato per resistere efficacemente alle difficili condizioni esterne. La resistenza antifunghi \u00e8 stata testata da RISE (SP) con il test europeo EN 113.<\/p>\n<p>Ogni progetto \u00e8 unico. Per questo produciamo il perlinato OrganoWood\u00ae in legno modificato su ordinazione, nelle dimensioni e nei materiali che il cliente desidera, oltre al nostro perlinato standard. Per ottenere il risultato migliore, impregniamo in autoclave con silicio il nostro perlinato OrganoWood\u00ae. Collaboriamo strettamente con i nostri fornitori di legno, che ci assicurano una vasta scelta di dimensioni e profili.<\/p>\n<p>Il perlinato nella sua forma standard ha una colorazione naturale, e con il tempo assume un\u2019elegante tonalit\u00e0 grigio-argentea. Il legno viene selezionato accuratamente da abeti svedesi di alta qualit\u00e0 dalle foreste pi\u00f9 belle.<\/p>\n<hr \/>\n<h4>Ambiente e riciclaggio<\/h4>\n<p>Il perlinato OrganoWood\u00ae \u00e8 un\u2019alternativa ecologica al tradizionale legno impregnato. Il perlinato contiene solamente sostanze biodegradabili. Per questa ragione il legno non va smaltito come rifiuto pericoloso ma pu\u00f2 essere riciclato come legno non trattato, secondo le normative locali.\u00a0Tutte le sostanze contenute nel perlinato sono classificate come non pericolose per l\u2019ambiente secondo il regolamento CLP (CE n. 1272\/2008).<\/p>\n<h4>Garanzia<\/h4>\n<p>Il Perlinato OrganoWood\u00ae ha una garanzia di 10 anni dall&#8217;attacco di microorganismi (vedere il certificato di garanzia).<\/p>\n<p><strong>Opuscolo e disegni per i profili standard del perlinato.<\/strong><\/p>\n<hr \/>\n<p><img loading=\"lazy\" decoding=\"async\" class=\"alignnone size-full wp-image-2483\" src=\"https:\/\/organowood.com\/wp-content\/uploads\/2018\/11\/Paneldimensioner.jpg\" alt=\"\" width=\"2480\" height=\"2303\" \/><\/p>\n<hr \/>\n<p><strong>Panelbroschyr och ritningar p\u00e5 standardprofiler.<\/strong><\/p>\n","protected":false},"excerpt":{"rendered":"<p>Perlinato per costruzioni in bioedilizia OrganoWood\u00ae Perlinato Plus \u00e8 un legno con certificato ambientale modificato con silicio, per una lunga durata e una splendida tonalit\u00e0 grigio-argentea. La tecnologia brevettata protegge i legno dai funghi creando un effetto idrorepellente e migliorando le caratteristiche ignifughe. Perlinato per ambienti difficili Il perlinato OrganoWood\u00ae in legno modificato \u00e8 stato &hellip; <a href=\"https:\/\/organowood.com\/it\/perlinato\/\">Continued<\/a><\/p>\n","protected":false},"author":3,"featured_media":157,"parent":0,"menu_order":3,"comment_status":"closed","ping_status":"closed","template":"views\/template-product.blade.php","meta":{"_acf_changed":false,"footnotes":""},"class_list":["post-3461","page","type-page","status-publish","has-post-thumbnail","hentry"],"acf":[],"_links":{"self":[{"href":"https:\/\/organowood.com\/it\/wp-json\/wp\/v2\/pages\/3461","targetHints":{"allow":["GET"]}}],"collection":[{"href":"https:\/\/organowood.com\/it\/wp-json\/wp\/v2\/pages"}],"about":[{"href":"https:\/\/organowood.com\/it\/wp-json\/wp\/v2\/types\/page"}],"author":[{"embeddable":true,"href":"https:\/\/organowood.com\/it\/wp-json\/wp\/v2\/users\/3"}],"replies":[{"embeddable":true,"href":"https:\/\/organowood.com\/it\/wp-json\/wp\/v2\/comments?post=3461"}],"version-history":[{"count":2,"href":"https:\/\/organowood.com\/it\/wp-json\/wp\/v2\/pages\/3461\/revisions"}],"predecessor-version":[{"id":3463,"href":"https:\/\/organowood.com\/it\/wp-json\/wp\/v2\/pages\/3461\/revisions\/3463"}],"wp:featuredmedia":[{"embeddable":true,"href":"https:\/\/organowood.com\/it\/wp-json\/wp\/v2\/media\/157"}],"wp:attachment":[{"href":"https:\/\/organowood.com\/it\/wp-json\/wp\/v2\/media?parent=3461"}],"curies":[{"name":"wp","href":"https:\/\/api.w.org\/{rel}","templated":true}]}}