{"id":5797,"date":"2018-05-02T11:59:28","date_gmt":"2018-05-02T11:59:28","guid":{"rendered":"https:\/\/organowood.com\/products\/"},"modified":"2021-07-09T13:05:22","modified_gmt":"2021-07-09T13:05:22","slug":"traitement-de-surface","status":"publish","type":"page","link":"https:\/\/organowood.com\/fr\/traitement-de-surface\/","title":{"rendered":"Traitement de surface"},"content":{"rendered":"\n<div class=\"wp-block-columns is-layout-flex wp-container-core-columns-is-layout-9d6595d7 wp-block-columns-is-layout-flex\">\n<div class=\"wp-block-column is-layout-flow wp-block-column-is-layout-flow\">\n<figure class=\"wp-block-image size-large\"><img decoding=\"async\" src=\"https:\/\/organowood.com\/wp-content\/uploads\/2021\/07\/01.png\" alt=\"\" class=\"wp-image-5815\"\/><\/figure>\n<\/div>\n\n\n\n<div class=\"wp-block-column is-layout-flow wp-block-column-is-layout-flow\">\n<figure class=\"wp-block-image size-large\"><img decoding=\"async\" src=\"https:\/\/organowood.com\/wp-content\/uploads\/2021\/07\/02.png\" alt=\"\" class=\"wp-image-5816\"\/><\/figure>\n<\/div>\n\n\n\n<div class=\"wp-block-column is-layout-flow wp-block-column-is-layout-flow\">\n<figure class=\"wp-block-image size-large\"><img decoding=\"async\" src=\"https:\/\/organowood.com\/wp-content\/uploads\/2021\/07\/03.png\" alt=\"\" class=\"wp-image-5817\"\/><\/figure>\n<\/div>\n<\/div>\n\n\n\n<h1 class=\"wp-block-heading\">Traitement de surface<\/h1>\n\n\n\n<p><strong><strong><strong><strong>Inspir\u00e9 par la chimie de la nature elle-m\u00eame, OrganoWood a d\u00e9velopp\u00e9 un syst\u00e8me su\u00e9dois, brevet\u00e9, portant le label \u00e9cologique de protection du bois pour le traitement de surface et l\u2019entretien du bois, tels que le bois impr\u00e9gn\u00e9 sous pression, des caillebotis, balcons, terrasses, jet\u00e9es, fa\u00e7ades non trait\u00e9es, etc. Le syst\u00e8me de protection du bois OrganoWood\u00ae se compose de trois produits. Ils cr\u00e9ent ensemble un syst\u00e8me de protection du bois durable et complet qui prot\u00e8ge la surface contre les attaques de champignons et offre une meilleure protection contre les flammes. La protection du bois OrganoWood\u00ae est bas\u00e9e sur des min\u00e9raux naturels de silicium qui ne sont ni nocifs pour vous ni pour l\u2019environnement, et c\u2019est une alternative efficace \u00e0 l\u2019huile de bois traditionnelle et l\u2019huile de caillebotis ou aux produits de protection en bois non respectueux de l\u2019environnement. Les produits sont faciles \u00e0 appliquer et donnent au bois au fil du temps une belle surface gris argent.<\/strong><\/strong><\/strong><\/strong><\/p>\n\n\n\n<p><strong>Avantages du syst\u00e8me de protection du bois avec OrganoWood\u00ae :&nbsp;<\/strong><\/p>\n\n\n\n<ul class=\"wp-block-list\"><li>Protection efficace du bois.&nbsp;<\/li><li>Cr\u00e9e une belle surface gris argent.<\/li><li>Hydrofuge et antisalissant.<\/li><li>R\u00e9duit le besoin d\u2019entretien futur.<\/li><\/ul>\n\n\n\n<div style=\"height:20px\" aria-hidden=\"true\" class=\"wp-block-spacer\"><\/div>\n\n\n\n<div class=\"wp-block-columns is-layout-flex wp-container-core-columns-is-layout-9d6595d7 wp-block-columns-is-layout-flex\">\n<div class=\"wp-block-column is-layout-flow wp-block-column-is-layout-flow\">\n<figure class=\"wp-block-image size-large\"><img decoding=\"async\" src=\"https:\/\/organowood.com\/wp-content\/uploads\/2021\/04\/1-1.jpg\" alt=\"\" class=\"wp-image-5481\"\/><\/figure>\n<\/div>\n\n\n\n<div class=\"wp-block-column is-layout-flow wp-block-column-is-layout-flow\">\n<figure class=\"wp-block-image size-large\"><img decoding=\"async\" src=\"https:\/\/organowood.com\/wp-content\/uploads\/2021\/04\/3-1.jpg\" alt=\"\" class=\"wp-image-5480\"\/><\/figure>\n<\/div>\n\n\n\n<div class=\"wp-block-column is-layout-flow wp-block-column-is-layout-flow\">\n<figure class=\"wp-block-image size-large\"><img decoding=\"async\" src=\"https:\/\/organowood.com\/wp-content\/uploads\/2021\/04\/28_.png\" alt=\"\" class=\"wp-image-5478\"\/><\/figure>\n<\/div>\n<\/div>\n\n\n\n<p><strong><strong><strong><strong>Technologie<\/strong><\/strong><\/strong><\/strong><br>La technologie \u00e9cologique sans \u00e9quivalent d\u2019OrganoWood\u00ae imite les solutions intelligentes de la nature elle-m\u00eame. Cette technologie a \u00e9t\u00e9 d\u00e9velopp\u00e9e en tirant son inspiration de la fa\u00e7on dont diff\u00e9rentes plantes se prot\u00e8gent contre les attaques de champignons et les incendies avec des min\u00e9raux de silicium. Dans notre technologie, les substances de silicium sont li\u00e9es aux fibres du bois gr\u00e2ce \u00e0 la technologie brevet\u00e9e OrganoClick\u00ae qui cr\u00e9e une barri\u00e8re physique contre les attaques de champignons au lieu d\u2019agir comme un fongicide (poison). En outre, les min\u00e9raux de silicium ne sont pas combustibles, ce qui donne au bois une meilleure protection contre les flammes.<\/p>\n\n\n\n<p><strong>Un bois qui peut \u00eatre trait\u00e9<\/strong> <\/p>\n\n\n\n<p>Les traitements de surface d\u2019OrganoWood\u00ae peuvent \u00eatre utilis\u00e9s sur la plupart des types de bois, tels que le bois impr\u00e9gn\u00e9 sous pression traditionnel, le c\u00e8dre, le m\u00e9l\u00e8ze, le bois de c\u0153ur de pin, le sapin non trait\u00e9 ou le bois modifi\u00e9 tel que ThermoWood. Les produits peuvent \u00e9galement \u00eatre utilis\u00e9s sur du bois pr\u00e9c\u00e9demment trait\u00e9 avec de l\u2019huile, du vernis ou du glacis en retirant au pr\u00e9alable le traitement pr\u00e9c\u00e9dent, par exemple par meulage.<\/p>\n\n\n\n<p><strong>Les avantages pour vous et pour la nature<\/strong><\/p>\n\n\n\n<p>Lorsque vous utilisez le syst\u00e8me de protection du bois OrganoWood\u00ae \u00e0 l\u2019ext\u00e9rieur, le bois est efficacement prot\u00e9g\u00e9. La surface devient hydrofuge et antisalissant et plus facile \u00e0 garder propre, et il est moins expos\u00e9 \u00e0 la fissuration et \u00e0 l\u2019\u00e9caillage. Le bois vieillit naturellement et acquiert une belle teinte argent\u00e9e au fil du temps. Une enduction avec le produit respectif suffit. Le syst\u00e8me de protection du bois OrganoWood\u00ae est b\u00e9n\u00e9fique pour l\u2019environnement et ne contient que des substances qui peuvent \u00eatre r\u00e9int\u00e9gr\u00e9es dans le cycle naturel.<\/p>\n\n\n\n<p><strong>Le syst\u00e8me se compose de :<\/strong><\/p>\n\n\n\n<p>Produit de protection du bois OrganoWood\u00ae 01. Traitement de base pour le bois qui offre une meilleure protection contre les attaques de champignons et produit la couleur gris argent. Le produit de protection du bois OrganoWood\u00ae 01 est \u00e0 base d\u2019eau et se compose de min\u00e9raux de silicium et de substances v\u00e9g\u00e9tales naturelles. Pour en savoir plus (lien vers la sous-page)<\/p>\n\n\n\n<p>Produit de protection du bois OrganoWood\u00ae 02. Traitement de surface qui apporte au bois des propri\u00e9t\u00e9s hydrofuges et antisalissures, tout en r\u00e9duisant le risque de salissures superficielles. Pour en savoir plus (lien vers la sous-page)<\/p>\n\n\n\n<p>Produit de protection du bois OrganoWood\u00ae 03. D\u00e9tergent efficace utilis\u00e9 avant le traitement d\u2019OrganoWood\u00ae 01. \u00c9galement utilis\u00e9 pour le lavage d\u2019entretien de bois pr\u00e9c\u00e9demment trait\u00e9 avec OrganoWood\u00ae, ou pour le nettoyage g\u00e9n\u00e9ral des caillebotis, balcons, terrasses et surfaces en bois en plein air. Pour en savoir plus (lien vers la sous-page)<\/p>\n\n\n\n<p>Pour plus d\u2019informations sur OrganoWood, contactez notre distributeur xxxxxxx. Merci d\u2019avoir contribu\u00e9 \u00e0 un avenir durable.<\/p>\n\n\n\n<figure class=\"wp-block-video aligncenter\"><video height=\"1080\" style=\"aspect-ratio: 1920 \/ 1080;\" width=\"1920\" controls src=\"https:\/\/organowood.com\/wp-content\/uploads\/2021\/05\/Organowood_long-us_low.mp4\"><\/video><\/figure>\n","protected":false},"excerpt":{"rendered":"<p>Traitement de surface Inspir\u00e9 par la chimie de la nature elle-m\u00eame, OrganoWood a d\u00e9velopp\u00e9 un syst\u00e8me su\u00e9dois, brevet\u00e9, portant le label \u00e9cologique de protection du bois pour le traitement de surface et l\u2019entretien du bois, tels que le bois impr\u00e9gn\u00e9 sous pression, des caillebotis, balcons, terrasses, jet\u00e9es, fa\u00e7ades non trait\u00e9es, etc. Le syst\u00e8me de protection &hellip; <a href=\"https:\/\/organowood.com\/fr\/traitement-de-surface\/\">Continued<\/a><\/p>\n","protected":false},"author":4,"featured_media":0,"parent":0,"menu_order":0,"comment_status":"closed","ping_status":"closed","template":"views\/template-product-archive.blade.php","meta":{"_acf_changed":false,"footnotes":""},"class_list":["post-5797","page","type-page","status-publish","hentry"],"acf":[],"_links":{"self":[{"href":"https:\/\/organowood.com\/fr\/wp-json\/wp\/v2\/pages\/5797","targetHints":{"allow":["GET"]}}],"collection":[{"href":"https:\/\/organowood.com\/fr\/wp-json\/wp\/v2\/pages"}],"about":[{"href":"https:\/\/organowood.com\/fr\/wp-json\/wp\/v2\/types\/page"}],"author":[{"embeddable":true,"href":"https:\/\/organowood.com\/fr\/wp-json\/wp\/v2\/users\/4"}],"replies":[{"embeddable":true,"href":"https:\/\/organowood.com\/fr\/wp-json\/wp\/v2\/comments?post=5797"}],"version-history":[{"count":5,"href":"https:\/\/organowood.com\/fr\/wp-json\/wp\/v2\/pages\/5797\/revisions"}],"predecessor-version":[{"id":5822,"href":"https:\/\/organowood.com\/fr\/wp-json\/wp\/v2\/pages\/5797\/revisions\/5822"}],"wp:attachment":[{"href":"https:\/\/organowood.com\/fr\/wp-json\/wp\/v2\/media?parent=5797"}],"curies":[{"name":"wp","href":"https:\/\/api.w.org\/{rel}","templated":true}]}}