{"id":7874,"date":"2024-01-08T10:22:52","date_gmt":"2024-01-08T10:22:52","guid":{"rendered":"https:\/\/organowood.com\/?page_id=7874"},"modified":"2025-03-05T12:55:13","modified_gmt":"2025-03-05T12:55:13","slug":"nowa-paneelipuutavara","status":"publish","type":"page","link":"https:\/\/organowood.com\/fi\/nowa-paneelipuutavara\/","title":{"rendered":"Nowa Paneelipuutavara"},"content":{"rendered":"\n<h3 class=\"wp-block-heading\"><strong>Ilman biosideja tuotettu puutavara on kest\u00e4v\u00e4 ja luonnollinen valinta!<\/strong><\/h3>\n\n\n\n<h5 class=\"wp-block-heading\"><strong>OrganoWood<sup>\u00ae<\/sup> Nowa panelvirke \u00e4r ett naturf\u00e4rgat virke som gr\u00e5nar naturligt i utomhusmilj\u00f6er.<\/strong><\/h5>\n\n\n\n<p>Puutavara painek\u00e4sitell\u00e4\u00e4n OrganoWoodin patentoidulla kemiallisella menetelm\u00e4ll\u00e4, joka suojaa puuta tehokkaasti lahoamiselta. Biosidivapaa kemiallinen k\u00e4sittelyprosessi on hell\u00e4varainen puulle ja luo ymp\u00e4rist\u00f6n, jossa lahosienet eiv\u00e4t viihdy.<\/p>\n\n\n\n<p>Vesipohjainen mineraalisekoitus sy\u00f6tet\u00e4\u00e4n paineen avulla puutavaraan. Kun vesi haihtuu, molekyylit muodostavat vahvoja sidoksia puun kuituihin. N\u00e4in ominaisuudet s\u00e4ilyv\u00e4t pitk\u00e4aikaisessa k\u00e4yt\u00f6ss\u00e4 kosteissa ymp\u00e4rist\u00f6iss\u00e4.<\/p>\n\n\n\n<hr class=\"wp-block-separator has-css-opacity\"\/>\n\n\n\n<div class=\"wp-block-columns is-layout-flex wp-container-core-columns-is-layout-9d6595d7 wp-block-columns-is-layout-flex\">\n<div class=\"wp-block-column is-layout-flow wp-block-column-is-layout-flow\" style=\"flex-basis:66.66%\">\n<h2 class=\"wp-block-heading\">OrganoWood Nowa Paneelilauta <\/h2>\n\n\n\n<p>Patentoitu kemiallinen menetelm\u00e4 ja vihre\u00e4 valmistusprosessi takaavat vastuullisen<br>vaihtoehdon perinteiselle puutavaralle, kun ymp\u00e4rist\u00f6seikat ovat t\u00e4rkeit\u00e4! OrganoWood<sup>\u00ae<\/sup> Nowa ei ole vain hyv\u00e4 vaihtoehto ymp\u00e4rist\u00f6lle, vaan se sulautuu my\u00f6s kauniisti osaksi luontoa ja milj\u00f6\u00f6t\u00e4. Se on erinomainen vaihtoehto niille, jotka haluavat rakentaa kutsuvan tilan ilman haitallisia ymp\u00e4rist\u00f6vaikutuksia. Terasseihin ja rakennuksiin, jotka vanhentuvat arvokkuudella!<\/p>\n\n\n\n<h5 class=\"wp-block-heading\"><strong>Harmaantuminen<\/strong><\/h5>\n\n\n\n<p>Ulos asennettava puutavara harmaantuu luonnollisesti. Harmaantuminen n\u00e4ytt\u00e4\u00e4 erilaiselta riippuen s\u00e4\u00e4olosuhteista, ilmastosta ja altistuksesta. Joissakin tapauksissa harmaantuminen voi olla alussa l\u00e4ikik\u00e4st\u00e4 tai esiinty\u00e4 tummempina pistein\u00e4\/laikkuina. T\u00e4m\u00e4 tasaantuu suhteellisen nopeasti. Auringolta suojaan, esimerkiksi parvekkeen alle, asennettu paneeli harmaantuu hitaammin tai ei lainkaan.<\/p>\n<\/div>\n\n\n\n<div class=\"wp-block-column is-layout-flow wp-block-column-is-layout-flow\" style=\"flex-basis:33.33%\">\n<figure class=\"wp-block-image size-large is-resized\"><img loading=\"lazy\" decoding=\"async\" width=\"4000\" height=\"4000\" src=\"https:\/\/organowood.com\/wp-content\/uploads\/2023\/04\/1006-Organowood-4000x4000-PNG.png\" alt=\"\" class=\"wp-image-7379\" style=\"width:400px;height:400px\" srcset=\"https:\/\/organowood.com\/wp-content\/uploads\/2023\/04\/1006-Organowood-4000x4000-PNG.png 4000w, https:\/\/organowood.com\/wp-content\/uploads\/2023\/04\/1006-Organowood-4000x4000-PNG-1536x1536.png 1536w, https:\/\/organowood.com\/wp-content\/uploads\/2023\/04\/1006-Organowood-4000x4000-PNG-2048x2048.png 2048w\" sizes=\"auto, (max-width: 4000px) 100vw, 4000px\" \/><\/figure>\n\n\n\n<p><\/p>\n<\/div>\n<\/div>\n\n\n\n<hr class=\"wp-block-separator has-css-opacity\"\/>\n\n\n\n<h3 class=\"wp-block-heading\"><strong><strong>Ilmaston puolesta<\/strong><\/strong><\/h3>\n\n\n\n<p>OrganoWood<sup>\u00ae<\/sup> Nowa -terassilautojen kuusipuutavara<br>valmistetaan korkealaatuisesta kuusesta, joka kasvaa parhaissa metsiss\u00e4. OrganoWood<sup>\u00ae<\/sup> Nowa on vuonna 2015 aloitetun kehitysty\u00f6n tulos, ja sit\u00e4 on testattu vuodesta 2017.<\/p>\n\n\n\n<p>OrganoWood<sup>\u00ae<\/sup> Nowa -puutavara on kehitetty kest\u00e4m\u00e4\u00e4n ankaria olosuhteita eik\u00e4 sen tuotannossa k\u00e4ytet\u00e4 lainkaan haitallisia aineita. Kaikki aineosat on luokiteltu ymp\u00e4rist\u00f6lle vaarattomiksi kemikaaleja<br>koskevan CLP-asetuksen mukaisesti, ja ne voidaan kierr\u00e4tt\u00e4\u00e4 t\u00e4ysin luonnonmukaisesti. OrganoWoodpuutavara voidaan siis kierr\u00e4tt\u00e4\u00e4 k\u00e4sittelem\u00e4tt\u00f6m\u00e4n puun tavoin, toisin kuin perinteinen painekyll\u00e4stetty<br>puutavara, joka voi olla ymp\u00e4rist\u00f6lle vaarallista j\u00e4tett\u00e4.<\/p>\n\n\n\n<p>Ruotsalainen OrganoWood on nyky\u00e4\u00e4n yksi vain muutamista ymp\u00e4rist\u00f6luokitelluista painekyll\u00e4stetyn julkisivu-, terassi- ja rakennuspuutavaran tuottajista. Jotta OrganoWood<sup>\u00ae<\/sup> Nowa olisi oikeasti vastuullinen vaihtoehto, my\u00f6s raaka-aineen t\u00e4ytyy tulla vastuullisesti hoidetuista metsist\u00e4. Kaikki OrganoWood-puutavara on FSC<sup>\u00ae<\/sup> (FSC-C120532)- ja PEFC<sup>\u00ae<\/sup> (PEFC\/05-35-168) sertifioitua.<\/p>\n\n\n\n<hr class=\"wp-block-separator has-css-opacity\"\/>\n\n\n\n<div class=\"wp-block-columns is-layout-flex wp-container-core-columns-is-layout-9d6595d7 wp-block-columns-is-layout-flex\">\n<div class=\"wp-block-column is-layout-flow wp-block-column-is-layout-flow\" style=\"flex-basis:66.66%\">\n<h2 class=\"wp-block-heading\">Maalaus<\/h2>\n\n\n\n<p>OrganoWood<sup>\u00ae<\/sup> Nowaa voi maalata. Kokeile aina ensin pienelle koepalalle. K\u00e4yt\u00e4 ulkok\u00e4ytt\u00f6\u00f6n sopivaa maalia ja noudata valmistajan ohjeita. Varmista, ett\u00e4 puutavara on ehtinyt tuulettua v\u00e4hint\u00e4\u00e4n 12 viikkoa ennen asennusta ja ett\u00e4 puu on kuivaa ja puhdasta maalausp\u00e4iv\u00e4n\u00e4.<\/p>\n\n\n\n<p><strong>Jos puutavara on k\u00e4sitelty OrganoWood<sup>\u00ae<\/sup>-puunsuojalla, sit\u00e4 ei voi maalata!<\/strong><\/p>\n<\/div>\n\n\n\n<div class=\"wp-block-column is-layout-flow wp-block-column-is-layout-flow\" style=\"flex-basis:33.33%\">\n<figure class=\"wp-block-image size-large is-resized\"><img loading=\"lazy\" decoding=\"async\" width=\"4000\" height=\"4000\" src=\"https:\/\/organowood.com\/wp-content\/uploads\/2023\/04\/Organowood-4000x4000_PNG_.png\" alt=\"\" class=\"wp-image-7380\" style=\"width:400px;height:400px\" srcset=\"https:\/\/organowood.com\/wp-content\/uploads\/2023\/04\/Organowood-4000x4000_PNG_.png 4000w, https:\/\/organowood.com\/wp-content\/uploads\/2023\/04\/Organowood-4000x4000_PNG_-1536x1536.png 1536w, https:\/\/organowood.com\/wp-content\/uploads\/2023\/04\/Organowood-4000x4000_PNG_-2048x2048.png 2048w\" sizes=\"auto, (max-width: 4000px) 100vw, 4000px\" \/><\/figure>\n<\/div>\n<\/div>\n\n\n\n<hr class=\"wp-block-separator has-css-opacity\"\/>\n\n\n\n<div style=\"height:21px\" aria-hidden=\"true\" class=\"wp-block-spacer\"><\/div>\n\n\n\n<figure class=\"wp-block-image size-large\"><img decoding=\"async\" src=\"https:\/\/organowood.com\/wp-content\/uploads\/2023\/10\/villa-koppar_ulkona_ISO.jpg\" alt=\"\" class=\"wp-image-7668\"\/><figcaption class=\"wp-element-caption\"><em>NOWA-PANEELILAUTOJEN ASENNUS. Villa Koppar, Finland &#8211; Designer: Collaboratorio<\/em><\/figcaption><\/figure>\n","protected":false},"excerpt":{"rendered":"<p>Ilman biosideja tuotettu puutavara on kest\u00e4v\u00e4 ja luonnollinen valinta! OrganoWood\u00ae Nowa panelvirke \u00e4r ett naturf\u00e4rgat virke som gr\u00e5nar naturligt i utomhusmilj\u00f6er. Puutavara painek\u00e4sitell\u00e4\u00e4n OrganoWoodin patentoidulla kemiallisella menetelm\u00e4ll\u00e4, joka suojaa puuta tehokkaasti lahoamiselta. Biosidivapaa kemiallinen k\u00e4sittelyprosessi on hell\u00e4varainen puulle ja luo ymp\u00e4rist\u00f6n, jossa lahosienet eiv\u00e4t viihdy. Vesipohjainen mineraalisekoitus sy\u00f6tet\u00e4\u00e4n paineen avulla puutavaraan. Kun vesi haihtuu, molekyylit &hellip; <a href=\"https:\/\/organowood.com\/fi\/nowa-paneelipuutavara\/\">Continued<\/a><\/p>\n","protected":false},"author":3,"featured_media":0,"parent":0,"menu_order":0,"comment_status":"closed","ping_status":"closed","template":"","meta":{"_acf_changed":false,"footnotes":""},"class_list":["post-7874","page","type-page","status-publish","hentry"],"acf":[],"_links":{"self":[{"href":"https:\/\/organowood.com\/fi\/wp-json\/wp\/v2\/pages\/7874","targetHints":{"allow":["GET"]}}],"collection":[{"href":"https:\/\/organowood.com\/fi\/wp-json\/wp\/v2\/pages"}],"about":[{"href":"https:\/\/organowood.com\/fi\/wp-json\/wp\/v2\/types\/page"}],"author":[{"embeddable":true,"href":"https:\/\/organowood.com\/fi\/wp-json\/wp\/v2\/users\/3"}],"replies":[{"embeddable":true,"href":"https:\/\/organowood.com\/fi\/wp-json\/wp\/v2\/comments?post=7874"}],"version-history":[{"count":3,"href":"https:\/\/organowood.com\/fi\/wp-json\/wp\/v2\/pages\/7874\/revisions"}],"predecessor-version":[{"id":19601,"href":"https:\/\/organowood.com\/fi\/wp-json\/wp\/v2\/pages\/7874\/revisions\/19601"}],"wp:attachment":[{"href":"https:\/\/organowood.com\/fi\/wp-json\/wp\/v2\/media?parent=7874"}],"curies":[{"name":"wp","href":"https:\/\/api.w.org\/{rel}","templated":true}]}}