{"id":7274,"date":"2023-03-30T06:52:52","date_gmt":"2023-03-30T06:52:52","guid":{"rendered":"https:\/\/organowood.com\/?page_id=7274"},"modified":"2025-03-05T13:21:56","modified_gmt":"2025-03-05T13:21:56","slug":"ilman-biosideja-tuotettu-puutavara-on-kestava-ja-luonnollinen-valinta","status":"publish","type":"page","link":"https:\/\/organowood.com\/fi\/ilman-biosideja-tuotettu-puutavara-on-kestava-ja-luonnollinen-valinta\/","title":{"rendered":"Nowa terassilauta &#038; rakennuspuutavara"},"content":{"rendered":"\n<p style=\"font-size:21px\">Ilman biosideja tuotettu puutavara on kest\u00e4v\u00e4 ja luonnollinen valinta!<\/p>\n\n\n\n<p><strong>OrganoWood<sup>\u00ae<\/sup> Nowa -terassilaudat ovat luonnollisen v\u00e4risi\u00e4 ja niiss\u00e4 on miellytt\u00e4v\u00e4n sile\u00e4 pinta, joka harmaantuu luonnollisesti ulkona.<\/strong><\/p>\n\n\n\n<p>Puutavara k\u00e4sitell\u00e4\u00e4n OrganoWoodin patentoidulla kemiallisella menetelm\u00e4ll\u00e4, joka suojaa puuta tehokkaasti lahoamiselta. Biosidivapaa kemiallinen k\u00e4sittelyprosessi on hell\u00e4varainen puulle ja luo ymp\u00e4rist\u00f6n, jossa lahosienet eiv\u00e4t viihdy.<\/p>\n\n\n\n<p>Vesipohjainen mineraalisekoitus sy\u00f6tet\u00e4\u00e4n paineen avulla puutavaraan. Kun vesi haihtuu, molekyylit muodostavat vahvoja sidoksia puun kuituihin. N\u00e4in ominaisuudet s\u00e4ilyv\u00e4t pitk\u00e4aikaisessa k\u00e4yt\u00f6ss\u00e4 kosteissa ymp\u00e4rist\u00f6iss\u00e4.<\/p>\n\n\n\n<hr class=\"wp-block-separator has-css-opacity\"\/>\n\n\n\n<figure class=\"wp-block-image size-full\"><img decoding=\"async\" src=\"https:\/\/organowood.com\/wp-content\/uploads\/2025\/01\/OrganoWood_Nowa_Svanen_inre_hamnen_FI-scaled.jpg\" alt=\"\" class=\"wp-image-19000\"\/><figcaption class=\"wp-element-caption\"><em>Inre Hamnen, Norrk\u00f6ping 2023<\/em>. Photographer: Sofia Andersson, FotograFia<\/figcaption><\/figure>\n\n\n\n<p><strong>Raaka-aine<\/strong><\/p>\n\n\n\n<p>Raaka-aine OrganoWood<sup>\u00ae<\/sup> Nowa -terassilautoihin valmistetaan korkealaatuisesta m\u00e4nnyst\u00e4, joka kasvaa parhaissa m\u00e4ntymetsiss\u00e4. OrganoWood<sup>\u00ae<\/sup> Nowa on vuonna 2015 aloitetun kehitysty\u00f6n tulos, ja sit\u00e4 on testattu vuodesta 2017.<\/p>\n\n\n\n<hr class=\"wp-block-separator has-css-opacity\"\/>\n\n\n\n<p><strong><strong>Patentoitu kemiallinen<\/strong><\/strong><\/p>\n\n\n\n<p>Patentoitu kemiallinen menetelm\u00e4 ja vihre\u00e4 valmistusprosessi takaavat vastuullisen vaihtoehdon perinteiselle terassilaudalle, kun ymp\u00e4rist\u00f6seikat ovat t\u00e4rkeit\u00e4! OrganoWood<sup>\u00ae<\/sup> Nowa ei ole vain hyv\u00e4 vaihtoehto ymp\u00e4rist\u00f6lle, vaan se sulautuu my\u00f6s kauniisti osaksi luontoa ja milj\u00f6\u00f6t\u00e4. Se on erinomainen vaihtoehto niille, jotka haluavat rakentaa kutsuvan terassin ilman haitallisia ymp\u00e4rist\u00f6vaikutuksia. N\u00e4in terassi voi vanheta arvokkuudella!<\/p>\n\n\n\n<hr class=\"wp-block-separator has-css-opacity\"\/>\n\n\n\n<div class=\"wp-block-columns is-layout-flex wp-container-core-columns-is-layout-9d6595d7 wp-block-columns-is-layout-flex\">\n<div class=\"wp-block-column is-layout-flow wp-block-column-is-layout-flow\">\n<figure class=\"wp-block-image size-large\"><img decoding=\"async\" src=\"https:\/\/organowood.com\/wp-content\/uploads\/2023\/02\/1008-Organowood-4000x4000-iTRADEPHOTO-scaled.jpg\" alt=\"\" class=\"wp-image-7139\"\/><\/figure>\n<\/div>\n\n\n\n<div class=\"wp-block-column is-layout-flow wp-block-column-is-layout-flow\">\n<p><strong><strong><strong>Ilmaston puolesta<\/strong><\/strong><\/strong><\/p>\n\n\n\n<p>OrganoWood<sup>\u00ae<\/sup> Nowa on kehitetty kest\u00e4m\u00e4\u00e4n ankaria olosuhteita eik\u00e4 sen tuotannossa k\u00e4ytet\u00e4 lainkaan haitallisia aineita. Kaikki aineosat on luokiteltu ymp\u00e4rist\u00f6lle vaarattomiksi kemikaaleja koskevan CLP-asetuksen mukaisesti, ja ne voidaan kierr\u00e4tt\u00e4\u00e4 t\u00e4ysin luonnonmukaisesti. OrganoWood<sup>\u00ae<\/sup>-puutavara voidaan siis kierr\u00e4tt\u00e4\u00e4 k\u00e4sittelem\u00e4tt\u00f6m\u00e4n puun tavoin, toisin kuin perinteinen painekyll\u00e4stetty puutavara, joka voi olla ymp\u00e4rist\u00f6lle vaarallista j\u00e4tett\u00e4.<\/p>\n\n\n\n<p>Ruotsalainen OrganoWood<sup>\u00ae<\/sup> on nyky\u00e4\u00e4n yksi vain muutamista ymp\u00e4rist\u00f6luokitelluista painekyll\u00e4stetyn julkisivu-, terassi- ja rakennuspuutavaran tuottajista.<\/p>\n\n\n\n<p>Jotta OrganoWood<sup>\u00ae<\/sup> Nowa olisi oikeasti vastuullinen vaihtoehto, my\u00f6s raaka-aineen t\u00e4ytyy tulla vastuullisesti hoidetuista metsist\u00e4. Kaikki OrganoWood<sup>\u00ae<\/sup> -puutavara on FSC<sup>\u00ae<\/sup> (FSC-C120532)- ja PEFC<sup>\u00ae<\/sup> (PEFC\/05-35-168) sertifioitua.<\/p>\n\n\n\n<p><strong>K\u00e4ytt\u00f6alueet<\/strong><\/p>\n\n\n\n<p>OrganoWood<sup>\u00ae<\/sup> Nowa soveltuu ulkok\u00e4ytt\u00f6\u00f6n maanpinnan yl\u00e4puolisissa asennuksissa, esimerkiksi terasseihin, laitureihin, aitoihin, siltoihin, kattoterasseihin, pitkospuihin, puutarhakalusteisiin, meluaitoihin, pergoloihin ja leikkipaikoille.<\/p>\n<\/div>\n<\/div>\n\n\n\n<hr class=\"wp-block-separator has-css-opacity\"\/>\n\n\n\n<figure class=\"wp-block-image size-large\"><img decoding=\"async\" src=\"https:\/\/organowood.com\/wp-content\/uploads\/2023\/09\/Inre-Hamnen3.png\" alt=\"\" class=\"wp-image-7590\"\/><figcaption class=\"wp-element-caption\"><em>Inre Hamnen, Norrk\u00f6ping 2023<\/em>. Photographer: Sofia Andersson, FotograFia<\/figcaption><\/figure>\n\n\n\n<hr class=\"wp-block-separator has-css-opacity\"\/>\n\n\n\n<div class=\"wp-block-columns is-layout-flex wp-container-core-columns-is-layout-9d6595d7 wp-block-columns-is-layout-flex\">\n<div class=\"wp-block-column is-layout-flow wp-block-column-is-layout-flow\">\n<h4 class=\"wp-block-heading has-text-align-center\"><strong><strong><strong>Nowa terassilauta<\/strong><\/strong><\/strong><\/h4>\n\n\n\n<figure class=\"wp-block-table\"><table><tbody><tr><td class=\"has-text-align-center\" data-align=\"center\">TERASSILAUTA<br>Mitat (mm)<\/td><\/tr><tr><td class=\"has-text-align-center\" data-align=\"center\">22 x 95<\/td><\/tr><tr><td class=\"has-text-align-center\" data-align=\"center\">28 x 120<\/td><\/tr><tr><td class=\"has-text-align-center\" data-align=\"center\">28 x 145<\/td><\/tr><tr><td class=\"has-text-align-center\" data-align=\"center\">34 x 145<\/td><\/tr><tr><td class=\"has-text-align-center\" data-align=\"center\">45 x 145<\/td><\/tr><tr><td class=\"has-text-align-center\" data-align=\"center\">45 x 170<\/td><\/tr><\/tbody><\/table><\/figure>\n\n\n\n<h4 class=\"wp-block-heading has-text-align-center\"><strong><strong><strong>Nowa rakennuspuutavaraa<\/strong><\/strong><\/strong><\/h4>\n\n\n\n<figure class=\"wp-block-table\"><table><tbody><tr><td class=\"has-text-align-center\" data-align=\"center\">KOOLINGIT<br>Mitat (mm)<\/td><\/tr><tr><td class=\"has-text-align-center\" data-align=\"center\">45 x 45<\/td><\/tr><tr><td class=\"has-text-align-center\" data-align=\"center\">45 x 70<\/td><\/tr><tr><td class=\"has-text-align-center\" data-align=\"center\">45 x 95<\/td><\/tr><tr><td class=\"has-text-align-center\" data-align=\"center\">45 x 120, C24<\/td><\/tr><tr><td class=\"has-text-align-center\" data-align=\"center\">45 x 145, C24<\/td><\/tr><tr><td class=\"has-text-align-center\" data-align=\"center\">45 x 170, C24<\/td><\/tr><tr><td class=\"has-text-align-center\" data-align=\"center\">45 x 195, C24<\/td><\/tr><tr><td class=\"has-text-align-center\" data-align=\"center\">45 x 220, C24<\/td><\/tr><\/tbody><\/table><\/figure>\n\n\n\n<p><\/p>\n<\/div>\n\n\n\n<div class=\"wp-block-column is-layout-flow wp-block-column-is-layout-flow\">\n<figure class=\"wp-block-image size-large\"><img decoding=\"async\" src=\"https:\/\/organowood.com\/wp-content\/uploads\/2023\/09\/Organowood_trallvirke.png\" alt=\"\" class=\"wp-image-7605\"\/><\/figure>\n\n\n\n<p><\/p>\n<\/div>\n<\/div>\n\n\n\n<div class=\"wp-block-columns is-layout-flex wp-container-core-columns-is-layout-9d6595d7 wp-block-columns-is-layout-flex\">\n<div class=\"wp-block-column is-layout-flow wp-block-column-is-layout-flow\">\n<figure class=\"wp-block-table\"><table><tbody><tr><td class=\"has-text-align-center\" data-align=\"center\">RIMA<br>Mitat (mm)<\/td><\/tr><tr><td class=\"has-text-align-center\" data-align=\"center\">28 x 45<\/td><\/tr><\/tbody><\/table><\/figure>\n<\/div>\n\n\n\n<div class=\"wp-block-column is-layout-flow wp-block-column-is-layout-flow\">\n<figure class=\"wp-block-table\"><table><tbody><tr><td class=\"has-text-align-center\" data-align=\"center\">TOLPAT<br>Mitat (mm)<\/td><\/tr><tr><td class=\"has-text-align-center\" data-align=\"center\">70 x 70<\/td><\/tr><tr><td class=\"has-text-align-center\" data-align=\"center\">95 x 95<\/td><\/tr><\/tbody><\/table><\/figure>\n<\/div>\n<\/div>\n","protected":false},"excerpt":{"rendered":"<p>Ilman biosideja tuotettu puutavara on kest\u00e4v\u00e4 ja luonnollinen valinta! OrganoWood\u00ae Nowa -terassilaudat ovat luonnollisen v\u00e4risi\u00e4 ja niiss\u00e4 on miellytt\u00e4v\u00e4n sile\u00e4 pinta, joka harmaantuu luonnollisesti ulkona. Puutavara k\u00e4sitell\u00e4\u00e4n OrganoWoodin patentoidulla kemiallisella menetelm\u00e4ll\u00e4, joka suojaa puuta tehokkaasti lahoamiselta. Biosidivapaa kemiallinen k\u00e4sittelyprosessi on hell\u00e4varainen puulle ja luo ymp\u00e4rist\u00f6n, jossa lahosienet eiv\u00e4t viihdy. Vesipohjainen mineraalisekoitus sy\u00f6tet\u00e4\u00e4n paineen avulla puutavaraan. &hellip; <a href=\"https:\/\/organowood.com\/fi\/ilman-biosideja-tuotettu-puutavara-on-kestava-ja-luonnollinen-valinta\/\">Continued<\/a><\/p>\n","protected":false},"author":3,"featured_media":0,"parent":0,"menu_order":0,"comment_status":"closed","ping_status":"closed","template":"","meta":{"_acf_changed":false,"footnotes":""},"class_list":["post-7274","page","type-page","status-publish","hentry"],"acf":[],"_links":{"self":[{"href":"https:\/\/organowood.com\/fi\/wp-json\/wp\/v2\/pages\/7274","targetHints":{"allow":["GET"]}}],"collection":[{"href":"https:\/\/organowood.com\/fi\/wp-json\/wp\/v2\/pages"}],"about":[{"href":"https:\/\/organowood.com\/fi\/wp-json\/wp\/v2\/types\/page"}],"author":[{"embeddable":true,"href":"https:\/\/organowood.com\/fi\/wp-json\/wp\/v2\/users\/3"}],"replies":[{"embeddable":true,"href":"https:\/\/organowood.com\/fi\/wp-json\/wp\/v2\/comments?post=7274"}],"version-history":[{"count":9,"href":"https:\/\/organowood.com\/fi\/wp-json\/wp\/v2\/pages\/7274\/revisions"}],"predecessor-version":[{"id":19634,"href":"https:\/\/organowood.com\/fi\/wp-json\/wp\/v2\/pages\/7274\/revisions\/19634"}],"wp:attachment":[{"href":"https:\/\/organowood.com\/fi\/wp-json\/wp\/v2\/media?parent=7274"}],"curies":[{"name":"wp","href":"https:\/\/api.w.org\/{rel}","templated":true}]}}