{"id":1552,"date":"2018-05-06T10:01:19","date_gmt":"2018-05-06T10:01:19","guid":{"rendered":"https:\/\/organowood.emilaspman.se\/?page_id=1552"},"modified":"2018-11-02T08:35:54","modified_gmt":"2018-11-02T08:35:54","slug":"yhteistyokumppanit","status":"publish","type":"page","link":"https:\/\/organowood.com\/fi\/tietoja-meista\/yhteistyokumppanit\/","title":{"rendered":"Yhteisty\u00f6kumppanit"},"content":{"rendered":"<p>OrganoWood tekee yhteisty\u00f6t\u00e4 useiden tunnettujen yhteisty\u00f6kumppaneiden kanssa, jotka edustavat korkeaa laatua, jotka suojelevat ymp\u00e4rist\u00f6\u00e4 ja joiden syd\u00e4n sykkii puulle. Teemme l\u00e4heist\u00e4 yhteisty\u00f6t\u00e4 lukuisten alihankkijoiden ja asiakkaiden kanssa.<\/p>\n<h2>Welin &amp; Co<\/h2>\n<p>Welin &amp; Co on korkealaatuisten puunk\u00e4sittelytuotteiden toimittaja ja jakelija.\u00a0Vuonna 2015 alkoi yhteisty\u00f6 OrganoWoodin ja Welin &amp; Co:n v\u00e4lill\u00e4 keskittyen OrganoWoodin puunsuojatuotteiden jakeluun ja myyntiin Ruotsin markkinoilla.<\/p>\n<p>Saat lis\u00e4tietoja yrityksen\u00a0<a href=\"http:\/\/www.welinoco.com\/\">verkkosivustolta<\/a>.<\/p>\n<h2>Bergs Timber Bitus<\/h2>\n<p>Bergs Timber Bitus on Ruotsin suurin puunk\u00e4sittelylaitos. Yritys painekyll\u00e4st\u00e4\u00e4 vuosittain n. 150 000 \u2013 200 000 m3 puutavaraa, ja sill\u00e4 on nykyaikainen maalaus- ja pintak\u00e4sittelylaitos. Perinteisten painekyll\u00e4stettyjen tuotteiden lis\u00e4ksi Bergs Timber Bitus tarjoaa kattavan valikoiman useilla pienemmill\u00e4 tuotantolinjoilla valmistettuja erikoistuotteita. Vuoden 2012 alussa OrganoWood k\u00e4ynnisti yhteisty\u00f6ss\u00e4 Bergs Timber Bituksen kanssa OrganoWood\u00ae-modifioidun puutavaran tuotantolinjan, joka on toiminut kev\u00e4\u00e4st\u00e4 2012 alkaen OrganoWoodin toimeksiannosta.<\/p>\n<p>Saat lis\u00e4tietoja yrityksen\u00a0<a href=\"http:\/\/www.bergstimber.se\/\">verkkosivustolta<\/a><\/p>\n<h2>Setra<\/h2>\n<p>Setra on Ruotsin suurimpia puuteollisuusyrityksi\u00e4 noin 800 ty\u00f6ntekij\u00e4ll\u00e4\u00e4n. Yritys jalostaa k\u00e4ytt\u00e4m\u00e4ns\u00e4 raaka-aineen vastuullisesti kasvatetuista metsist\u00e4 ja tarjoaa ilmastoyst\u00e4v\u00e4llisi\u00e4 tuotteita ja ratkaisuja rakentamiseen ja asumiseen maailmanlaajuisesti. Setra-konserniin kuuluu 8 sahaa ja 3 jalostusyksikk\u00f6\u00e4.<\/p>\n<p>Saat lis\u00e4tietoja yrityksen\u00a0<a href=\"https:\/\/www.setragroup.com\/\">verkkosivustolta.<\/a><\/p>\n<h2>Po Hiller<\/h2>\n<p>Vanhojen asiakirjojen perusteella P.O. Hiller Tr\u00e4varor AB on perustettu jo 1500-luvulla. Kun teollisuudessa aloitettiin h\u00f6yryvoiman k\u00e4ytt\u00f6, saha osti h\u00f6yrykoneen ja siit\u00e4 tuli t\u00e4m\u00e4n johdosta ensimm\u00e4inen h\u00f6yryk\u00e4ytt\u00f6inen saha V\u00e4stmanlannissa.\u00a0H\u00f6yryvoiman ansiosta h\u00f6yl\u00e4koneisiin voitiin investoida jo varhaisessa vaiheessa. T\u00e4n\u00e4\u00e4n P.O. Hiller Tr\u00e4varor AB on puhdas puuteollisuusyritys, joka h\u00f6yl\u00e4\u00e4, maalaa ja sahaa puutavaroita, kuten ulkopaneeleita, sis\u00e4paneeleita, listoja ja puulattioita.<\/p>\n<p>Saat lis\u00e4tietoja yrityksen\u00a0<a href=\"http:\/\/www.pohiller.se\/\">verkkosivustolta.<\/a><\/p>\n<h2>Fellessons<\/h2>\n<p>Fellessons on kolmannen sukupolven puukauppias, jolla on monivuotinen kokemus puutavaroista. Yrityksen liiketoimintaan sis\u00e4ltyy kaikki h\u00f6yl\u00e4\u00e4m\u00f6iss\u00e4 ja puusep\u00e4nverstaissa teht\u00e4v\u00e4st\u00e4 jalostuksesta aina kattavaan puutavaran ja rakennusmateriaalin kauppaan.<\/p>\n<p>Saat lis\u00e4tietoja yrityksen\u00a0<a href=\"http:\/\/fellessons.se\/\">verkkosivustolta.<\/a><\/p>\n<h2>Munktorps tr\u00e4f\u00f6r\u00e4dling<\/h2>\n<p>Munktorps Tr\u00e4f\u00f6r\u00e4dling AB on h\u00f6yl\u00e4\u00e4m\u00f6, joka tuottaa p\u00e4\u00e4asiassa ulkopaneeleita, ruodelautoja ja ponttitavaraa. Yritys tuottaa my\u00f6s erimittaista erikoistavaraa m\u00e4nnyst\u00e4, kuusesta (my\u00f6s ydinm\u00e4nty) ja lehtikuusesta toivomusten mukaan. Yrityksen vuosittainen kapasiteetti yksivuorok\u00e4yt\u00f6ss\u00e4 on n. 35 000 m3 h\u00f6yl\u00e4tavaraa.<\/p>\n<p>Saat lis\u00e4tietoja yrityksen\u00a0<a href=\"http:\/\/www.munktorpstra.se\/\">verkkosivustolta.<\/a><\/p>\n<h2>OrganoClick<\/h2>\n<p>OrganoClick AB on yritys, joka kehitt\u00e4\u00e4, valmistaa ja markkinoi ymp\u00e4rist\u00f6yst\u00e4v\u00e4llisi\u00e4 tuotteita selluloosapohjaisten materiaalien toiminnallistamiseksi. Yrityksen tuotteet perustuvat niiden patentoituun biokuitujen modifioinnin teknologia-alustaan, jonka alkuper\u00e4 juontuu Tukholman yliopiston ja Uppsalan maatalousyliopiston tutkimuksista. Yrityksen markkinoimiin tuotteisiin sis\u00e4ltyy mm. vedenkest\u00e4vien papereiden ja tekstiilien valmistusratkaisut, paperipohjaisten pakkausten mekaanista kest\u00e4vyytt\u00e4 parantavat lis\u00e4aineet ja uudet biopohjaiset sidonta-aineet kuitukankaille.<\/p>\n<p>Yrityksen omistavat sen perustajat, toimitusjohtaja M\u00e5rten Hellberg, professori Armando C\u00f3rdova, dosentti Jonas Hafr\u00e9n ja yrityshautomo Serendipity Innovations yhdess\u00e4 rahoittaja- ja teollisuusmiehen Anders Wallin, Tetra Pakin entisen konsernijohtajan Bertil Hagmanin ja Tetra Pakin ja t\u00e4m\u00e4n j\u00e4lkeen SCA Hygiene Productsin entisen teknisen johtajan Claes-G\u00f6ran Beckemanin kanssa.<\/p>\n<p>Jos haluat lis\u00e4tietoja OrganoClick-yrityksest\u00e4, vieraile yrityksen\u00a0<a href=\"http:\/\/www.organoclick.com\/\">verkkosivustolla<\/a>.<\/p>\n","protected":false},"excerpt":{"rendered":"<p>OrganoWood tekee yhteisty\u00f6t\u00e4 useiden tunnettujen yhteisty\u00f6kumppaneiden kanssa, jotka edustavat korkeaa laatua, jotka suojelevat ymp\u00e4rist\u00f6\u00e4 ja joiden syd\u00e4n sykkii puulle. Teemme l\u00e4heist\u00e4 yhteisty\u00f6t\u00e4 lukuisten alihankkijoiden ja asiakkaiden kanssa. Welin &amp; Co Welin &amp; Co on korkealaatuisten puunk\u00e4sittelytuotteiden toimittaja ja jakelija.\u00a0Vuonna 2015 alkoi yhteisty\u00f6 OrganoWoodin ja Welin &amp; Co:n v\u00e4lill\u00e4 keskittyen OrganoWoodin puunsuojatuotteiden jakeluun ja myyntiin Ruotsin &hellip; <a href=\"https:\/\/organowood.com\/fi\/tietoja-meista\/yhteistyokumppanit\/\">Continued<\/a><\/p>\n","protected":false},"author":4,"featured_media":1084,"parent":1545,"menu_order":4,"comment_status":"closed","ping_status":"closed","template":"","meta":{"_acf_changed":false,"footnotes":""},"class_list":["post-1552","page","type-page","status-publish","has-post-thumbnail","hentry"],"acf":[],"_links":{"self":[{"href":"https:\/\/organowood.com\/fi\/wp-json\/wp\/v2\/pages\/1552","targetHints":{"allow":["GET"]}}],"collection":[{"href":"https:\/\/organowood.com\/fi\/wp-json\/wp\/v2\/pages"}],"about":[{"href":"https:\/\/organowood.com\/fi\/wp-json\/wp\/v2\/types\/page"}],"author":[{"embeddable":true,"href":"https:\/\/organowood.com\/fi\/wp-json\/wp\/v2\/users\/4"}],"replies":[{"embeddable":true,"href":"https:\/\/organowood.com\/fi\/wp-json\/wp\/v2\/comments?post=1552"}],"version-history":[{"count":3,"href":"https:\/\/organowood.com\/fi\/wp-json\/wp\/v2\/pages\/1552\/revisions"}],"predecessor-version":[{"id":2461,"href":"https:\/\/organowood.com\/fi\/wp-json\/wp\/v2\/pages\/1552\/revisions\/2461"}],"up":[{"embeddable":true,"href":"https:\/\/organowood.com\/fi\/wp-json\/wp\/v2\/pages\/1545"}],"wp:featuredmedia":[{"embeddable":true,"href":"https:\/\/organowood.com\/fi\/wp-json\/wp\/v2\/media\/1084"}],"wp:attachment":[{"href":"https:\/\/organowood.com\/fi\/wp-json\/wp\/v2\/media?parent=1552"}],"curies":[{"name":"wp","href":"https:\/\/api.w.org\/{rel}","templated":true}]}}