{"id":1550,"date":"2018-05-06T09:58:25","date_gmt":"2018-05-06T09:58:25","guid":{"rendered":"https:\/\/organowood.emilaspman.se\/?page_id=1550"},"modified":"2018-11-02T08:34:10","modified_gmt":"2018-11-02T08:34:10","slug":"omistaja","status":"publish","type":"page","link":"https:\/\/organowood.com\/fi\/tietoja-meista\/omistaja\/","title":{"rendered":"Omistaja"},"content":{"rendered":"<ul>\n<li>\n<h4>OrganoClick AB<\/h4>\n<\/li>\n<\/ul>\n<p>OrganoClick AB on yritys, joka kehitt\u00e4\u00e4, valmistaa ja markkinoi ymp\u00e4rist\u00f6yst\u00e4v\u00e4llisi\u00e4 tuotteita selluloosapohjaisten materiaalien toiminnallistamiseksi. Yrityksen tuotteet perustuvat niiden patentoituun biokuitujen modifioinnin teknologia-alustaan, jonka alkuper\u00e4 juontuu Tukholman yliopiston ja Uppsalan maatalousyliopiston tutkimuksista. Yrityksen markkinoimiin tuotteisiin sis\u00e4ltyy mm. vedenkest\u00e4vien papereiden ja tekstiilien valmistusratkaisut, paperipohjaisten pakkausten mekaanista kest\u00e4vyytt\u00e4 parantavat lis\u00e4aineet ja uudet biopohjaiset sidonta-aineet kuitukankaille.<\/p>\n<p>Yrityksen omistavat sen perustajat, toimitusjohtaja M\u00e5rten Hellberg, professori Armando C\u00f3rdova, dosentti Jonas Hafr\u00e9n ja yrityshautomo Serendipity Innovations yhdess\u00e4 rahoittaja- ja teollisuusmiehen Anders Wallin, Tetra Pakin entisen konsernijohtajan Bertil Hagmanin ja Tetra Pakin ja t\u00e4m\u00e4n j\u00e4lkeen SCA Hygiene Productsin entisen teknisen johtajan Claes-G\u00f6ran Beckemanin kanssa.<\/p>\n<p>Jos haluat lis\u00e4tietoja OrganoClick-yrityksest\u00e4, vieraile yrityksen\u00a0<a href=\"http:\/\/www.organoclick.com\/\">verkkosivustolla<\/a>.<\/p>\n<ul>\n<li>\n<h4>Kvigos AB<\/h4>\n<\/li>\n<\/ul>\n<p>Kvigos AB:n omistaa rahoittaja Robert Charpentier, jolla on pitk\u00e4 ura pankki- ja talousel\u00e4m\u00e4ss\u00e4. H\u00e4n on mm. toiminut johtavassa asemassa Goldman Sachsilla, Swedbankissa ja Kaupthing Bank Sverige AB:n toimitusjohtajana. Kvigos AB:ssa Robert toimii t\u00e4ll\u00e4 hetkell\u00e4 konsulttina pienemmille yrityksille monivuotisen investointialan kokemuksensa pohjalta sek\u00e4 investoi ja osallistuu l\u00e4hinn\u00e4 kasvuyritysten kehitt\u00e4miseen markkinoinnin ja myynnin alueella.<\/p>\n","protected":false},"excerpt":{"rendered":"<p>OrganoClick AB OrganoClick AB on yritys, joka kehitt\u00e4\u00e4, valmistaa ja markkinoi ymp\u00e4rist\u00f6yst\u00e4v\u00e4llisi\u00e4 tuotteita selluloosapohjaisten materiaalien toiminnallistamiseksi. Yrityksen tuotteet perustuvat niiden patentoituun biokuitujen modifioinnin teknologia-alustaan, jonka alkuper\u00e4 juontuu Tukholman yliopiston ja Uppsalan maatalousyliopiston tutkimuksista. Yrityksen markkinoimiin tuotteisiin sis\u00e4ltyy mm. vedenkest\u00e4vien papereiden ja tekstiilien valmistusratkaisut, paperipohjaisten pakkausten mekaanista kest\u00e4vyytt\u00e4 parantavat lis\u00e4aineet ja uudet biopohjaiset sidonta-aineet kuitukankaille. Yrityksen &hellip; <a href=\"https:\/\/organowood.com\/fi\/tietoja-meista\/omistaja\/\">Continued<\/a><\/p>\n","protected":false},"author":4,"featured_media":964,"parent":1545,"menu_order":2,"comment_status":"closed","ping_status":"closed","template":"","meta":{"_acf_changed":false,"footnotes":""},"class_list":["post-1550","page","type-page","status-publish","has-post-thumbnail","hentry"],"acf":[],"_links":{"self":[{"href":"https:\/\/organowood.com\/fi\/wp-json\/wp\/v2\/pages\/1550","targetHints":{"allow":["GET"]}}],"collection":[{"href":"https:\/\/organowood.com\/fi\/wp-json\/wp\/v2\/pages"}],"about":[{"href":"https:\/\/organowood.com\/fi\/wp-json\/wp\/v2\/types\/page"}],"author":[{"embeddable":true,"href":"https:\/\/organowood.com\/fi\/wp-json\/wp\/v2\/users\/4"}],"replies":[{"embeddable":true,"href":"https:\/\/organowood.com\/fi\/wp-json\/wp\/v2\/comments?post=1550"}],"version-history":[{"count":4,"href":"https:\/\/organowood.com\/fi\/wp-json\/wp\/v2\/pages\/1550\/revisions"}],"predecessor-version":[{"id":2459,"href":"https:\/\/organowood.com\/fi\/wp-json\/wp\/v2\/pages\/1550\/revisions\/2459"}],"up":[{"embeddable":true,"href":"https:\/\/organowood.com\/fi\/wp-json\/wp\/v2\/pages\/1545"}],"wp:featuredmedia":[{"embeddable":true,"href":"https:\/\/organowood.com\/fi\/wp-json\/wp\/v2\/media\/964"}],"wp:attachment":[{"href":"https:\/\/organowood.com\/fi\/wp-json\/wp\/v2\/media?parent=1550"}],"curies":[{"name":"wp","href":"https:\/\/api.w.org\/{rel}","templated":true}]}}