{"id":1548,"date":"2018-05-06T09:57:09","date_gmt":"2018-05-06T09:57:09","guid":{"rendered":"https:\/\/organowood.emilaspman.se\/?page_id=1548"},"modified":"2022-11-11T08:15:06","modified_gmt":"2022-11-11T08:15:06","slug":"johtokunta","status":"publish","type":"page","link":"https:\/\/organowood.com\/fi\/tietoja-meista\/johtokunta\/","title":{"rendered":"Johtokunta"},"content":{"rendered":"<ul>\n<li>Stefan Lindeborg, johtokunnan puheenjohtaja<\/li>\n<\/ul>\n<p>Stefan Lindeborgilla on markkinointiin suuntautunut siviiliekonomitutkinto Tukholman kauppakorkeakoulusta. H\u00e4n on toiminut 30 vuotta kemian alalla erilaisissa myynnin ja markkinoinnin johtoteht\u00e4viss\u00e4. T\u00e4ll\u00e4 hetkell\u00e4 h\u00e4n on Akzo Nobel AB:n toimitusjohtaja (Akzo Nobelin Ruotsin yhti\u00f6n emoyhti\u00f6) ja on aiemmin ollut mm. Akzo Nobel Decorative Paintings, distributions och f\u00f6rs\u00e4ljningsbolaget Kemiintressen AB:n toimitusjohtaja ja kansainv\u00e4linen markkinointijohtaja Casco Nobel (rakennusliima ja puunsuoja) -yrityksess\u00e4.<\/p>\n<ul>\n<li>Robert Charpentier, johtokunnan j\u00e4sen<\/li>\n<\/ul>\n<p>Robert Charpentier on Kvigos AB:n johtokunnan puheenjohtaja ja OrganoWood AB:n perustajaj\u00e4sen. H\u00e4nell\u00e4 on kauppatieteen maisterin tutkinto Helsingin Svenska handelsh\u00f6gskolanista, ja h\u00e4n on ty\u00f6skennellyt rahoitusalan eri teht\u00e4viss\u00e4 yli 20 vuoden ajan. H\u00e4n aloitti uransa vuonna 1989 Goldman Sachsilla Lontoossa, jossa h\u00e4n toimi pohjoismaisille asiakkaille suunnattujen erilaisten p\u00e4\u00e4omamarkkinaratkaisujen parissa. Vuonna 1997 h\u00e4n aloitti Swedbankissa, jossa h\u00e4net nimitettiin varatoimitusjohtajaksi ja investointipankin johtajaksi vuonna 2004. Vuodesta 2006 vuoteen 2009 Robert toimi Kaupthing Bank Sverige AB:n (islantilaisen Kaupthing Bankin Ruotsissa sijaitsevan tyt\u00e4ryhti\u00f6n) toimitusjohtajana. T\u00e4ll\u00e4 hetkell\u00e4 Robert ty\u00f6skentelee yksityisten investointien ja konsulttitoiminnan parissa omistamassaan yrityksess\u00e4 Kvigos AB.<\/p>\n<ul>\n<li>M\u00e5rten Hellberg, johtokunnan j\u00e4sen<\/li>\n<\/ul>\n<p>M\u00e5rten Hellberg on toimitusjohtaja ja OrganoClick AB:n perustajaj\u00e4sen. M\u00e5rten on opiskellut molekulaarisen biotekniikan diplomi-insin\u00f6\u00f6riksi ja ekonomiksi Uppsalan yliopistossa, \u00c9cole Normale Sup\u00e9rieure de Lyon -yliopistossa ja Tukholman yliopistossa. M\u00e5rten on my\u00f6s ollut aktiivinen eliittikanotisti ja moninkertainen Ruotsin mestari. H\u00e4n on ollut Ruotsin kanoottimaajoukkueessa 12 vuotta ja kuulunut Ruotsin olympiakomitean eliittiohjelmaan.<\/p>\n<ul>\n<li>Claes\u2010G\u00f6ran Beckeman, johtokunnan j\u00e4sen<\/li>\n<\/ul>\n<p>Claes-G\u00f6ran Beckeman on kemian tekniikan diplomi-insin\u00f6\u00f6ri Chalmersin teknisest\u00e4 korkeakoulusta. Vuodesta 1977 vuoteen 1997 h\u00e4n oli t\u00f6iss\u00e4 Tetra Pakilla (my\u00f6hemmin Tetra Laval) eri johtoteht\u00e4viss\u00e4, kuten teknisen\u00e4 johtajana. Vuonna 1998 Claes-G\u00f6ran aloitti SCA:lla, jossa h\u00e4n toimi teknisen\u00e4 johtajana ja henkil\u00f6kohtaisten hygieniatuotteiden ostop\u00e4\u00e4llikk\u00f6n\u00e4 vuoteen 2005 saakka. Vuosina 2004\u20132007 Claes-G\u00f6ran vastasi mets\u00e4pohjaisen sektorin teknologia-alustan rakentamisesta, joka oli Euroopan mets\u00e4teollisuuden ja mets\u00e4nomistajien aloite muodostaa yksityisen sektorin ja julkisen sektorin v\u00e4linen yhteisty\u00f6 EU:n ja muiden kansallisten viranomaisten kanssa alan FoU-yhteisty\u00f6n ymp\u00e4rille. T\u00e4ll\u00e4 hetkell\u00e4 Claes-G\u00f6ran on usean pakkausteollisuuden yrityksen johtokunnassa ja kuninkaallisen insin\u00f6\u00f6ritutkimusakatemian j\u00e4sen.<\/p>\n","protected":false},"excerpt":{"rendered":"<p>Stefan Lindeborg, johtokunnan puheenjohtaja Stefan Lindeborgilla on markkinointiin suuntautunut siviiliekonomitutkinto Tukholman kauppakorkeakoulusta. H\u00e4n on toiminut 30 vuotta kemian alalla erilaisissa myynnin ja markkinoinnin johtoteht\u00e4viss\u00e4. T\u00e4ll\u00e4 hetkell\u00e4 h\u00e4n on Akzo Nobel AB:n toimitusjohtaja (Akzo Nobelin Ruotsin yhti\u00f6n emoyhti\u00f6) ja on aiemmin ollut mm. Akzo Nobel Decorative Paintings, distributions och f\u00f6rs\u00e4ljningsbolaget Kemiintressen AB:n toimitusjohtaja ja kansainv\u00e4linen markkinointijohtaja &hellip; <a href=\"https:\/\/organowood.com\/fi\/tietoja-meista\/johtokunta\/\">Continued<\/a><\/p>\n","protected":false},"author":4,"featured_media":2120,"parent":1545,"menu_order":1,"comment_status":"closed","ping_status":"closed","template":"","meta":{"_acf_changed":false,"footnotes":""},"class_list":["post-1548","page","type-page","status-publish","has-post-thumbnail","hentry"],"acf":[],"_links":{"self":[{"href":"https:\/\/organowood.com\/fi\/wp-json\/wp\/v2\/pages\/1548","targetHints":{"allow":["GET"]}}],"collection":[{"href":"https:\/\/organowood.com\/fi\/wp-json\/wp\/v2\/pages"}],"about":[{"href":"https:\/\/organowood.com\/fi\/wp-json\/wp\/v2\/types\/page"}],"author":[{"embeddable":true,"href":"https:\/\/organowood.com\/fi\/wp-json\/wp\/v2\/users\/4"}],"replies":[{"embeddable":true,"href":"https:\/\/organowood.com\/fi\/wp-json\/wp\/v2\/comments?post=1548"}],"version-history":[{"count":3,"href":"https:\/\/organowood.com\/fi\/wp-json\/wp\/v2\/pages\/1548\/revisions"}],"predecessor-version":[{"id":7019,"href":"https:\/\/organowood.com\/fi\/wp-json\/wp\/v2\/pages\/1548\/revisions\/7019"}],"up":[{"embeddable":true,"href":"https:\/\/organowood.com\/fi\/wp-json\/wp\/v2\/pages\/1545"}],"wp:featuredmedia":[{"embeddable":true,"href":"https:\/\/organowood.com\/fi\/wp-json\/wp\/v2\/media\/2120"}],"wp:attachment":[{"href":"https:\/\/organowood.com\/fi\/wp-json\/wp\/v2\/media?parent=1548"}],"curies":[{"name":"wp","href":"https:\/\/api.w.org\/{rel}","templated":true}]}}