{"id":1545,"date":"2018-05-06T09:55:48","date_gmt":"2018-05-06T09:55:48","guid":{"rendered":"https:\/\/organowood.emilaspman.se\/?page_id=1545"},"modified":"2025-10-08T12:42:33","modified_gmt":"2025-10-08T12:42:33","slug":"tietoja-meista","status":"publish","type":"page","link":"https:\/\/organowood.com\/fi\/tietoja-meista\/","title":{"rendered":"Tietoja meist\u00e4"},"content":{"rendered":"<p>OrganoWood AB on yksityisomisteinen yritys, jonka OrganoClick AB ja Kvigos AB perustivat vuonna 2010. Yritys myy ja markkinoi modifioitua puutavaraa ja siihen liittyvi\u00e4 pintak\u00e4sittelytuotteita.<\/p>\n<p>Yritys perustaa toimintansa ydin\u00adteknologiaansa, jossa bio\u00adpohjainen mineraaliseos puristetaan puuhun. Kun vesi haihtuu, molekyylit sitoutuvat tiukasti puukuituihin. T\u00e4m\u00e4n teknologian pohjalta on kehitetty tuotteita, jotka tarjoavat k\u00e4sitellylle puumateriaalille tehokkaan suojan lahontaa vastaan ja pident\u00e4v\u00e4t sen kest\u00e4vyytt\u00e4. Yritys kehitt\u00e4\u00e4 jatkuvasti teknologiaansa yhteisty\u00f6ss\u00e4 eri kumppaniensa kanssa.<\/p>\n<p>Yrityksen p\u00e4\u00e4omistaja OrganoClick AB kehitt\u00e4\u00e4 my\u00f6s jatkuvasti uusia puunsuojatuotteita yhdess\u00e4 Ruotsin Uppsalan maatalouden tutkimuslaitoksen, Tukholman yliopiston ja Sundsvallin Mittuniversitetet -yliopiston kanssa.<\/p>\n<p><strong>GDPR:<\/strong>\u00a0Yksityisyydensuojasi on meille t\u00e4rke\u00e4\u00e4!\u00a0<a href=\"http:\/\/www.organoclick.com\/site\/assets\/files\/1456\/organoclick-koncernens_policy_f_r_datahantering.pdf\">T\u00e4\u00e4ll\u00e4 voit lukea tietosuojak\u00e4yt\u00e4nt\u00f6mme.<\/a><\/p>\n","protected":false},"excerpt":{"rendered":"<p>OrganoWood AB on yksityisomisteinen yritys, jonka OrganoClick AB ja Kvigos AB perustivat vuonna 2010. Yritys myy ja markkinoi modifioitua puutavaraa ja siihen liittyvi\u00e4 pintak\u00e4sittelytuotteita. Yritys perustaa toimintansa ydin\u00adteknologiaansa, jossa bio\u00adpohjainen mineraaliseos puristetaan puuhun. Kun vesi haihtuu, molekyylit sitoutuvat tiukasti puukuituihin. T\u00e4m\u00e4n teknologian pohjalta on kehitetty tuotteita, jotka tarjoavat k\u00e4sitellylle puumateriaalille tehokkaan suojan lahontaa vastaan ja &hellip; <a href=\"https:\/\/organowood.com\/fi\/tietoja-meista\/\">Continued<\/a><\/p>\n","protected":false},"author":4,"featured_media":0,"parent":0,"menu_order":0,"comment_status":"closed","ping_status":"closed","template":"","meta":{"_acf_changed":false,"footnotes":""},"class_list":["post-1545","page","type-page","status-publish","hentry"],"acf":[],"_links":{"self":[{"href":"https:\/\/organowood.com\/fi\/wp-json\/wp\/v2\/pages\/1545","targetHints":{"allow":["GET"]}}],"collection":[{"href":"https:\/\/organowood.com\/fi\/wp-json\/wp\/v2\/pages"}],"about":[{"href":"https:\/\/organowood.com\/fi\/wp-json\/wp\/v2\/types\/page"}],"author":[{"embeddable":true,"href":"https:\/\/organowood.com\/fi\/wp-json\/wp\/v2\/users\/4"}],"replies":[{"embeddable":true,"href":"https:\/\/organowood.com\/fi\/wp-json\/wp\/v2\/comments?post=1545"}],"version-history":[{"count":7,"href":"https:\/\/organowood.com\/fi\/wp-json\/wp\/v2\/pages\/1545\/revisions"}],"predecessor-version":[{"id":19916,"href":"https:\/\/organowood.com\/fi\/wp-json\/wp\/v2\/pages\/1545\/revisions\/19916"}],"wp:attachment":[{"href":"https:\/\/organowood.com\/fi\/wp-json\/wp\/v2\/media?parent=1545"}],"curies":[{"name":"wp","href":"https:\/\/api.w.org\/{rel}","templated":true}]}}