{"id":1543,"date":"2018-05-06T09:54:05","date_gmt":"2018-05-06T09:54:05","guid":{"rendered":"https:\/\/organowood.emilaspman.se\/?page_id=1543"},"modified":"2025-10-08T12:36:19","modified_gmt":"2025-10-08T12:36:19","slug":"usein-kysyttya","status":"publish","type":"page","link":"https:\/\/organowood.com\/fi\/usein-kysyttya\/","title":{"rendered":"Usein Kysytty\u00e4"},"content":{"rendered":"<h4>Kysymyksi\u00e4 OrganoWood<em><strong>\u00ae\u00a0<\/strong><\/em>-modifioidusta terassilaudasta<em>\u200b<\/em><\/h4>\n<ol>\n<li><strong>Miten OrganoWood\u00ae-teknologia toimii?<\/strong><br \/>\nVastaus: OrganoWood Nowa saattaa n\u00e4ytt\u00e4\u00e4 tavalliselta puupalalta, mutta se on muokattu puukuitujen ristiinsidonnan avulla, mik\u00e4 tekee siit\u00e4 eritt\u00e4in lahonkest\u00e4v\u00e4n. Vesipohjainen mineraaliseos puristetaan puuhun. Kun vesi haihtuu, molekyylit sitoutuvat tiukasti puukuituihin. N\u00e4in puun ominaisuudet s\u00e4ilyv\u00e4t pitk\u00e4aikaisessa k\u00e4yt\u00f6ss\u00e4 kosteissa olosuhteissa.<\/li>\n<li><strong>Mit\u00e4 etuja OrganoWood\u00ae-modifioidulla puulla on?<\/strong><br \/>\nVastaus:\u00a0O\u200brganoWood\u00ae-modifioitu\u00a0puu on ymp\u00e4rist\u00f6luokiteltu, luontoyst\u00e4v\u00e4llinen vaihtoehto esim. perinteiselle painekyll\u00e4stetylle terassilaudalle, sill\u00e4 se on suojattu tehokkaasti lahoamista ja palamista vastaan ilman perinteisi\u00e4\u00a0puunsuoja-aineita, kuten biosideja ja myrkyllisi\u00e4 raskasmetalleja.Tuote on helppohoitonen ja yksinkertainen k\u00e4ytt\u00e4\u00e4, sill\u00e4 se ei vaadi erikseen vuotuisia hoitok\u00e4sittely\u00e4.\u00a0Normaaliin sahatavara-kosteuteen kuivattuna se on kevytt\u00e4, eik\u00e4 esim. terassilaudoissa tarvitse j\u00e4tt\u00e4\u00e4 kuivumisvaroja kappaleiden v\u00e4liin. Pinnan heikko imukyky parantaa muotovakautta ja pienent\u00e4\u00e4 kosteusel\u00e4mist\u00e4.Tuote ei my\u00f6sk\u00e4\u00e4n aiheuta korroosiota, joten kiinnitys on yksinkertaista, eik\u00e4 metallisiin r\u00e4nnirakenteisiin ja ikkunalautoihin kohdistu rasitusta.<\/li>\n<li><strong>Mit\u00e4 testiluokituksia\u00a0OrganoWood\u00ae-modifioidulla puulla on?<\/strong><br \/>\nVastaus:Tuotteemme ovat l\u00e4pik\u00e4yneet menestyksekk\u00e4\u00e4sti useita puolueettomia testej\u00e4. Lahosuoja on testattu Ruotsin VTT:n SP-Sveriges tekniska forskningsinstitut toimesta eurooppalaisen EN 113 testin mukaan, tuloksena ruskolahon suojaluokka 1 EN 350-1 mukaisesti. Palosuoja on todettu palaville lattiarakenteille parhaaksi mahdolliseksi, luokitus Bfl s1 ja sein\u00e4rakenteissa Cs1,d0 EN 13501-1 testin mukaan. Mineraalien kest\u00e4v\u00e4 sitoutuminen puun kuituihin on vahvistettu EN 84-testiss\u00e4 .<\/li>\n<li><strong>Mist\u00e4 puulajista OrganoWood\u00ae-modifioitu puutavara valmistetaan?<\/strong><br \/>\nVastaus: OrganoWood\u00ae puutuotteita valmistetaan pohjoismaisesta m\u00e4nnyst\u00e4 ja kuusesta.<\/li>\n<li><strong>Miten terassilautoja hoidetaan?<\/strong><br \/>\nVastaus: OrganoWood\u00ae Perus-terassilaudat suositellaan k\u00e4sitelt\u00e4v\u00e4ksi 02 Lika- ja vesisuojalla asennuksen yhteydess\u00e4, k\u00e4sittely voidaan uusia tarvittaessa 2-3 vuoden v\u00e4lein. 02 Lika-ja vesisuoja-k\u00e4sittely v\u00e4hent\u00e4\u00e4 muotoel\u00e4mist\u00e4, halkeama- sek\u00e4 kuitunukkariski\u00e4, joita voi esiinty\u00e4 erityisen aurinkoisissa olosuhteissa. Muita hoitotoimenpiteit\u00e4 ei mahdollisen pesun lis\u00e4ksi tarvita. OrganoWood Plus-terassilaudoille ei tarvita mahdollisen pesun lis\u00e4ksi muita hoitotoimenpiteit\u00e4.<\/li>\n<li><strong>Voiko\u00a0OrganoWood\u00ae-modifioitua puuta maalata?<\/strong><br \/>\nVastaus: K\u00e4sitellyn puutavaran pinta muodostuu tiiviimm\u00e4ksi ja heikommin nesteit\u00e4 imev\u00e4ksi kuin tavallisen puutavaran, t\u00e4st\u00e4 syyst\u00e4 perinteiset peitt\u00e4v\u00e4t maalit eiv\u00e4t imeydy puun pintaan riitt\u00e4v\u00e4n hyvin. Emme suosittele maalausta tavallisilla maaleilla. kehit\u00e4mme parhaillaan ymp\u00e4rist\u00f6luokiteltua maalij\u00e4rjestelm\u00e4\u00e4, joka soveltuu erityisesti OrganoWood-k\u00e4sitellylle puulle.<\/li>\n<li><strong>Miten OrganoWood\u00ae-modifioitu puutavara ik\u00e4\u00e4ntyy?<\/strong><br \/>\nVastaus: Puutavara ik\u00e4\u00e4ntyy normaalin k\u00e4sittelem\u00e4tt\u00f6m\u00e4n puutavaran tapaan ja muuttuu ajan mittaan hopeanharmaaksi. Harmaantumisprosessin nopeus, riippuu paljolti asennuspaikasta, sek\u00e4 puutavaran altistumisesta s\u00e4\u00e4oloille. Yleisesti ottaen pintapuu harmaantuu nopeammin kuin syd\u00e4npuu, koska se imee enemm\u00e4n kosteutta itseens\u00e4. Tasaisemman harmaantumisen saavuttamiseksi ja kuitunukan v\u00e4hent\u00e4miseksi suosittelemme k\u00e4sittely\u00e4 OrganoWood 02 Lika- ja vesisuojalla, sill\u00e4 se tasaa syd\u00e4n- ja pintapuun kosteuseroja. T\u00e4m\u00e4 k\u00e4sittely on jo valmiina OrganoWood Plus-laadussa.<\/li>\n<li><strong>Kuitunukan esiintyminen, mit\u00e4 t\u00e4m\u00e4 tarkoittaa?<\/strong><br \/>\nVastaus: Ilmi\u00f6, jota saattaa esiinty\u00e4 puun vanhenemisen yhteydess\u00e4 on kuitunukan ilmestyminen. T\u00e4m\u00e4 johtuu UV-s\u00e4teiden aiheuttamasta kuitujen sideaineen ligniinin hajoamisesta, jota saattaa esiinty\u00e4 voimakkaasti auringolle altistuvilla\u00a0pinnoilla. T\u00e4m\u00e4 koskee ainoastaan puun pinnan p\u00e4\u00e4llimm\u00e4isi\u00e4 kuituja, se ei kuitenkaan vaikuta puun lahonkestoon, mutta saattaa vaikuttaa sen ulkon\u00e4k\u00f6\u00e4 huonontavasti. Liiallisen kuitunukan voi poistaa kuivasta puusta harjaamalla karkealla harjalla. Kuitunukasta lis\u00e4tietoja seuraavasta\u00a0<a href=\"http:\/\/www.traguiden.se\/om-tra\/materialet-tra\/traets-egenskaper\/bestandighet1\/ljusets-nedbrytning-av-tra\/\" target=\"_blank\" rel=\"noopener\">linkist\u00e4<\/a>.<\/li>\n<\/ol>\n<h4>Kysymyksi\u00e4 OrganoWoodin\u00a0puunsuoja-aineista<\/h4>\n<ol>\n<li><strong>Mille puulajeille OrganoWoodin puunsuojia voidaan k\u00e4ytt\u00e4\u00e4?<\/strong><br \/>\nVastaus: OrganoWood\u00ae-puunsuojilla (Puunsuoja 01 sek\u00e4 Puunsuoja 02) voit parantaa esim. m\u00e4nnyn, kuusen, lehtikuusen ja kyll\u00e4stetyn puutavaran kest\u00e4vyytt\u00e4. Se sopii my\u00f6s useille lehtipuulajeille.<\/li>\n<li><strong>Voiko OrganoWood\u00ae Lika- ja vesisuojaa 02 k\u00e4ytt\u00e4\u00e4 terassi\u00f6ljyn tapaan?<\/strong><br \/>\nVastaus: OrganoWood\u00ae-puunsuoja 02 toimii tehokkaan terassi\u00f6ljyn tapaan. Sen avulla voidaan luoda my\u00f6s perinteiseen painekyll\u00e4stettyyn terassilautaan voimakkaasti vett\u00e4hylkiv\u00e4 pinta ja ehk\u00e4ist\u00e4 home- ja pintakasvustoa. K\u00e4sittely toimii my\u00f6s muille puulajeille esim. lehtikuuselle, tammelle ja useille muille lehtipuille.<\/li>\n<li><strong>Voiko OrganoWood\u00ae-modifioitua puuta maalata?<\/strong><br \/>\nVastaus: Organowood-tuotteilla k\u00e4sitellyn puutavaran pinta muodostuu tiiviimm\u00e4ksi ja heikommin nesteit\u00e4 imev\u00e4ksi kuin tavallisen puutavaran pinta, t\u00e4st\u00e4 syyst\u00e4 perinteiset peitt\u00e4v\u00e4t maalit eiv\u00e4t kiinnity puun pintaan riitt\u00e4v\u00e4n hyvin. Emme suosittele maalausta tavallisilla maaleilla. Kehit\u00e4mme parhaillaan ymp\u00e4rist\u00f6luokiteltua maalij\u00e4rjestelm\u00e4\u00e4, joka soveltuu erityisesti Organowood-k\u00e4sitellylle puulle.<\/li>\n<li><strong>Miten pitk\u00e4\u00e4n k\u00e4sittelem\u00e4tt\u00f6m\u00e4\u00e4n puutavaraan tehty pintak\u00e4sittely kest\u00e4\u00e4?<\/strong><br \/>\nVastaus: Kun k\u00e4sittelem\u00e4t\u00f6nt\u00e4 puutavaraa k\u00e4sitell\u00e4\u00e4n ohjeiden mukaan (yksi sivelykerta OrganoWood-puunsuojaa 01 ja sen j\u00e4lkeen kaksi sivelykertaa OrganoWood-puunsuojaa 02) kest\u00e4\u00e4 suojaus optimaalisena jopa\u00a05 vuotta.<\/li>\n<\/ol>\n","protected":false},"excerpt":{"rendered":"<p>Kysymyksi\u00e4 OrganoWood\u00ae\u00a0-modifioidusta terassilaudasta\u200b Miten OrganoWood\u00ae-teknologia toimii? Vastaus: OrganoWood Nowa saattaa n\u00e4ytt\u00e4\u00e4 tavalliselta puupalalta, mutta se on muokattu puukuitujen ristiinsidonnan avulla, mik\u00e4 tekee siit\u00e4 eritt\u00e4in lahonkest\u00e4v\u00e4n. Vesipohjainen mineraaliseos puristetaan puuhun. Kun vesi haihtuu, molekyylit sitoutuvat tiukasti puukuituihin. N\u00e4in puun ominaisuudet s\u00e4ilyv\u00e4t pitk\u00e4aikaisessa k\u00e4yt\u00f6ss\u00e4 kosteissa olosuhteissa. Mit\u00e4 etuja OrganoWood\u00ae-modifioidulla puulla on? Vastaus:\u00a0O\u200brganoWood\u00ae-modifioitu\u00a0puu on ymp\u00e4rist\u00f6luokiteltu, luontoyst\u00e4v\u00e4llinen vaihtoehto esim. &hellip; <a href=\"https:\/\/organowood.com\/fi\/usein-kysyttya\/\">Continued<\/a><\/p>\n","protected":false},"author":4,"featured_media":0,"parent":0,"menu_order":0,"comment_status":"closed","ping_status":"closed","template":"","meta":{"_acf_changed":false,"footnotes":""},"class_list":["post-1543","page","type-page","status-publish","hentry"],"acf":[],"_links":{"self":[{"href":"https:\/\/organowood.com\/fi\/wp-json\/wp\/v2\/pages\/1543","targetHints":{"allow":["GET"]}}],"collection":[{"href":"https:\/\/organowood.com\/fi\/wp-json\/wp\/v2\/pages"}],"about":[{"href":"https:\/\/organowood.com\/fi\/wp-json\/wp\/v2\/types\/page"}],"author":[{"embeddable":true,"href":"https:\/\/organowood.com\/fi\/wp-json\/wp\/v2\/users\/4"}],"replies":[{"embeddable":true,"href":"https:\/\/organowood.com\/fi\/wp-json\/wp\/v2\/comments?post=1543"}],"version-history":[{"count":5,"href":"https:\/\/organowood.com\/fi\/wp-json\/wp\/v2\/pages\/1543\/revisions"}],"predecessor-version":[{"id":19908,"href":"https:\/\/organowood.com\/fi\/wp-json\/wp\/v2\/pages\/1543\/revisions\/19908"}],"wp:attachment":[{"href":"https:\/\/organowood.com\/fi\/wp-json\/wp\/v2\/media?parent=1543"}],"curies":[{"name":"wp","href":"https:\/\/api.w.org\/{rel}","templated":true}]}}