{"id":1539,"date":"2018-02-09T16:51:46","date_gmt":"2018-02-09T16:51:46","guid":{"rendered":"https:\/\/organowood.emilaspman.se\/?page_id=1539"},"modified":"2025-12-18T09:11:02","modified_gmt":"2025-12-18T09:11:02","slug":"kontakt","status":"publish","type":"page","link":"https:\/\/organowood.com\/fi\/kontakt\/","title":{"rendered":"Ota yhteytt\u00e4"},"content":{"rendered":"<p><span style=\"color: #6fa289;\"><strong>OrganoWood AB<\/strong><\/span><br \/>\nLinjalv\u00e4gen 9-11<br \/>\nSE-187 66 T\u00e4by<br \/>\nSWEDEN<\/p>\n<p><strong>Vastaamme mielell\u00e4mme kysymyksiisi koskien OrganoWood puutuotteitamme.<br \/>\n<\/strong>Puh: +46 8 674 00 80<br \/>\nS\u00e4hk\u00f6posti:&nbsp;<a href=\"mailto:info@organowood.com\">info@organowood.com<\/a><br \/>\n<a href=\"mailto:support@organowood.com\">support@organowood.com<\/a><br \/>\n<a href=\"https:\/\/www.sarokas.fi\/\">Sarokas.fi<\/a><\/p>\n","protected":false},"excerpt":{"rendered":"<p>OrganoWood AB Linjalv\u00e4gen 9-11 SE-187 66 T\u00e4by SWEDEN Vastaamme mielell\u00e4mme kysymyksiisi koskien OrganoWood puutuotteitamme. Puh: +46 8 674 00 80 S\u00e4hk\u00f6posti:&nbsp;info@organowood.com support@organowood.com Sarokas.fi<\/p>\n","protected":false},"author":1,"featured_media":0,"parent":0,"menu_order":0,"comment_status":"closed","ping_status":"closed","template":"views\/template-contact.blade.php","meta":{"_acf_changed":false,"footnotes":""},"class_list":["post-1539","page","type-page","status-publish","hentry"],"acf":[],"_links":{"self":[{"href":"https:\/\/organowood.com\/fi\/wp-json\/wp\/v2\/pages\/1539","targetHints":{"allow":["GET"]}}],"collection":[{"href":"https:\/\/organowood.com\/fi\/wp-json\/wp\/v2\/pages"}],"about":[{"href":"https:\/\/organowood.com\/fi\/wp-json\/wp\/v2\/types\/page"}],"author":[{"embeddable":true,"href":"https:\/\/organowood.com\/fi\/wp-json\/wp\/v2\/users\/1"}],"replies":[{"embeddable":true,"href":"https:\/\/organowood.com\/fi\/wp-json\/wp\/v2\/comments?post=1539"}],"version-history":[{"count":7,"href":"https:\/\/organowood.com\/fi\/wp-json\/wp\/v2\/pages\/1539\/revisions"}],"predecessor-version":[{"id":19944,"href":"https:\/\/organowood.com\/fi\/wp-json\/wp\/v2\/pages\/1539\/revisions\/19944"}],"wp:attachment":[{"href":"https:\/\/organowood.com\/fi\/wp-json\/wp\/v2\/media?parent=1539"}],"curies":[{"name":"wp","href":"https:\/\/api.w.org\/{rel}","templated":true}]}}