{"id":1536,"date":"2018-05-06T09:46:54","date_gmt":"2018-05-06T09:46:54","guid":{"rendered":"https:\/\/organowood.emilaspman.se\/?page_id=1536"},"modified":"2023-03-16T12:54:54","modified_gmt":"2023-03-16T12:54:54","slug":"jalleenmyyjat","status":"publish","type":"page","link":"https:\/\/organowood.com\/fi\/jalleenmyyjat\/","title":{"rendered":"J\u00e4lleenmyyj\u00e4t"},"content":{"rendered":"<p><strong>OrganoWood-tuotteiden j\u00e4lleenmyyj\u00e4t l\u00f6yd\u00e4t alta.<br \/>\n<a href=\"https:\/\/www.sarokas.fi\/rakentaminen\/terassilaudat\/organowood\" target=\"_blank\" rel=\"noopener noreferrer\">https:\/\/www.sarokas.fi\/<\/a><\/strong><\/p>\n<p><a class=\"btn btn-primary\" href=\"https:\/\/www.google.com\/maps\/d\/u\/0\/edit?mid=1zvXiyunt0izevGtYHw7Ce1vDJ21NvR7R&amp;ll=61.05453651417908%2C22.59410155356361&amp;z=7\" target=\"_blank\" rel=\"noopener noreferrer\">Etsi j\u00e4lleenmyyj\u00e4<\/a><\/p>\n<p><iframe loading=\"lazy\" src=\"https:\/\/www.google.com\/maps\/d\/u\/0\/embed?mid=1zvXiyunt0izevGtYHw7Ce1vDJ21NvR7R\" width=\"1120\" height=\"540\"><\/iframe><\/p>\n<p>Jos kiinnostuit puunsuojatuotteistamme, olethan yhteydess\u00e4 jakelijaamme Suomessa: Osmo Color, <a href=\"mailto:info@osmocolor.com\">info@osmocolor.com<\/a>, p. 019 2644 200, tai lue lis\u00e4\u00e4 tuotteistamme <a href=\"http:\/\/www.osmocolor.com\">www.osmocolor.com<\/a>.<\/p>\n","protected":false},"excerpt":{"rendered":"<p>OrganoWood-tuotteiden j\u00e4lleenmyyj\u00e4t l\u00f6yd\u00e4t alta. https:\/\/www.sarokas.fi\/ Etsi j\u00e4lleenmyyj\u00e4 Jos kiinnostuit puunsuojatuotteistamme, olethan yhteydess\u00e4 jakelijaamme Suomessa: Osmo Color, info@osmocolor.com, p. 019 2644 200, tai lue lis\u00e4\u00e4 tuotteistamme www.osmocolor.com.<\/p>\n","protected":false},"author":4,"featured_media":0,"parent":0,"menu_order":0,"comment_status":"closed","ping_status":"closed","template":"","meta":{"_acf_changed":false,"footnotes":""},"class_list":["post-1536","page","type-page","status-publish","hentry"],"acf":[],"_links":{"self":[{"href":"https:\/\/organowood.com\/fi\/wp-json\/wp\/v2\/pages\/1536","targetHints":{"allow":["GET"]}}],"collection":[{"href":"https:\/\/organowood.com\/fi\/wp-json\/wp\/v2\/pages"}],"about":[{"href":"https:\/\/organowood.com\/fi\/wp-json\/wp\/v2\/types\/page"}],"author":[{"embeddable":true,"href":"https:\/\/organowood.com\/fi\/wp-json\/wp\/v2\/users\/4"}],"replies":[{"embeddable":true,"href":"https:\/\/organowood.com\/fi\/wp-json\/wp\/v2\/comments?post=1536"}],"version-history":[{"count":5,"href":"https:\/\/organowood.com\/fi\/wp-json\/wp\/v2\/pages\/1536\/revisions"}],"predecessor-version":[{"id":7264,"href":"https:\/\/organowood.com\/fi\/wp-json\/wp\/v2\/pages\/1536\/revisions\/7264"}],"wp:attachment":[{"href":"https:\/\/organowood.com\/fi\/wp-json\/wp\/v2\/media?parent=1536"}],"curies":[{"name":"wp","href":"https:\/\/api.w.org\/{rel}","templated":true}]}}