{"id":1534,"date":"2018-05-06T09:44:09","date_gmt":"2018-05-06T09:44:09","guid":{"rendered":"https:\/\/organowood.emilaspman.se\/?page_id=1534"},"modified":"2018-10-11T10:29:45","modified_gmt":"2018-10-11T10:29:45","slug":"ymparisto","status":"publish","type":"page","link":"https:\/\/organowood.com\/fi\/teknologia\/ymparisto\/","title":{"rendered":"Ymp\u00e4rist\u00f6"},"content":{"rendered":"<div class=\"ce_text block\">\n<h4>Tehokas suoja ilman haitallisia terveys- ja ymp\u00e4rist\u00f6vaikutuksia<\/h4>\n<p>OrganoWood Oy samoin kuin emoyhti\u00f6 OrganoClick Ab perustaa kaiken toimintansa ymp\u00e4rist\u00f6yst\u00e4v\u00e4lliseen ja luonnonmukaiseen kemiaan. K\u00e4ytt\u00e4m\u00e4mme teknologia on mm. luokiteltu parhaaksi ymp\u00e4rist\u00f6innovaatioksi Ruotsissa 2008 ja OrganoClick on saanut vuonna 2010 WWF:n my\u00f6nt\u00e4m\u00e4n arvostetun \u201dClimate Solver\u201d-maininnan.<\/p>\n<p>Puunsuoja-aineet sis\u00e4lt\u00e4v\u00e4t tavallisesti myrkyllisi\u00e4 aineita, raskasmetalleja ja biosideja. Useimpien puunsuoja-aineiden mikrobeja ehk\u00e4isev\u00e4 teho perustuu juuri ym. aineisiin. Valitettavasti n\u00e4m\u00e4 aineet ovat samalla my\u00f6s vahingollisia el\u00e4imille ja ihmisille.<\/p>\n<p>OrganoWood kehitysprosessin perusajatuksena on ollut mikro-organismien tappamisen sijaan luoda puu, jota ne eiv\u00e4t pysty k\u00e4ytt\u00e4m\u00e4\u00e4n hy\u00f6dykseen. Luonnollisen fossiloitumisprosessin inspiroimana, orgaaninen materiaali muuttuu prosessissamme lahoamisen sijaan mineraaleiksi, jotka muodostavat fyysisen esteen puukuituja sy\u00f6vi\u00e4 mikro-organismeja vastaan.<\/p>\n<p>Luonnon omassa fossiloitumisprosessissa esiintyvien myrkytt\u00f6mien mineraalien avulla on luotu puunsuoja-aine, jonka kaikki aineet ovat Ruotsin kemikaalitarkastusviraston luokituksen mukaisesti terveydelle ja ymp\u00e4rist\u00f6lle vaarattomia.<\/p>\n<\/div>\n<figure><img loading=\"lazy\" decoding=\"async\" class=\"alignnone wp-image-358\" src=\"https:\/\/organowood.emilaspman.se\/wp-content\/uploads\/2018\/03\/sponsor-byggvarubedomningen@2x-300x39.png\" sizes=\"auto, (max-width: 238px) 100vw, 238px\" srcset=\"https:\/\/organowood.com\/wp-content\/uploads\/2018\/03\/sponsor-byggvarubedomningen@2x-300x39.png 300w, https:\/\/organowood.com\/wp-content\/uploads\/2018\/03\/sponsor-byggvarubedomningen@2x.png 386w\" alt=\"\" width=\"238\" height=\"31\" \/>\u00a0 \u00a0\u00a0\u00a0<img loading=\"lazy\" decoding=\"async\" class=\"alignnone wp-image-359\" src=\"https:\/\/organowood.emilaspman.se\/wp-content\/uploads\/2018\/03\/Climate-Solver-badge-300x300.png\" sizes=\"auto, (max-width: 93px) 100vw, 93px\" srcset=\"https:\/\/organowood.com\/wp-content\/uploads\/2018\/03\/Climate-Solver-badge-300x300.png 300w, https:\/\/organowood.com\/wp-content\/uploads\/2018\/03\/Climate-Solver-badge-150x150.png 150w, https:\/\/organowood.com\/wp-content\/uploads\/2018\/03\/Climate-Solver-badge.png 720w\" alt=\"\" width=\"93\" height=\"93\" \/>\u00a0\u00a0<img loading=\"lazy\" decoding=\"async\" class=\"alignnone wp-image-360\" src=\"https:\/\/organowood.emilaspman.se\/wp-content\/uploads\/2018\/03\/d1hhhba0eqx5qivujov8.jpg\" sizes=\"auto, (max-width: 93px) 100vw, 93px\" srcset=\"https:\/\/organowood.com\/wp-content\/uploads\/2018\/03\/d1hhhba0eqx5qivujov8.jpg 220w, https:\/\/organowood.com\/wp-content\/uploads\/2018\/03\/d1hhhba0eqx5qivujov8-150x150.jpg 150w\" alt=\"\" width=\"93\" height=\"93\" \/>\u00a0\u00a0<img loading=\"lazy\" decoding=\"async\" class=\"alignnone wp-image-361\" src=\"https:\/\/organowood.emilaspman.se\/wp-content\/uploads\/2018\/03\/Sustainia-100-kopia-300x300.png\" sizes=\"auto, (max-width: 92px) 100vw, 92px\" srcset=\"https:\/\/organowood.com\/wp-content\/uploads\/2018\/03\/Sustainia-100-kopia-300x300.png 300w, https:\/\/organowood.com\/wp-content\/uploads\/2018\/03\/Sustainia-100-kopia-150x150.png 150w, https:\/\/organowood.com\/wp-content\/uploads\/2018\/03\/Sustainia-100-kopia.png 600w\" alt=\"\" width=\"92\" height=\"92\" \/>\u00a0<img loading=\"lazy\" decoding=\"async\" class=\"alignnone wp-image-2203\" src=\"https:\/\/organowood.com\/wp-content\/uploads\/2018\/10\/basta-logo.png\" alt=\"\" width=\"96\" height=\"91\" \/>\u00a0 <img loading=\"lazy\" decoding=\"async\" class=\"alignnone wp-image-2204\" src=\"https:\/\/organowood.com\/wp-content\/uploads\/2018\/10\/logo-bmv-gron-utantext.jpg\" alt=\"\" width=\"97\" height=\"97\" \/>\u00a0\u00a0 <img loading=\"lazy\" decoding=\"async\" class=\"alignnone wp-image-2202\" src=\"https:\/\/organowood.com\/wp-content\/uploads\/2018\/10\/sundahus-logo-220x30.png\" alt=\"\" width=\"291\" height=\"97\" \/><figcaption><\/figcaption><\/figure>\n","protected":false},"excerpt":{"rendered":"<p>Tehokas suoja ilman haitallisia terveys- ja ymp\u00e4rist\u00f6vaikutuksia OrganoWood Oy samoin kuin emoyhti\u00f6 OrganoClick Ab perustaa kaiken toimintansa ymp\u00e4rist\u00f6yst\u00e4v\u00e4lliseen ja luonnonmukaiseen kemiaan. K\u00e4ytt\u00e4m\u00e4mme teknologia on mm. luokiteltu parhaaksi ymp\u00e4rist\u00f6innovaatioksi Ruotsissa 2008 ja OrganoClick on saanut vuonna 2010 WWF:n my\u00f6nt\u00e4m\u00e4n arvostetun \u201dClimate Solver\u201d-maininnan. Puunsuoja-aineet sis\u00e4lt\u00e4v\u00e4t tavallisesti myrkyllisi\u00e4 aineita, raskasmetalleja ja biosideja. Useimpien puunsuoja-aineiden mikrobeja ehk\u00e4isev\u00e4 teho perustuu &hellip; <a href=\"https:\/\/organowood.com\/fi\/teknologia\/ymparisto\/\">Continued<\/a><\/p>\n","protected":false},"author":4,"featured_media":0,"parent":1526,"menu_order":0,"comment_status":"closed","ping_status":"closed","template":"","meta":{"_acf_changed":false,"footnotes":""},"class_list":["post-1534","page","type-page","status-publish","hentry"],"acf":[],"_links":{"self":[{"href":"https:\/\/organowood.com\/fi\/wp-json\/wp\/v2\/pages\/1534","targetHints":{"allow":["GET"]}}],"collection":[{"href":"https:\/\/organowood.com\/fi\/wp-json\/wp\/v2\/pages"}],"about":[{"href":"https:\/\/organowood.com\/fi\/wp-json\/wp\/v2\/types\/page"}],"author":[{"embeddable":true,"href":"https:\/\/organowood.com\/fi\/wp-json\/wp\/v2\/users\/4"}],"replies":[{"embeddable":true,"href":"https:\/\/organowood.com\/fi\/wp-json\/wp\/v2\/comments?post=1534"}],"version-history":[{"count":2,"href":"https:\/\/organowood.com\/fi\/wp-json\/wp\/v2\/pages\/1534\/revisions"}],"predecessor-version":[{"id":2211,"href":"https:\/\/organowood.com\/fi\/wp-json\/wp\/v2\/pages\/1534\/revisions\/2211"}],"up":[{"embeddable":true,"href":"https:\/\/organowood.com\/fi\/wp-json\/wp\/v2\/pages\/1526"}],"wp:attachment":[{"href":"https:\/\/organowood.com\/fi\/wp-json\/wp\/v2\/media?parent=1534"}],"curies":[{"name":"wp","href":"https:\/\/api.w.org\/{rel}","templated":true}]}}