{"id":1531,"date":"2018-05-06T09:42:22","date_gmt":"2018-05-06T09:42:22","guid":{"rendered":"https:\/\/organowood.emilaspman.se\/?page_id=1531"},"modified":"2018-11-02T08:21:19","modified_gmt":"2018-11-02T08:21:19","slug":"miten-puu-vanhenee","status":"publish","type":"page","link":"https:\/\/organowood.com\/fi\/teknologia\/miten-puu-vanhenee\/","title":{"rendered":"Miten puu vanhenee"},"content":{"rendered":"<h4>Modifioitu puu s\u00e4ilytt\u00e4\u00e4 luonnollisen v\u00e4rins\u00e4, mutta harmaantuu vanhetessaan ja saa lopulta hopeanharmaan s\u00e4vyn.<\/h4>\n<p>Modifioitu puu s\u00e4ilytt\u00e4\u00e4 luonnollisen v\u00e4rins\u00e4, mutta harmaantuu vanhetessaan ja saa lopulta hopeanharmaan s\u00e4vyn. Harmaantuminen tapahtuu monen tekij\u00e4n yhteisvaikutuksesta. Auringonvalo hajoittaa mm. ligniini\u00e4 ja hemiselluloosaa, t\u00e4m\u00e4n seurauksena puu haalistuu. Likapartikkelit, pintakasvusto ja kuolleet puunosat harmaannuttavat puuta. Haalistumisen ja harmaantumisen yhteisvaikutuksesta muodostuu hopeanharmaa s\u00e4vy.<\/p>\n<p>Ymp\u00e4rist\u00f6olosuhteista riippuen t\u00e4m\u00e4 tapahtuu eri nopeudella. Vanheneminen tapahtuu nopeammin jos puu altistuu s\u00e4\u00e4oloille ja auringonvalolle. My\u00f6s puun rakenne vaikuttaa vanhenemiseen, sill\u00e4 pintapuu vanhenee nopeammin, koska se imee enemm\u00e4n kosteutta sis\u00e4\u00e4ns\u00e4 kuin syd\u00e4npuu, mik\u00e4 edesauttaa pintakasvuston muodostumista.<\/p>\n<p>OrganoWood\u00ae-modifioitu puu vanhenee luontaisesti, mist\u00e4 johtuu, ett\u00e4 harmaantuminen ei aina tapahdu tasaisesti. Tavallisesti normaalisti auringolle altistuva puu saa jo 1-2 vuodessa kauniin tasaisenharmaan pinnan.<\/p>\n<p>Kaikella ulkotiloihin sijoitetulla puutavaralla saattaa esiinty\u00e4 kuitukatoa, jossa kuidut irtoavat puun pinnasta. T\u00e4m\u00e4 aiheutuu puun kuituja sitovan ligniinin hajoamisesta UV-s\u00e4teiden vaikutuksesta. Kuitukatoa voidaan ehk\u00e4ist\u00e4 huolellisella pintak\u00e4sittelyll\u00e4.<\/p>\n<p>Tasaisen harmaantumisen saavuttamiseksi ja kuitukadon ehk\u00e4isemiseksi Organowood on kehitt\u00e4nyt Organowood 02 Lika- ja vesisuoja-pintak\u00e4sittelyaineen, joka sopii erityisesti Organowood puutavaralle. K\u00e4sittely tekee pinnan voimakkaasti vett\u00e4hylkiv\u00e4ksi (superhydrofobiseksi), mik\u00e4 pienent\u00e4\u00e4 kuitukadon riski\u00e4 ja edesauttaa tasaista harmaantumista. Organowood Plus\u00a0tuotteessa on valmiina tehokas 02 Lika- ja vesisuoja-k\u00e4sittely. N\u00e4in pintakosteus tasoittuu pintapuun ja syd\u00e4npuun v\u00e4lill\u00e4 ja puu\u00a0harmantuu tasaisemmin, samalla my\u00f6s kuitukadon ja halkeamien riski pienenee, samoin kuin kosteusvaihtelusta johtuva muotoel\u00e4minen.<\/p>\n<p>Voit lukea lis\u00e4\u00e4 ja seurata harmaantumisen edistymist\u00e4 luonnollisen v\u00e4risest\u00e4 harmaaksi OrganoWood\u00ae-, OrganoWood\u00ae Select- ja OrganoWood\u00ae Select Plus -tuotteissa <a href=\"https:\/\/organowood.com\/fi\/harmaantuminen\/\" target=\"_blank\" rel=\"noopener\">katsomalla seuraavan sivun.<\/a><\/p>\n","protected":false},"excerpt":{"rendered":"<p>Modifioitu puu s\u00e4ilytt\u00e4\u00e4 luonnollisen v\u00e4rins\u00e4, mutta harmaantuu vanhetessaan ja saa lopulta hopeanharmaan s\u00e4vyn. Modifioitu puu s\u00e4ilytt\u00e4\u00e4 luonnollisen v\u00e4rins\u00e4, mutta harmaantuu vanhetessaan ja saa lopulta hopeanharmaan s\u00e4vyn. Harmaantuminen tapahtuu monen tekij\u00e4n yhteisvaikutuksesta. Auringonvalo hajoittaa mm. ligniini\u00e4 ja hemiselluloosaa, t\u00e4m\u00e4n seurauksena puu haalistuu. Likapartikkelit, pintakasvusto ja kuolleet puunosat harmaannuttavat puuta. Haalistumisen ja harmaantumisen yhteisvaikutuksesta muodostuu hopeanharmaa s\u00e4vy. &hellip; <a href=\"https:\/\/organowood.com\/fi\/teknologia\/miten-puu-vanhenee\/\">Continued<\/a><\/p>\n","protected":false},"author":4,"featured_media":0,"parent":1526,"menu_order":0,"comment_status":"closed","ping_status":"closed","template":"","meta":{"_acf_changed":false,"footnotes":""},"class_list":["post-1531","page","type-page","status-publish","hentry"],"acf":[],"_links":{"self":[{"href":"https:\/\/organowood.com\/fi\/wp-json\/wp\/v2\/pages\/1531","targetHints":{"allow":["GET"]}}],"collection":[{"href":"https:\/\/organowood.com\/fi\/wp-json\/wp\/v2\/pages"}],"about":[{"href":"https:\/\/organowood.com\/fi\/wp-json\/wp\/v2\/types\/page"}],"author":[{"embeddable":true,"href":"https:\/\/organowood.com\/fi\/wp-json\/wp\/v2\/users\/4"}],"replies":[{"embeddable":true,"href":"https:\/\/organowood.com\/fi\/wp-json\/wp\/v2\/comments?post=1531"}],"version-history":[{"count":3,"href":"https:\/\/organowood.com\/fi\/wp-json\/wp\/v2\/pages\/1531\/revisions"}],"predecessor-version":[{"id":2448,"href":"https:\/\/organowood.com\/fi\/wp-json\/wp\/v2\/pages\/1531\/revisions\/2448"}],"up":[{"embeddable":true,"href":"https:\/\/organowood.com\/fi\/wp-json\/wp\/v2\/pages\/1526"}],"wp:attachment":[{"href":"https:\/\/organowood.com\/fi\/wp-json\/wp\/v2\/media?parent=1531"}],"curies":[{"name":"wp","href":"https:\/\/api.w.org\/{rel}","templated":true}]}}