{"id":1526,"date":"2018-05-06T09:37:31","date_gmt":"2018-05-06T09:37:31","guid":{"rendered":"https:\/\/organowood.emilaspman.se\/?page_id=1526"},"modified":"2018-11-02T08:38:46","modified_gmt":"2018-11-02T08:38:46","slug":"teknologia","status":"publish","type":"page","link":"https:\/\/organowood.com\/fi\/teknologia\/","title":{"rendered":"Teknologia"},"content":{"rendered":"<h4>Teknologia joka mahdollistaa luonnonmukaisen puusuojan<\/h4>\n<p>Miksi puusta tulee kest\u00e4v\u00e4\u00e4?\u00a0Organowood-prosessi on saanut oppinsa parhaasta mahdollisesta l\u00e4hteest\u00e4 \u2013 luonnosta itsest\u00e4\u00e4n.\u00a0Luonnon oma mineralisoitumisprosessi, jossa orgaaninen aine muuttuu fossiiliseksi, kest\u00e4\u00e4 tuhansia vuosia. Meid\u00e4n prosessissamme modifioidaan puu sitouttamalla mineraaleja puukuituihin kovassa paineessa. Sienten ja mikro-organismien tappamisen sijaan mineraalit muodostavat fyysisen esteen lahottajasienten etenemiselle ja samalla puu saa tehokkaan palosuojan.<\/p>\n<p>Tekniikan taustalla on monivuotinen Tukholman yliopiston ja Ruotsin maataloustieteellisen yliopiston tutkijoiden tekem\u00e4 luonnonkemiallinen tutkimusty\u00f6, joka on mahdollistanut ainutlaatuisen Organowood-tekniikan ja -tuotteet.<\/p>\n<p><img loading=\"lazy\" decoding=\"async\" class=\"alignnone wp-image-354\" src=\"https:\/\/organowood.emilaspman.se\/wp-content\/uploads\/2018\/03\/organowood_all_02-300x240.png\" alt=\"\" width=\"483\" height=\"387\" srcset=\"https:\/\/organowood.com\/wp-content\/uploads\/2018\/03\/organowood_all_02-300x240.png 300w, https:\/\/organowood.com\/wp-content\/uploads\/2018\/03\/organowood_all_02-745x598.png 745w, https:\/\/organowood.com\/wp-content\/uploads\/2018\/03\/organowood_all_02.png 746w\" sizes=\"auto, (max-width: 483px) 100vw, 483px\" \/><\/p>\n","protected":false},"excerpt":{"rendered":"<p>Teknologia joka mahdollistaa luonnonmukaisen puusuojan Miksi puusta tulee kest\u00e4v\u00e4\u00e4?\u00a0Organowood-prosessi on saanut oppinsa parhaasta mahdollisesta l\u00e4hteest\u00e4 \u2013 luonnosta itsest\u00e4\u00e4n.\u00a0Luonnon oma mineralisoitumisprosessi, jossa orgaaninen aine muuttuu fossiiliseksi, kest\u00e4\u00e4 tuhansia vuosia. Meid\u00e4n prosessissamme modifioidaan puu sitouttamalla mineraaleja puukuituihin kovassa paineessa. Sienten ja mikro-organismien tappamisen sijaan mineraalit muodostavat fyysisen esteen lahottajasienten etenemiselle ja samalla puu saa tehokkaan palosuojan. Tekniikan &hellip; <a href=\"https:\/\/organowood.com\/fi\/teknologia\/\">Continued<\/a><\/p>\n","protected":false},"author":4,"featured_media":2076,"parent":0,"menu_order":0,"comment_status":"closed","ping_status":"closed","template":"","meta":{"_acf_changed":false,"footnotes":""},"class_list":["post-1526","page","type-page","status-publish","has-post-thumbnail","hentry"],"acf":[],"_links":{"self":[{"href":"https:\/\/organowood.com\/fi\/wp-json\/wp\/v2\/pages\/1526","targetHints":{"allow":["GET"]}}],"collection":[{"href":"https:\/\/organowood.com\/fi\/wp-json\/wp\/v2\/pages"}],"about":[{"href":"https:\/\/organowood.com\/fi\/wp-json\/wp\/v2\/types\/page"}],"author":[{"embeddable":true,"href":"https:\/\/organowood.com\/fi\/wp-json\/wp\/v2\/users\/4"}],"replies":[{"embeddable":true,"href":"https:\/\/organowood.com\/fi\/wp-json\/wp\/v2\/comments?post=1526"}],"version-history":[{"count":5,"href":"https:\/\/organowood.com\/fi\/wp-json\/wp\/v2\/pages\/1526\/revisions"}],"predecessor-version":[{"id":2464,"href":"https:\/\/organowood.com\/fi\/wp-json\/wp\/v2\/pages\/1526\/revisions\/2464"}],"wp:featuredmedia":[{"embeddable":true,"href":"https:\/\/organowood.com\/fi\/wp-json\/wp\/v2\/media\/2076"}],"wp:attachment":[{"href":"https:\/\/organowood.com\/fi\/wp-json\/wp\/v2\/media?parent=1526"}],"curies":[{"name":"wp","href":"https:\/\/api.w.org\/{rel}","templated":true}]}}