{"id":1521,"date":"2018-05-06T09:34:05","date_gmt":"2018-05-06T09:34:05","guid":{"rendered":"https:\/\/organowood.emilaspman.se\/?page_id=1521"},"modified":"2022-10-26T08:57:14","modified_gmt":"2022-10-26T08:57:14","slug":"puupesu","status":"publish","type":"page","link":"https:\/\/organowood.com\/fi\/puunsuoja\/puupesu\/","title":{"rendered":"Puupesu"},"content":{"rendered":"\n<p><strong>OrganoWood<sup>\u00ae<\/sup> Puupesu on ymp\u00e4rist\u00f6merkitty supertiivistetty puunpesuaine.<\/strong> <strong>Puupesu on osa OrganoWood<sup>\u00ae<\/sup>-puunsuojausmenetelm\u00e4\u00e4<\/strong><\/p>\n\n\n\n<p><strong><a href=\"https:\/\/organowood.com\/fi\/terassin-pintakasittely\/\">Ty\u00f6ohjeet l\u00f6yd\u00e4t t\u00e4\u00e4lt\u00e4<\/a><\/strong><\/p>\n\n\n\n<hr class=\"wp-block-separator\"\/>\n\n\n\n<figure class=\"wp-block-image size-large\"><img decoding=\"async\" src=\"https:\/\/organowood.com\/wp-content\/uploads\/2022\/10\/wood-cleaner_OrganoWood.jpg\" alt=\"\" class=\"wp-image-6807\"\/><\/figure>\n\n\n\n<p><strong><strong>K\u00e4ytt\u00f6alueet<\/strong><\/strong><\/p>\n\n\n\n<p>K\u00e4ytet\u00e4\u00e4n esipesuun ennen k\u00e4sittely\u00e4 01 Puunsuojalla sek\u00e4 kaikenlaisen ulkona k\u00e4ytett\u00e4v\u00e4n puun, kuten terassien ja puutarhakalusteiden, yll\u00e4pitopesuun, yleispuhdistukseen ja syv\u00e4puhdistukseen.<\/p>\n\n\n\n<p>Suosittelemme yll\u00e4pitopesua, jotta lika ei ehdi tarttua eik\u00e4 kasvustoa ala muodostua. Syv\u00e4puhdistuksen j\u00e4lkeen puu kannattaa k\u00e4sitell\u00e4 uudelleen OrganoWood<sup>\u00ae<\/sup> 02 Pintasuojalla, joka palauttaa pinnan vedenhylkivyyden.<\/p>\n\n\n\n<hr class=\"wp-block-separator\"\/>\n\n\n\n<p><strong><strong><strong>Ymp\u00e4rist\u00f6tehokas ja ymp\u00e4rist\u00f6luokiteltu<\/strong><\/strong><\/strong><\/p>\n\n\n\n<p>OrganoWood<sup>\u00ae<\/sup> Puupesu on vesiliukoista, ja se koostuu piimineraaleista ja luonnollisista kasviaineista. Puupesulla on Ruotsin luonnonsuojeluliiton Bra Milj\u00f6val -merkint\u00e4, se on mukana Joutsenmerkitty talo -portaalissa ja sit\u00e4 voidaan k\u00e4ytt\u00e4\u00e4 Joutsenmerkityiss\u00e4 rakennuksissa. Sill\u00e4 on my\u00f6s B-luokan SundaHus-ymp\u00e4rist\u00f6luokitus ja tuotteita suosittelevat Byggvarubed\u00f6mningen ja BASTA.<\/p>\n\n\n\n<hr class=\"wp-block-separator\"\/>\n\n\n\n<p><strong><strong><strong><strong>Ymp\u00e4rist\u00f6, turvallisuus ja s\u00e4ilyvyys<\/strong><\/strong><\/strong><\/strong><\/p>\n\n\n\n<p>S\u00e4ilytysl\u00e4mp\u00f6tila 5\u201330\u00b0C. Tuotetta ei saa altistaa pakkaselle. S\u00e4ilyy hyvin suljetussa pakkauksessa 5 vuotta. \u00c4l\u00e4 kaada k\u00e4ytetty\u00e4 nestett\u00e4 takaisin pakkaukseen.<\/p>\n\n\n\n<p>Tuotetta ei ole luokiteltu ymp\u00e4rist\u00f6lle vaaralliseksi j\u00e4tteeksi, mutta suosittelemme, ett\u00e4 yli j\u00e4\u00e4nyt neste vied\u00e4\u00e4n j\u00e4teasemalle.<\/p>\n\n\n\n<hr class=\"wp-block-separator\"\/>\n\n\n\n<p><strong><strong><strong><strong><strong>Yll\u00e4pito<\/strong><\/strong><\/strong><\/strong><\/strong><\/p>\n\n\n\n<p>Suosittelemme yll\u00e4pitopesua OrganoWood<sup>\u00ae<\/sup>-puupesulla. Jos pinta on kulunut mekaanisesti esimerkiksi k\u00e4velyst\u00e4, kalusteiden siirt\u00e4misest\u00e4 tai pesusta vahvoilla puhdistusaineilla tai painepesurilla (tulee v\u00e4ltt\u00e4\u00e4), puun pintakerros ja siten k\u00e4sittely saattaa kulua pois. K\u00e4sittele tarvittaessa uudestaan 02 Pintasuojalla. Jos puu on kulunut voimakkaasti tai se syv\u00e4pest\u00e4\u00e4n, kuluneet osat voi olla tarpeen k\u00e4sitell\u00e4 uudelleen 01 Puunsuojalla.<\/p>\n","protected":false},"excerpt":{"rendered":"<p>OrganoWood\u00ae Puupesu on ymp\u00e4rist\u00f6merkitty supertiivistetty puunpesuaine. Puupesu on osa OrganoWood\u00ae-puunsuojausmenetelm\u00e4\u00e4 Ty\u00f6ohjeet l\u00f6yd\u00e4t t\u00e4\u00e4lt\u00e4 K\u00e4ytt\u00f6alueet K\u00e4ytet\u00e4\u00e4n esipesuun ennen k\u00e4sittely\u00e4 01 Puunsuojalla sek\u00e4 kaikenlaisen ulkona k\u00e4ytett\u00e4v\u00e4n puun, kuten terassien ja puutarhakalusteiden, yll\u00e4pitopesuun, yleispuhdistukseen ja syv\u00e4puhdistukseen. Suosittelemme yll\u00e4pitopesua, jotta lika ei ehdi tarttua eik\u00e4 kasvustoa ala muodostua. Syv\u00e4puhdistuksen j\u00e4lkeen puu kannattaa k\u00e4sitell\u00e4 uudelleen OrganoWood\u00ae 02 Pintasuojalla, joka palauttaa &hellip; <a href=\"https:\/\/organowood.com\/fi\/puunsuoja\/puupesu\/\">Continued<\/a><\/p>\n","protected":false},"author":4,"featured_media":6189,"parent":1513,"menu_order":3,"comment_status":"closed","ping_status":"closed","template":"views\/template-product.blade.php","meta":{"_acf_changed":false,"footnotes":""},"class_list":["post-1521","page","type-page","status-publish","has-post-thumbnail","hentry"],"acf":[],"_links":{"self":[{"href":"https:\/\/organowood.com\/fi\/wp-json\/wp\/v2\/pages\/1521","targetHints":{"allow":["GET"]}}],"collection":[{"href":"https:\/\/organowood.com\/fi\/wp-json\/wp\/v2\/pages"}],"about":[{"href":"https:\/\/organowood.com\/fi\/wp-json\/wp\/v2\/types\/page"}],"author":[{"embeddable":true,"href":"https:\/\/organowood.com\/fi\/wp-json\/wp\/v2\/users\/4"}],"replies":[{"embeddable":true,"href":"https:\/\/organowood.com\/fi\/wp-json\/wp\/v2\/comments?post=1521"}],"version-history":[{"count":5,"href":"https:\/\/organowood.com\/fi\/wp-json\/wp\/v2\/pages\/1521\/revisions"}],"predecessor-version":[{"id":6923,"href":"https:\/\/organowood.com\/fi\/wp-json\/wp\/v2\/pages\/1521\/revisions\/6923"}],"up":[{"embeddable":true,"href":"https:\/\/organowood.com\/fi\/wp-json\/wp\/v2\/pages\/1513"}],"wp:featuredmedia":[{"embeddable":true,"href":"https:\/\/organowood.com\/fi\/wp-json\/wp\/v2\/media\/6189"}],"wp:attachment":[{"href":"https:\/\/organowood.com\/fi\/wp-json\/wp\/v2\/media?parent=1521"}],"curies":[{"name":"wp","href":"https:\/\/api.w.org\/{rel}","templated":true}]}}