{"id":1518,"date":"2018-05-06T09:32:03","date_gmt":"2018-05-06T09:32:03","guid":{"rendered":"https:\/\/organowood.emilaspman.se\/?page_id=1518"},"modified":"2024-01-10T08:41:47","modified_gmt":"2024-01-10T08:41:47","slug":"lika-ja-vesisuoja","status":"publish","type":"page","link":"https:\/\/organowood.com\/fi\/puunsuoja\/lika-ja-vesisuoja\/","title":{"rendered":"02 Pintasuoja"},"content":{"rendered":"\n<p style=\"font-size:21px\">OrganoWood 02 Pintasuoja<\/p>\n\n\n\n<p class=\"has-text-align-left\"><strong>OrganoWood<sup>\u00ae<\/sup> 02 Puunsuojalla k\u00e4sitellyn, ulkona k\u00e4ytett\u00e4v\u00e4n puun loppuk\u00e4sittelyyn (vaihe 2\/2).<\/strong> <\/p>\n\n\n\n<p><strong><a href=\"https:\/\/organowood.com\/fi\/terassin-pintakasittely\/\">Ty\u00f6ohjeet l\u00f6yd\u00e4t t\u00e4\u00e4lt\u00e4<\/a><\/strong><\/p>\n\n\n\n<div class=\"wp-block-image\"><figure class=\"aligncenter size-large\"><img decoding=\"async\" src=\"https:\/\/organowood.com\/wp-content\/uploads\/2022\/10\/smooth-surface_OrganoWood-1.jpg\" alt=\"\" class=\"wp-image-6911\"\/><\/figure><\/div>\n\n\n\n\n\n<p><strong>K\u00e4ytt\u00f6alueet <\/strong><\/p>\n\n\n\n<p>Tuote antaa puulle vett\u00e4 hylkivi\u00e4 ominaisuuksia, rajoittaa pintakasvuston riski\u00e4 ja muodostaa helpommin puhdistettavan pinnan. Kun neste on kuivunut ja pintasuoja on kovettunut, puukuitujen ymp\u00e4rille muodostuu vett\u00e4 hylkiv\u00e4 pinta, joka rajoittaa kosteuden, veden ja veden mukanaan tuoman lian p\u00e4\u00e4semist\u00e4 puuhun. Samalla v\u00e4henee my\u00f6s puun kosteudesta johtuva el\u00e4minen, mik\u00e4 ehk\u00e4isee halkeilua ja tekee harmaantumisesta tasaisempaa. Vett\u00e4 hylkiv\u00e4t ominaisuudet voi havaita jo muutaman p\u00e4iv\u00e4n kuluessa, mutta niiden kehittyminen kest\u00e4\u00e4 noin 2\u20133 viikkoa. Kovettumisprosessi vie pidemp\u00e4\u00e4n matalammassa l\u00e4mp\u00f6tilassa. 02 Pintasuojaa tulee k\u00e4ytt\u00e4\u00e4 my\u00f6s piik\u00e4sitellyn OrganoWood<sup>\u00ae<\/sup>-puutavaran k\u00e4sittelyyn, esimerkiksi katkaisu- ja porauskohtiin sek\u00e4 yll\u00e4pitoon. Lue lis\u00e4\u00e4 osoitteessa www.organowood.com K\u00e4sittele tarvittaessa uudestaan 02 Pintasuojalla, esimerkiksi jos pinta on kulunut tai se on puhdistettu voimakkaasti. Vinkki: Kun puu alkaa ime\u00e4 itseens\u00e4 vett\u00e4 jatkuvasti, on aika k\u00e4sitell\u00e4 se uudelleen.<\/p>\n\n\n\n<p>02<sup>\u00ae<\/sup> Pintasuoja tulee k\u00e4ytt\u00e4\u00e4 my\u00f6s piik\u00e4sitellyn OrganoWood<sup>\u00ae<\/sup>-puutavaran k\u00e4sittelyyn, esimerkiksi katkaisu- ja porauskohtiin sek\u00e4 yll\u00e4pitoon. Lue lis\u00e4\u00e4 osoitteessa www.organowood.com<\/p>\n\n\n\n<hr class=\"wp-block-separator\"\/>\n\n\n\n<p><strong>Ymp\u00e4rist\u00f6yst\u00e4v\u00e4llinen ja ymp\u00e4rist\u00f6luokiteltu<\/strong><\/p>\n\n\n\n<p>OrganoWood 02<sup>\u00ae<\/sup> Pintasuoja on vesiliukoista, ja se koostuu piimineraaleista ja luonnollisista kasviaineista. Pintasuoja on mukana Joutsenmerkitty talo -portaalissa ja sit\u00e4 voidaan k\u00e4ytt\u00e4\u00e4 Joutsenmerkityiss\u00e4 rakennuksissa. Sill\u00e4 on my\u00f6s B-luokan SundaHus-ymp\u00e4rist\u00f6luokitus ja tuotteita suosittelevat Byggvarubed\u00f6mningen ja BASTA.\n\n<strong>Ymp\u00e4rist\u00f6, turvallisuus ja s\u00e4ilyvyys<\/strong>\n\nPuhdista v\u00e4lineet vedell\u00e4. Tuote on hapan. Suojaa silm\u00e4t ja k\u00e4det ennen k\u00e4ytt\u00f6\u00e4. Jos tuotetta joutuu silmiin, huuhtele runsaalla vedell\u00e4.\n\nS\u00e4ilytysl\u00e4mp\u00f6tila 5\u201330\u00b0C. Tuotetta ei saa altistaa pakkaselle. S\u00e4ilyy hyvin suljetussa pakkauksessa 2 vuotta. \u00c4l\u00e4 kaada k\u00e4ytetty\u00e4 nestett\u00e4 takaisin pakkaukseen.\n\nTuotetta ei ole luokiteltu ymp\u00e4rist\u00f6lle vaaralliseksi j\u00e4tteeksi, mutta suosittelemme, ett\u00e4 yli j\u00e4\u00e4nyt neste vied\u00e4\u00e4n j\u00e4teasemalle. Kierr\u00e4t\u00e4 pakkaus muovij\u00e4tteen\u00e4.<\/p>\n\n\n\n<hr class=\"wp-block-separator\"\/>\n\n\n\n<p><strong>Yll\u00e4pito<\/strong><\/p>\n\n\n\n<p>Suosittelemme yll\u00e4pitopesua OrganoWood<sup>\u00ae<\/sup>-puupesulla. Jos pinta on kulunut mekaanisesti esimerkiksi k\u00e4velyst\u00e4, kalusteiden siirt\u00e4misest\u00e4 tai pesusta vahvoilla puhdistusaineilla tai painepesurilla (tulee v\u00e4ltt\u00e4\u00e4), puun pintakerros ja siten k\u00e4sittely saattaa kulua pois. K\u00e4sittele tarvittaessa uudestaan 02 Pintasuojalla.<\/p>\n","protected":false},"excerpt":{"rendered":"<p>OrganoWood 02 Pintasuoja OrganoWood\u00ae 02 Puunsuojalla k\u00e4sitellyn, ulkona k\u00e4ytett\u00e4v\u00e4n puun loppuk\u00e4sittelyyn (vaihe 2\/2). Ty\u00f6ohjeet l\u00f6yd\u00e4t t\u00e4\u00e4lt\u00e4 K\u00e4ytt\u00f6alueet Tuote antaa puulle vett\u00e4 hylkivi\u00e4 ominaisuuksia, rajoittaa pintakasvuston riski\u00e4 ja muodostaa helpommin puhdistettavan pinnan. Kun neste on kuivunut ja pintasuoja on kovettunut, puukuitujen ymp\u00e4rille muodostuu vett\u00e4 hylkiv\u00e4 pinta, joka rajoittaa kosteuden, veden ja veden mukanaan tuoman lian p\u00e4\u00e4semist\u00e4 &hellip; <a href=\"https:\/\/organowood.com\/fi\/puunsuoja\/lika-ja-vesisuoja\/\">Continued<\/a><\/p>\n","protected":false},"author":4,"featured_media":6291,"parent":1513,"menu_order":2,"comment_status":"closed","ping_status":"closed","template":"views\/template-product.blade.php","meta":{"_acf_changed":false,"footnotes":""},"class_list":["post-1518","page","type-page","status-publish","has-post-thumbnail","hentry"],"acf":[],"_links":{"self":[{"href":"https:\/\/organowood.com\/fi\/wp-json\/wp\/v2\/pages\/1518","targetHints":{"allow":["GET"]}}],"collection":[{"href":"https:\/\/organowood.com\/fi\/wp-json\/wp\/v2\/pages"}],"about":[{"href":"https:\/\/organowood.com\/fi\/wp-json\/wp\/v2\/types\/page"}],"author":[{"embeddable":true,"href":"https:\/\/organowood.com\/fi\/wp-json\/wp\/v2\/users\/4"}],"replies":[{"embeddable":true,"href":"https:\/\/organowood.com\/fi\/wp-json\/wp\/v2\/comments?post=1518"}],"version-history":[{"count":5,"href":"https:\/\/organowood.com\/fi\/wp-json\/wp\/v2\/pages\/1518\/revisions"}],"predecessor-version":[{"id":7928,"href":"https:\/\/organowood.com\/fi\/wp-json\/wp\/v2\/pages\/1518\/revisions\/7928"}],"up":[{"embeddable":true,"href":"https:\/\/organowood.com\/fi\/wp-json\/wp\/v2\/pages\/1513"}],"wp:featuredmedia":[{"embeddable":true,"href":"https:\/\/organowood.com\/fi\/wp-json\/wp\/v2\/media\/6291"}],"wp:attachment":[{"href":"https:\/\/organowood.com\/fi\/wp-json\/wp\/v2\/media?parent=1518"}],"curies":[{"name":"wp","href":"https:\/\/api.w.org\/{rel}","templated":true}]}}