{"id":1515,"date":"2018-05-06T09:28:52","date_gmt":"2018-05-06T09:28:52","guid":{"rendered":"https:\/\/organowood.emilaspman.se\/?page_id=1515"},"modified":"2024-01-10T08:40:31","modified_gmt":"2024-01-10T08:40:31","slug":"puunsuoja","status":"publish","type":"page","link":"https:\/\/organowood.com\/fi\/puunsuoja\/puunsuoja\/","title":{"rendered":"01 Puunsuoja"},"content":{"rendered":"\n<div class=\"wp-block-group is-layout-flow wp-block-group-is-layout-flow\"><div class=\"wp-block-group__inner-container\"><\/div><\/div>\n\n\n\n<p style=\"font-size:21px\">OrganoWood 01 Puunsuoja<\/p>\n\n\n\n<p><strong>Pohjak\u00e4sittely (vaihe 1\/2), joka antaa puulle vaalean ja hopeanharmaan pinnan. K\u00e4sittely parantaa my\u00f6s suojaa, sill\u00e4 pii kapseloi fyysisesti puun kuidut, mik\u00e4 ehk\u00e4isee lahoamista.<\/strong><\/p>\n\n\n\n<p><strong>Tuote on v\u00e4rit\u00f6n eik\u00e4 muuta puun v\u00e4ri\u00e4 merkitt\u00e4v\u00e4sti heti levityksen j\u00e4lkeen. Voidaan k\u00e4ytt\u00e4\u00e4 pintak\u00e4sittelyn\u00e4 k\u00e4yt\u00e4nn\u00f6ss\u00e4 katsoen kaikelle painekyll\u00e4stetylle ja k\u00e4sittelem\u00e4tt\u00f6m\u00e4lle puulle. Painekyll\u00e4stetyss\u00e4 puussa vaikutus s\u00e4ilyy jopa 10 vuotta. <\/strong><strong>K\u00e4sitelty pinta on avoin diffuusiolle.<\/strong><\/p>\n\n\n\n<p><strong><a href=\"https:\/\/organowood.com\/fi\/terassin-pintakasittely\/\">Ty\u00f6ohjeet l\u00f6yd\u00e4t t\u00e4\u00e4lt\u00e4<\/a><\/strong><\/p>\n\n\n\n<hr class=\"wp-block-separator\"\/>\n\n\n\n<figure class=\"wp-block-image size-large\"><img decoding=\"async\" src=\"https:\/\/organowood.com\/wp-content\/uploads\/2022\/10\/deckings-facades-piers-gardens_OrganoWood.jpg\" alt=\"\" class=\"wp-image-6770\"\/><\/figure>\n\n\n\n<p><strong><strong>K\u00e4ytt\u00f6alueet<\/strong><\/strong><\/p>\n\n\n\n<p>Puunsuojausmenetelm\u00e4\u00e4 k\u00e4ytet\u00e4\u00e4n ulkotilojen ja puutarhojen puurakenteiden, kuten terassien, aitojen, viljelylaatikoiden, puutarhakalusteiden ja siltojen, pintak\u00e4sittelyyn. Sopii my\u00f6s k\u00e4sittelem\u00e4tt\u00f6miin julkisivuihin.<\/p>\n\n\n\n<p>Puuksi suositellaan painekyll\u00e4stetty\u00e4 puuta, l\u00e4mp\u00f6puuta, ydinm\u00e4nty\u00e4, kuusta ja lehtikuusta.<\/p>\n\n\n\n<p>Pii imeytyy tehokkaimmin imukykyisiin puulajeihin, kuten m\u00e4ntyyn ja kuuseen. Heikosti imukykyisiss\u00e4 puulajeissa voi n\u00e4ky\u00e4 lyhytaikainen v\u00e4rinmuutos. Tuotteita voi k\u00e4ytt\u00e4\u00e4 aiemmin \u00f6ljyll\u00e4, lakalla tai kuultomaalilla k\u00e4sitellyll\u00e4 puulla, jos aiempi pintak\u00e4sittely hiotaan pois. OrganoWood<sup>\u00ae<\/sup>-puunsuojalla k\u00e4sitelty\u00e4 puuta ei tule maalata.<\/p>\n\n\n\n<hr class=\"wp-block-separator\"\/>\n\n\n\n<p><strong><strong><strong>Harmaantuminen<\/strong><\/strong><\/strong><\/p>\n\n\n\n<p>Harmaantuminen vaatii auringonvaloa (UV-s\u00e4teit\u00e4) ja vett\u00e4, ja sen nopeus riippuu s\u00e4\u00e4olosuhteista. Yleens\u00e4 vaikutus alkaa n\u00e4kym\u00e4\u00e4n muutaman viikon kuluttua. Aluksi v\u00e4rimuutokset voivat vaikuttaa laikukkailta.<\/p>\n\n\n\n<p>Ulkona auringonvalossa ollut k\u00e4sitelty puu on noin vuoden j\u00e4lkeen tasaisen hopeanharmaa. Varjopaikoissa t\u00e4m\u00e4 voi kest\u00e4\u00e4 kauemmin. Vaakasuuntaan asennettu puutavara harmaantuu usein nopeammin kuin pystysuuntaan asennettu.<\/p>\n\n\n\n<hr class=\"wp-block-separator\"\/>\n\n\n\n<p><strong><strong><strong>Ymp\u00e4rist\u00f6merkitty ja ymp\u00e4rist\u00f6luokiteltu<\/strong><\/strong><\/strong><\/p>\n\n\n\n<p>OrganoWood 01<sup>\u00ae<\/sup> Puunsuoja on vesiliukoista, ja se koostuu piimineraaleista ja luonnollisista kasviaineista. 01 Puunsuojalla on Ruotsin luonnonsuojeluliiton Bra Milj\u00f6val -merkint\u00e4, se on mukana Joutsenmerkitty talo -portaalissa ja sit\u00e4 voidaan k\u00e4ytt\u00e4\u00e4 Joutsenmerkityiss\u00e4 rakennuksissa.<\/p>\n\n\n\n<p>Sill\u00e4 on my\u00f6s B-luokan SundaHus-ymp\u00e4rist\u00f6luokitus ja tuotteita suosittelevat Byggvarubed\u00f6mningen ja BASTA.<\/p>\n\n\n\n<hr class=\"wp-block-separator\"\/>\n\n\n\n<p><strong><strong><strong><strong>Ymp\u00e4rist\u00f6, turvallisuus ja s\u00e4ilyvyys<\/strong><\/strong><\/strong><\/strong><\/p>\n\n\n\n<p>Puhdista v\u00e4lineet vedell\u00e4 ennen k\u00e4ytt\u00f6\u00e4 ja sen j\u00e4lkeen. Tuote on em\u00e4ksinen. Suojaa silm\u00e4t ja k\u00e4det ennen k\u00e4ytt\u00f6\u00e4. Jos tuotetta joutuu silmiin, huuhtele runsaalla vedell\u00e4.<\/p>\n\n\n\n<p>S\u00e4ilytysl\u00e4mp\u00f6tila 5\u201330\u00b0C. Tuotetta ei saa altistaa pakkaselle. S\u00e4ilyy hyvin suljetussa pakkauksessa 5 vuotta. \u00c4l\u00e4 kaada k\u00e4ytetty\u00e4 nestett\u00e4 takaisin pakkaukseen.<\/p>\n\n\n\n<p>Tuotetta ei ole luokiteltu ymp\u00e4rist\u00f6lle vaaralliseksi j\u00e4tteeksi, mutta suosittelemme, ett\u00e4 yli j\u00e4\u00e4nyt neste vied\u00e4\u00e4n j\u00e4teasemalle. Kierr\u00e4t\u00e4 pakkaus muovij\u00e4tteen\u00e4.<\/p>\n\n\n\n<hr class=\"wp-block-separator\"\/>\n\n\n\n<p><strong><strong><strong><strong><strong>Yll\u00e4pito<\/strong><\/strong><\/strong><\/strong><\/strong><\/p>\n\n\n\n<p>Suosittelemme yll\u00e4pitopesua OrganoWood<sup>\u00ae<\/sup>-puupesulla. Jos pinta on kulunut mekaanisesti esimerkiksi k\u00e4velyst\u00e4, kalusteiden siirt\u00e4misest\u00e4 tai pesusta vahvoilla puhdistusaineilla tai painepesurilla (tulee v\u00e4ltt\u00e4\u00e4), puun pintakerros ja siten k\u00e4sittely saattaa kulua pois. Jos niin k\u00e4y, k\u00e4sittele kuluneet osat uudelleen 01 Puunsuojalla ja viimeistele 02 Pintasuojalla.<\/p>\n","protected":false},"excerpt":{"rendered":"<p>OrganoWood 01 Puunsuoja Pohjak\u00e4sittely (vaihe 1\/2), joka antaa puulle vaalean ja hopeanharmaan pinnan. K\u00e4sittely parantaa my\u00f6s suojaa, sill\u00e4 pii kapseloi fyysisesti puun kuidut, mik\u00e4 ehk\u00e4isee lahoamista. Tuote on v\u00e4rit\u00f6n eik\u00e4 muuta puun v\u00e4ri\u00e4 merkitt\u00e4v\u00e4sti heti levityksen j\u00e4lkeen. Voidaan k\u00e4ytt\u00e4\u00e4 pintak\u00e4sittelyn\u00e4 k\u00e4yt\u00e4nn\u00f6ss\u00e4 katsoen kaikelle painekyll\u00e4stetylle ja k\u00e4sittelem\u00e4tt\u00f6m\u00e4lle puulle. Painekyll\u00e4stetyss\u00e4 puussa vaikutus s\u00e4ilyy jopa 10 vuotta. K\u00e4sitelty &hellip; <a href=\"https:\/\/organowood.com\/fi\/puunsuoja\/puunsuoja\/\">Continued<\/a><\/p>\n","protected":false},"author":4,"featured_media":6769,"parent":1513,"menu_order":1,"comment_status":"closed","ping_status":"closed","template":"views\/template-product.blade.php","meta":{"_acf_changed":false,"footnotes":""},"class_list":["post-1515","page","type-page","status-publish","has-post-thumbnail","hentry"],"acf":[],"_links":{"self":[{"href":"https:\/\/organowood.com\/fi\/wp-json\/wp\/v2\/pages\/1515","targetHints":{"allow":["GET"]}}],"collection":[{"href":"https:\/\/organowood.com\/fi\/wp-json\/wp\/v2\/pages"}],"about":[{"href":"https:\/\/organowood.com\/fi\/wp-json\/wp\/v2\/types\/page"}],"author":[{"embeddable":true,"href":"https:\/\/organowood.com\/fi\/wp-json\/wp\/v2\/users\/4"}],"replies":[{"embeddable":true,"href":"https:\/\/organowood.com\/fi\/wp-json\/wp\/v2\/comments?post=1515"}],"version-history":[{"count":5,"href":"https:\/\/organowood.com\/fi\/wp-json\/wp\/v2\/pages\/1515\/revisions"}],"predecessor-version":[{"id":7927,"href":"https:\/\/organowood.com\/fi\/wp-json\/wp\/v2\/pages\/1515\/revisions\/7927"}],"up":[{"embeddable":true,"href":"https:\/\/organowood.com\/fi\/wp-json\/wp\/v2\/pages\/1513"}],"wp:featuredmedia":[{"embeddable":true,"href":"https:\/\/organowood.com\/fi\/wp-json\/wp\/v2\/media\/6769"}],"wp:attachment":[{"href":"https:\/\/organowood.com\/fi\/wp-json\/wp\/v2\/media?parent=1515"}],"curies":[{"name":"wp","href":"https:\/\/api.w.org\/{rel}","templated":true}]}}