{"id":1513,"date":"2018-05-06T09:27:32","date_gmt":"2018-05-06T09:27:32","guid":{"rendered":"https:\/\/organowood.emilaspman.se\/?page_id=1513"},"modified":"2024-01-26T08:36:33","modified_gmt":"2024-01-26T08:36:33","slug":"puunsuoja","status":"publish","type":"page","link":"https:\/\/organowood.com\/fi\/puunsuoja\/","title":{"rendered":"Pintak\u00e4sittely"},"content":{"rendered":"\n<p style=\"font-size:21px\">Pintak\u00e4sittely<\/p>\n\n\n\n<p class=\"has-text-align-left has-normal-font-size\"><strong><strong><strong><strong>Puunsuojausmenetelm\u00e4 terasseille, julkisivuille ja puutarhaan<\/strong><\/strong><\/strong><\/strong><\/p>\n\n\n\n<ul class=\"wp-block-list\"><li>Ymp\u00e4rist\u00f6merkitty piituote (Puunsuoja 01)<\/li><li>Tekee puusta kauniin hopeanharmaan<\/li><li>Pident\u00e4\u00e4 puun k\u00e4ytt\u00f6ik\u00e4\u00e4<\/li><li>Tekee pinnasta tasaisemman ja pienent\u00e4\u00e4 riski\u00e4 halkeilulle<\/li><li>V\u00e4hent\u00e4\u00e4 huoltok\u00e4sittelyn tarvetta<\/li><\/ul>\n\n\n\n<div style=\"height:20px\" aria-hidden=\"true\" class=\"wp-block-spacer\"><\/div>\n\n\n\n<p><strong>OrganoWood<sup>\u00ae<\/sup>-puunsuojaus- menetelm\u00e4ll\u00e4 on helppoa luoda kaunis ulkotila, joka on sopusoinnussa luonnon kanssa. K\u00e4sitelty puu saa vaalean ja sile\u00e4n pinnan, josta tulee luonnollisen hopeanharmaa ja pinnan tikkuuntuminen v\u00e4henee.<\/strong><\/p>\n\n\n\n<p><strong>Piihin perustuva, patentoitu tekniikka j\u00e4ljittelee luonnon \u00e4lyk\u00e4st\u00e4 kemiaa ja on kest\u00e4v\u00e4 vaihtoehto perinteiselle puu\u00f6ljylle ja puunsuojille.<\/strong><\/p>\n\n\n\n<p><strong>OrganoWood<sup>\u00ae<\/sup> tekee vanhasta terassistasi taas hienon, v\u00e4hent\u00e4\u00e4 huoltoty\u00f6t\u00e4 ja pident\u00e4\u00e4 puun luontaista k\u00e4ytt\u00f6ik\u00e4\u00e4.<\/strong><\/p>\n\n\n\n<p><a href=\"https:\/\/organowood.com\/fi\/terassin-pintakasittely\/\">Ty\u00f6ohjeet l\u00f6yd\u00e4t t\u00e4\u00e4lt\u00e4<\/a><\/p>\n\n\n\n<div class=\"wp-block-image\"><figure class=\"aligncenter size-large\"><a href=\"https:\/\/youtu.be\/MswaOtp6oz0\"><img decoding=\"async\" src=\"https:\/\/organowood.com\/wp-content\/uploads\/2022\/10\/treat-your-decking-_OrganoWood2_2-1.jpg\" alt=\"\" class=\"wp-image-6752\"\/><\/a><\/figure><\/div>\n\n\n\n<div style=\"height:20px\" aria-hidden=\"true\" class=\"wp-block-spacer\"><\/div>\n\n\n\n<hr class=\"wp-block-separator\"\/>\n\n\n\n<p><\/p>\n\n\n\n<div style=\"height:20px\" aria-hidden=\"true\" class=\"wp-block-spacer\"><\/div>\n\n\n\n<div class=\"wp-block-group\"><div class=\"wp-block-group__inner-container is-layout-flow wp-block-group-is-layout-flow\">\n<div class=\"wp-block-columns is-layout-flex wp-container-core-columns-is-layout-9d6595d7 wp-block-columns-is-layout-flex\">\n<div class=\"wp-block-column is-layout-flow wp-block-column-is-layout-flow\">\n<p><strong><strong><strong>K\u00e4ytt\u00f6alueet<\/strong><\/strong><\/strong><\/p>\n\n\n\n<p>Puunsuojaj\u00e4rjestelm\u00e4\u00e4 k\u00e4ytet\u00e4\u00e4n puupintojen k\u00e4sittelyyn ulkona ja puutarhassa, esim. terassit, aidat, viljelylaatikot, ulkokalusteet ja laiturit. Sopii my\u00f6s k\u00e4sittelem\u00e4tt\u00f6mille julkisivuille. Suositeltavia puumateriaaleja ovat painekyll\u00e4stetty, l\u00e4mp\u00f6puu, syd\u00e4nm\u00e4nty, kuusi ja lehtikuusi.<\/p>\n\n\n\n<p>Piidioksidin tunkeutuminen on tehokkainta huokoisiin puulajeihin, kuten m\u00e4ntyyn ja kuuseen. Tiivissyisiss\u00e4 puulajeissa voi esiinty\u00e4 lyhytaikaista v\u00e4rimuutosta, <a href=\"https:\/\/organowood.com\/wp-content\/uploads\/2022\/10\/Suositellut-puumateriaalit_FI.png\">ks. taulukko<\/a>. Tuotteita voidaan k\u00e4ytt\u00e4\u00e4 puulle, joka on aiemmin k\u00e4sitelty \u00f6ljyll\u00e4, lakalla tai kuultomaalilla, jos aiempi k\u00e4sittely on hiottu pois. OrganoWood<sup>\u00ae<\/sup>-k\u00e4sitelty\u00e4 pintaa ei saa maalata.<\/p>\n<\/div>\n<\/div>\n\n\n\n<hr class=\"wp-block-separator\"\/>\n\n\n\n<div class=\"wp-block-image\"><figure class=\"aligncenter size-large\"><img decoding=\"async\" src=\"https:\/\/organowood.com\/wp-content\/uploads\/2022\/10\/greying-process_OrganoWood2.jpg\" alt=\"\" class=\"wp-image-6729\"\/><\/figure><\/div>\n\n\n\n<div class=\"wp-block-group is-layout-flow wp-block-group-is-layout-flow\"><div class=\"wp-block-group__inner-container\"><\/div><\/div>\n\n\n\n<div style=\"height:26px\" aria-hidden=\"true\" class=\"wp-block-spacer\"><\/div>\n\n\n\n<p><strong><strong><strong>Kaunis hopeanharmaa<\/strong><\/strong><\/strong><\/p>\n\n\n\n<p>OrganoWood<sup>\u00ae<\/sup>-k\u00e4sittelyll\u00e4 puu saa kovemman ja sile\u00e4mm\u00e4n pinnan, joka ei tikkuunnu helposti. Puu saa my\u00f6s kauniin hopeanharmaan s\u00e4vyn. Puu tuntuu viile\u00e4mm\u00e4lt\u00e4 l\u00e4mpimin\u00e4 kes\u00e4p\u00e4ivin\u00e4.<\/p>\n\n\n\n<p>Harmaantumisprosessi vaatii auringon UV-valoa ja vett\u00e4, ja harmaantumisen vaatima aika vaihtelee s\u00e4\u00e4olosuhteista riippuen. Normaalisti vaikutus alkaa n\u00e4ky\u00e4 muutamien viikkojen kuluessa. Aluksi v\u00e4rinmuutos saattaa n\u00e4ytt\u00e4\u00e4 laikukkaalta.<\/p>\n\n\n\n<p>Noin 1 vuoden kuluttua ulkona, auringonvalossa sijaitseva k\u00e4sitelty puu saa tasaisen hopeanharmaan s\u00e4vyn. Varjopaikoissa t\u00e4m\u00e4 voi kest\u00e4\u00e4 kauemmin. Vaakasuoraan asennettu puu harmaantuu yleens\u00e4 nopeammin kuin pystysuoraan asennettu.<\/p>\n\n\n\n<div style=\"height:26px\" aria-hidden=\"true\" class=\"wp-block-spacer\"><\/div>\n\n\n\n<div class=\"wp-block-image\"><figure class=\"aligncenter size-large\"><img decoding=\"async\" src=\"https:\/\/organowood.com\/wp-content\/uploads\/2022\/10\/ensin-myohemmin_OrganoWood.jpg\" alt=\"\" class=\"wp-image-6871\"\/><\/figure><\/div>\n\n\n\n<div class=\"wp-block-group is-layout-flow wp-block-group-is-layout-flow\"><div class=\"wp-block-group__inner-container\"><\/div><\/div>\n\n\n\n<hr class=\"wp-block-separator\"\/>\n\n\n\n<p><strong><strong><strong>Luonnon inspiroima<\/strong><\/strong><\/strong><\/p>\n\n\n\n<p>OrganoWood<sup>\u00ae<\/sup> on ruotsalainen innovaatio, joka j\u00e4ljittelee luonnon omia ratkaisuja. Palkittu tekniikkamme sitoo piin puukuituihin patentoidun OrganoClick<sup>\u00ae<\/sup>-biokuitumodifikaatioteknologian avulla. Puukuiduissa tapahtuva kapselointi suojaa puuta ja ehk\u00e4isee lahoa.<\/p>\n\n\n\n<div style=\"height:26px\" aria-hidden=\"true\" class=\"wp-block-spacer\"><\/div>\n\n\n\n<figure class=\"wp-block-image size-large\"><img decoding=\"async\" src=\"https:\/\/organowood.com\/wp-content\/uploads\/2022\/10\/in-harmony-with-nature_OrganoWood-1.jpg\" alt=\"\" class=\"wp-image-6731\"\/><\/figure>\n<\/div><\/div>\n\n\n\n<hr class=\"wp-block-separator\"\/>\n\n\n\n<p><strong><strong><strong>OrganoWood<sup>\u00ae<\/sup>-piik\u00e4sitelty puu<\/strong><\/strong><\/strong><\/p>\n\n\n\n<p>OrganoWood<sup>\u00ae<\/sup>-puunsuojausmenetelm\u00e4\u00e4 voi k\u00e4ytt\u00e4\u00e4 my\u00f6s OrganoWood<sup>\u00ae<\/sup>-piikyll\u00e4stettyyn puutavaraan, esimerkiksi sahauspinnoille, reikien poraamisen j\u00e4lkeen ja huoltok\u00e4sittelyyn. Katso lis\u00e4\u00e4 osoitteesta <a href=\"https:\/\/organowood.com\">www.organowood.com<\/a><\/p>\n\n\n\n<hr class=\"wp-block-separator\"\/>\n\n\n\n<p><strong><strong><strong>Jakelija, tekninen tuki, tuote- ja k\u00e4ytt\u00f6turvallisuustiedot<\/strong><\/strong><\/strong><\/p>\n\n\n\n<p>Sarbon Woodwise Oy, www.osmocolor.com<\/p>\n\n\n\n<hr class=\"wp-block-separator\"\/>\n\n\n\n<div class=\"wp-block-image\"><figure class=\"aligncenter size-large is-resized\"><img loading=\"lazy\" decoding=\"async\" src=\"https:\/\/organowood.com\/wp-content\/uploads\/2022\/10\/symboler_OrganoWood-e1666077574964.png\" alt=\"\" class=\"wp-image-6755\" width=\"400\" height=\"144\"\/><\/figure><\/div>\n","protected":false},"excerpt":{"rendered":"<p>Pintak\u00e4sittely Puunsuojausmenetelm\u00e4 terasseille, julkisivuille ja puutarhaan Ymp\u00e4rist\u00f6merkitty piituote (Puunsuoja 01) Tekee puusta kauniin hopeanharmaan Pident\u00e4\u00e4 puun k\u00e4ytt\u00f6ik\u00e4\u00e4 Tekee pinnasta tasaisemman ja pienent\u00e4\u00e4 riski\u00e4 halkeilulle V\u00e4hent\u00e4\u00e4 huoltok\u00e4sittelyn tarvetta OrganoWood\u00ae-puunsuojaus- menetelm\u00e4ll\u00e4 on helppoa luoda kaunis ulkotila, joka on sopusoinnussa luonnon kanssa. K\u00e4sitelty puu saa vaalean ja sile\u00e4n pinnan, josta tulee luonnollisen hopeanharmaa ja pinnan tikkuuntuminen v\u00e4henee. Piihin &hellip; <a href=\"https:\/\/organowood.com\/fi\/puunsuoja\/\">Continued<\/a><\/p>\n","protected":false},"author":4,"featured_media":0,"parent":0,"menu_order":0,"comment_status":"closed","ping_status":"closed","template":"views\/template-product-archive.blade.php","meta":{"_acf_changed":false,"footnotes":""},"class_list":["post-1513","page","type-page","status-publish","hentry"],"acf":[],"_links":{"self":[{"href":"https:\/\/organowood.com\/fi\/wp-json\/wp\/v2\/pages\/1513","targetHints":{"allow":["GET"]}}],"collection":[{"href":"https:\/\/organowood.com\/fi\/wp-json\/wp\/v2\/pages"}],"about":[{"href":"https:\/\/organowood.com\/fi\/wp-json\/wp\/v2\/types\/page"}],"author":[{"embeddable":true,"href":"https:\/\/organowood.com\/fi\/wp-json\/wp\/v2\/users\/4"}],"replies":[{"embeddable":true,"href":"https:\/\/organowood.com\/fi\/wp-json\/wp\/v2\/comments?post=1513"}],"version-history":[{"count":5,"href":"https:\/\/organowood.com\/fi\/wp-json\/wp\/v2\/pages\/1513\/revisions"}],"predecessor-version":[{"id":7953,"href":"https:\/\/organowood.com\/fi\/wp-json\/wp\/v2\/pages\/1513\/revisions\/7953"}],"wp:attachment":[{"href":"https:\/\/organowood.com\/fi\/wp-json\/wp\/v2\/media?parent=1513"}],"curies":[{"name":"wp","href":"https:\/\/api.w.org\/{rel}","templated":true}]}}