{"id":1511,"date":"2018-05-06T09:24:04","date_gmt":"2018-05-06T09:24:04","guid":{"rendered":"https:\/\/organowood.emilaspman.se\/?page_id=1511"},"modified":"2025-06-19T12:35:23","modified_gmt":"2025-06-19T12:35:23","slug":"testit-sertifikaatit","status":"publish","type":"page","link":"https:\/\/organowood.com\/fi\/testit-sertifikaatit\/","title":{"rendered":"Testit &#038; sertifikaatit"},"content":{"rendered":"<p><strong>Kest\u00e4vyys<\/strong><br \/>\n2013 RISE (SP) ja Malm\u00f6n kaupungin katukonttori k\u00e4ynnisti riippumattoman, erityyppisten terassimateriaalien ja pintak\u00e4sittelyjen tutkimuksen. Tarkoituksena oli vertailla suorituskyky\u00e4 tutkimalla mm. mikro-organismien syntymist\u00e4, halkeilua ja ep\u00e4muodostumia materiaalissa. Testi osoitti hyv\u00e4\u00e4 kest\u00e4vyytt\u00e4 altistuneissa ymp\u00e4rist\u00f6iss\u00e4.<\/p>\n<p><strong>Lahosuoja<\/strong><br \/>\nOrganoWoodin\u00ae puutavaralla on hyvin dokumentoitu lahosuoja, joka on testattu Lahosuojatestiss\u00e4 SS-EN 113. SS-EN 350 -standardin mukaisesta luonnollisesta kest\u00e4vyydest\u00e4 OrganoWood\u00ae on saanut luokan 1 luokituksen, ts. korkeimman kest\u00e4vyysluokan. OrganoWood\u00ae-puutavaralla on 10 vuoden lahoamissuojatakuu\u00a0(katso takuutodistus).<\/p>\n<p><strong>Aurinkoheijastavuusindeksi (SRI)<\/strong><br \/>\nNk. \u201dCool Roof\u201d -tekniikka tavoittelee korkeaa SRI-arvoa rakennuksien l\u00e4mm\u00f6nsiirron pit\u00e4miseksi alhaisena ja s\u00e4\u00e4st\u00e4m\u00e4ll\u00e4 n\u00e4in j\u00e4\u00e4hdytyskuluissa. T\u00e4m\u00e4n lis\u00e4ksi kaupungin l\u00e4mp\u00f6saarekkeiden vaara v\u00e4henee. Valonheijastus ja varauskyky arvioidaan yhdess\u00e4 asteikolla 0\u2013100. OrganoWood\u00ae saa RISE (SP) -testiss\u00e4 ASTM E1980-11 SRI-arvon 82,4, joka on eritt\u00e4in hyv\u00e4.<\/p>\n<p><strong>Sertifikaatti<\/strong><br \/>\nKaikki OrganoWoodin puutavara on FSC<sup>\u00ae<\/sup> (FSC-C120532)- ja PEFC<sup>\u00ae<\/sup> (PEFC\/05-35-168) sertifioitua.<\/p>\n<div class=\"data\"><\/div>\n","protected":false},"excerpt":{"rendered":"<p>Kest\u00e4vyys 2013 RISE (SP) ja Malm\u00f6n kaupungin katukonttori k\u00e4ynnisti riippumattoman, erityyppisten terassimateriaalien ja pintak\u00e4sittelyjen tutkimuksen. Tarkoituksena oli vertailla suorituskyky\u00e4 tutkimalla mm. mikro-organismien syntymist\u00e4, halkeilua ja ep\u00e4muodostumia materiaalissa. Testi osoitti hyv\u00e4\u00e4 kest\u00e4vyytt\u00e4 altistuneissa ymp\u00e4rist\u00f6iss\u00e4. Lahosuoja OrganoWoodin\u00ae puutavaralla on hyvin dokumentoitu lahosuoja, joka on testattu Lahosuojatestiss\u00e4 SS-EN 113. SS-EN 350 -standardin mukaisesta luonnollisesta kest\u00e4vyydest\u00e4 OrganoWood\u00ae on saanut &hellip; <a href=\"https:\/\/organowood.com\/fi\/testit-sertifikaatit\/\">Continued<\/a><\/p>\n","protected":false},"author":4,"featured_media":0,"parent":0,"menu_order":0,"comment_status":"closed","ping_status":"closed","template":"","meta":{"_acf_changed":false,"footnotes":""},"class_list":["post-1511","page","type-page","status-publish","hentry"],"acf":[],"_links":{"self":[{"href":"https:\/\/organowood.com\/fi\/wp-json\/wp\/v2\/pages\/1511","targetHints":{"allow":["GET"]}}],"collection":[{"href":"https:\/\/organowood.com\/fi\/wp-json\/wp\/v2\/pages"}],"about":[{"href":"https:\/\/organowood.com\/fi\/wp-json\/wp\/v2\/types\/page"}],"author":[{"embeddable":true,"href":"https:\/\/organowood.com\/fi\/wp-json\/wp\/v2\/users\/4"}],"replies":[{"embeddable":true,"href":"https:\/\/organowood.com\/fi\/wp-json\/wp\/v2\/comments?post=1511"}],"version-history":[{"count":7,"href":"https:\/\/organowood.com\/fi\/wp-json\/wp\/v2\/pages\/1511\/revisions"}],"predecessor-version":[{"id":19830,"href":"https:\/\/organowood.com\/fi\/wp-json\/wp\/v2\/pages\/1511\/revisions\/19830"}],"wp:attachment":[{"href":"https:\/\/organowood.com\/fi\/wp-json\/wp\/v2\/media?parent=1511"}],"curies":[{"name":"wp","href":"https:\/\/api.w.org\/{rel}","templated":true}]}}