{"id":1507,"date":"2018-05-06T09:19:57","date_gmt":"2018-05-06T09:19:57","guid":{"rendered":"https:\/\/organowood.emilaspman.se\/?page_id=1507"},"modified":"2019-01-16T07:56:09","modified_gmt":"2019-01-16T07:56:09","slug":"paneelit","status":"publish","type":"page","link":"https:\/\/organowood.com\/fi\/paneelit\/","title":{"rendered":"Paneelipuutavara"},"content":{"rendered":"<h4>Paneelipuutavara ymp\u00e4rist\u00f6luokitellulle paneelille<\/h4>\n<p>OrganoWood\u00ae-modifioitu paneelilauta plus on ymp\u00e4rist\u00f6luokiteltu, piimodifioitu puu, joka kest\u00e4\u00e4 pitk\u00e4\u00e4n ja jossa on kauniin hopeanharmaa s\u00e4vy. Patentoitu tekniikka luo fyysisen esteen lahottajasienten etenemiselle muodostaen vett\u00e4hylkiv\u00e4n pinnan, ja samalla puu saa tehokkaan palosuojan.<\/p>\n<hr \/>\n<p><strong>Paneelilauta vaativiin olosuhteisiin<\/strong><br \/>\nOrganoWood\u00ae-modifioitu paneelilauta on kehitetty kest\u00e4m\u00e4\u00e4n tehokkaasti vaativissa ulkoymp\u00e4rist\u00f6olosuhteissa. Lahosuojan on testannut RISE (SP) Eurooppa-testiss\u00e4 EN 113.<\/p>\n<p>Jokainen tuote on ainutlaatuinen. Siksi valmistamme OrganoWood\u00ae-modifioidun paneelilaudan tilauksesta halutuista materiaaleista ja halutun mittaisina varastoprofiilien lis\u00e4ksi. Parhaan tuloksen saamiseksi painekyll\u00e4st\u00e4mme OrganoWood\u00ae-modifioidun paneelilaudan piill\u00e4. Meill\u00e4 on l\u00e4heinen yhteisty\u00f6 puutavarantoimittajien kanssa, joilla on kattava eri mittojen ja profiilien valikoima.<\/p>\n<p>Paneelilauta on vakiomuodossaan luonnollisen v\u00e4rinen ja saa ajan my\u00f6t\u00e4 kauniin hopeanharmaan s\u00e4vyn. Puutavara valitaan huolellisesti korkealaatuisista, parhailla alueilla kasvaneista kuusista.<\/p>\n<hr \/>\n<h4>Ymp\u00e4rist\u00f6 ja kierr\u00e4tys<\/h4>\n<p>OrganoWood\u00ae-paneelilauta on ymp\u00e4rist\u00f6luokiteltu vaihtoehto perinteiselle painekyll\u00e4stetylle puutavaralle. Paneelilauta sis\u00e4lt\u00e4\u00e4 vain aineita, jotka voidaan kierr\u00e4tt\u00e4\u00e4 t\u00e4ysin luonnonmukaisesti. Tuotetta ei luokitella ymp\u00e4rist\u00f6lle haitalliseksi j\u00e4tteeksi, vaan se voidaan kierr\u00e4tt\u00e4\u00e4 normaalin k\u00e4sittelem\u00e4tt\u00f6m\u00e4n puutavaran tapaan paikallisten m\u00e4\u00e4r\u00e4ysten mukaisesti.\u00a0Kaikki paneelilaudan sis\u00e4lt\u00e4m\u00e4t aineet on luokiteltu ymp\u00e4rist\u00f6lle vaarattomiksi kemikaaleja koskevan CLP-asetuksen (EY 1272\/2008) mukaisesti.<\/p>\n<p>OrganoWood\u00ae-puutavara on hyv\u00e4ksytty Svanen-merkittyjen talojen ja rakennusten rakentamiseen.<\/p>\n<h4>Takuu<\/h4>\n<p>OrganoWoodin paneelilaudalla on 10 vuoden lahoamissuojatakuu\u00a0<a href=\"https:\/\/organowood.com\/wp-content\/uploads\/2018\/06\/Garantisedel_2018_till-hemsidan.pdf\">(katso takuutodistus)<\/a>.<\/p>\n","protected":false},"excerpt":{"rendered":"<p>Paneelipuutavara ymp\u00e4rist\u00f6luokitellulle paneelille OrganoWood\u00ae-modifioitu paneelilauta plus on ymp\u00e4rist\u00f6luokiteltu, piimodifioitu puu, joka kest\u00e4\u00e4 pitk\u00e4\u00e4n ja jossa on kauniin hopeanharmaa s\u00e4vy. Patentoitu tekniikka luo fyysisen esteen lahottajasienten etenemiselle muodostaen vett\u00e4hylkiv\u00e4n pinnan, ja samalla puu saa tehokkaan palosuojan. Paneelilauta vaativiin olosuhteisiin OrganoWood\u00ae-modifioitu paneelilauta on kehitetty kest\u00e4m\u00e4\u00e4n tehokkaasti vaativissa ulkoymp\u00e4rist\u00f6olosuhteissa. Lahosuojan on testannut RISE (SP) Eurooppa-testiss\u00e4 EN 113. Jokainen &hellip; <a href=\"https:\/\/organowood.com\/fi\/paneelit\/\">Continued<\/a><\/p>\n","protected":false},"author":4,"featured_media":157,"parent":0,"menu_order":3,"comment_status":"closed","ping_status":"closed","template":"views\/template-product.blade.php","meta":{"_acf_changed":false,"footnotes":""},"class_list":["post-1507","page","type-page","status-publish","has-post-thumbnail","hentry"],"acf":[],"_links":{"self":[{"href":"https:\/\/organowood.com\/fi\/wp-json\/wp\/v2\/pages\/1507","targetHints":{"allow":["GET"]}}],"collection":[{"href":"https:\/\/organowood.com\/fi\/wp-json\/wp\/v2\/pages"}],"about":[{"href":"https:\/\/organowood.com\/fi\/wp-json\/wp\/v2\/types\/page"}],"author":[{"embeddable":true,"href":"https:\/\/organowood.com\/fi\/wp-json\/wp\/v2\/users\/4"}],"replies":[{"embeddable":true,"href":"https:\/\/organowood.com\/fi\/wp-json\/wp\/v2\/comments?post=1507"}],"version-history":[{"count":4,"href":"https:\/\/organowood.com\/fi\/wp-json\/wp\/v2\/pages\/1507\/revisions"}],"predecessor-version":[{"id":2658,"href":"https:\/\/organowood.com\/fi\/wp-json\/wp\/v2\/pages\/1507\/revisions\/2658"}],"wp:featuredmedia":[{"embeddable":true,"href":"https:\/\/organowood.com\/fi\/wp-json\/wp\/v2\/media\/157"}],"wp:attachment":[{"href":"https:\/\/organowood.com\/fi\/wp-json\/wp\/v2\/media?parent=1507"}],"curies":[{"name":"wp","href":"https:\/\/api.w.org\/{rel}","templated":true}]}}