{"id":1499,"date":"2018-05-06T09:15:15","date_gmt":"2018-05-06T09:15:15","guid":{"rendered":"https:\/\/organowood.emilaspman.se\/?page_id=1499"},"modified":"2021-06-09T16:38:35","modified_gmt":"2021-06-09T16:38:35","slug":"puutavara","status":"publish","type":"page","link":"https:\/\/organowood.com\/fi\/puutavara\/","title":{"rendered":"Puutavara"},"content":{"rendered":"<h4>Korkealuokkainen ymp\u00e4rist\u00f6luokiteltu puutavara<\/h4>\n<p>OrganoWood\u00ae on ymp\u00e4rist\u00f6luokiteltu ja piimodifioitu puu, joka kest\u00e4\u00e4 pitk\u00e4\u00e4n ja jossa on kauniin hopeanharmaa s\u00e4vy. Patentoitu tekniikka luo fyysisen esteen lahottajasienten etenemiselle muodostaen vett\u00e4hylkiv\u00e4n pinnan, ja samalla puu saa tehokkaan palosuojan.<\/p>\n<p>OrganoWood\u00ae kest\u00e4\u00e4 haasteellisia k\u00e4ytt\u00f6ymp\u00e4rist\u00f6j\u00e4 ja muodostaa kauniin hopeanharmaan s\u00e4vyn ollessaan altistettuna s\u00e4\u00e4lle ja tuulelle. Puutavara on saatavissa sek\u00e4 terassi- ja rakennuspuutavarana ett\u00e4 julkisivupaneelina kattavalla profiilivalikoimalla.<\/p>\n<p>Muun muassa omakotitalon omistajat, arkkitehdit, rakentajat ja kunnat ovat kiinnostuneita OrganoWoodin\u00ae ymp\u00e4rist\u00f6profiilista ja hopeanharmaasta s\u00e4vyst\u00e4.<\/p>\n<p>OrganoWood\u00ae j\u00e4ljittelee luonnon omaa mineralisoitumisprosessia, jossa orgaaninen aine muuttuu fossiiliseksi. Teknologia perustuu tieteelliseen biokuitujen modifiointimenetelmien l\u00e4pimurtoon. T\u00e4m\u00e4n teknologian avulla piiaineet sidotaan puukuituihin korkealla paineella samaan tapaan kuin perinteisess\u00e4 painekyll\u00e4styksess\u00e4. Nesteen imeytyminen tapahtuu ydinpuussa, mink\u00e4 ansiosta saadaan optimaalinen suoja. Patentoitu modifiointi tuottaa ymp\u00e4rist\u00f6luokitellun puutavaran ja muodostaa ymp\u00e4rist\u00f6n, jossa lahosieni ei viihdy.<\/p>\n<p>OrganoWood\u00ae-puutavara on hyv\u00e4ksytty Svanen-merkittyjen talojen ja rakennusten rakentamiseen.<\/p>\n<hr>\n<p><img loading=\"lazy\" decoding=\"async\" class=\"alignnone wp-image-358\" src=\"https:\/\/organowood.emilaspman.se\/wp-content\/uploads\/2018\/03\/sponsor-byggvarubedomningen@2x-300x39.png\" sizes=\"auto, (max-width: 238px) 100vw, 238px\" srcset=\"https:\/\/organowood.com\/wp-content\/uploads\/2018\/03\/sponsor-byggvarubedomningen@2x-300x39.png 300w, https:\/\/organowood.com\/wp-content\/uploads\/2018\/03\/sponsor-byggvarubedomningen@2x.png 386w\" alt=\"\" width=\"238\" height=\"31\">&nbsp; &nbsp;&nbsp;&nbsp;<img loading=\"lazy\" decoding=\"async\" class=\"alignnone wp-image-359\" src=\"https:\/\/organowood.emilaspman.se\/wp-content\/uploads\/2018\/03\/Climate-Solver-badge-300x300.png\" sizes=\"auto, (max-width: 93px) 100vw, 93px\" srcset=\"https:\/\/organowood.com\/wp-content\/uploads\/2018\/03\/Climate-Solver-badge-300x300.png 300w, https:\/\/organowood.com\/wp-content\/uploads\/2018\/03\/Climate-Solver-badge-150x150.png 150w, https:\/\/organowood.com\/wp-content\/uploads\/2018\/03\/Climate-Solver-badge.png 720w\" alt=\"\" width=\"93\" height=\"93\">&nbsp;&nbsp;<img loading=\"lazy\" decoding=\"async\" class=\"alignnone wp-image-360\" src=\"https:\/\/organowood.emilaspman.se\/wp-content\/uploads\/2018\/03\/d1hhhba0eqx5qivujov8.jpg\" sizes=\"auto, (max-width: 93px) 100vw, 93px\" srcset=\"https:\/\/organowood.com\/wp-content\/uploads\/2018\/03\/d1hhhba0eqx5qivujov8.jpg 220w, https:\/\/organowood.com\/wp-content\/uploads\/2018\/03\/d1hhhba0eqx5qivujov8-150x150.jpg 150w\" alt=\"\" width=\"93\" height=\"93\">&nbsp;&nbsp;<img loading=\"lazy\" decoding=\"async\" class=\"alignnone wp-image-361\" src=\"https:\/\/organowood.emilaspman.se\/wp-content\/uploads\/2018\/03\/Sustainia-100-kopia-300x300.png\" sizes=\"auto, (max-width: 92px) 100vw, 92px\" srcset=\"https:\/\/organowood.com\/wp-content\/uploads\/2018\/03\/Sustainia-100-kopia-300x300.png 300w, https:\/\/organowood.com\/wp-content\/uploads\/2018\/03\/Sustainia-100-kopia-150x150.png 150w, https:\/\/organowood.com\/wp-content\/uploads\/2018\/03\/Sustainia-100-kopia.png 600w\" alt=\"\" width=\"92\" height=\"92\">&nbsp;<img loading=\"lazy\" decoding=\"async\" class=\"alignnone wp-image-2203\" src=\"https:\/\/organowood.com\/wp-content\/uploads\/2018\/10\/basta-logo.png\" alt=\"\" width=\"87\" height=\"81\">&nbsp; <img loading=\"lazy\" decoding=\"async\" class=\"alignnone wp-image-2204\" src=\"https:\/\/organowood.com\/wp-content\/uploads\/2018\/10\/logo-bmv-gron-utantext.jpg\" alt=\"\" width=\"92\" height=\"92\">&nbsp;&nbsp; <img loading=\"lazy\" decoding=\"async\" class=\"alignnone wp-image-2202\" src=\"https:\/\/organowood.com\/wp-content\/uploads\/2018\/10\/sundahus-logo-220x30.png\" alt=\"\" width=\"159\" height=\"53\"><\/p>\n","protected":false},"excerpt":{"rendered":"<p>Korkealuokkainen ymp\u00e4rist\u00f6luokiteltu puutavara OrganoWood\u00ae on ymp\u00e4rist\u00f6luokiteltu ja piimodifioitu puu, joka kest\u00e4\u00e4 pitk\u00e4\u00e4n ja jossa on kauniin hopeanharmaa s\u00e4vy. Patentoitu tekniikka luo fyysisen esteen lahottajasienten etenemiselle muodostaen vett\u00e4hylkiv\u00e4n pinnan, ja samalla puu saa tehokkaan palosuojan. OrganoWood\u00ae kest\u00e4\u00e4 haasteellisia k\u00e4ytt\u00f6ymp\u00e4rist\u00f6j\u00e4 ja muodostaa kauniin hopeanharmaan s\u00e4vyn ollessaan altistettuna s\u00e4\u00e4lle ja tuulelle. Puutavara on saatavissa sek\u00e4 terassi- ja rakennuspuutavarana &hellip; <a href=\"https:\/\/organowood.com\/fi\/puutavara\/\">Continued<\/a><\/p>\n","protected":false},"author":4,"featured_media":0,"parent":0,"menu_order":1,"comment_status":"closed","ping_status":"closed","template":"views\/template-product-archive.blade.php","meta":{"_acf_changed":false,"footnotes":""},"class_list":["post-1499","page","type-page","status-publish","hentry"],"acf":[],"_links":{"self":[{"href":"https:\/\/organowood.com\/fi\/wp-json\/wp\/v2\/pages\/1499","targetHints":{"allow":["GET"]}}],"collection":[{"href":"https:\/\/organowood.com\/fi\/wp-json\/wp\/v2\/pages"}],"about":[{"href":"https:\/\/organowood.com\/fi\/wp-json\/wp\/v2\/types\/page"}],"author":[{"embeddable":true,"href":"https:\/\/organowood.com\/fi\/wp-json\/wp\/v2\/users\/4"}],"replies":[{"embeddable":true,"href":"https:\/\/organowood.com\/fi\/wp-json\/wp\/v2\/comments?post=1499"}],"version-history":[{"count":5,"href":"https:\/\/organowood.com\/fi\/wp-json\/wp\/v2\/pages\/1499\/revisions"}],"predecessor-version":[{"id":5764,"href":"https:\/\/organowood.com\/fi\/wp-json\/wp\/v2\/pages\/1499\/revisions\/5764"}],"wp:attachment":[{"href":"https:\/\/organowood.com\/fi\/wp-json\/wp\/v2\/media?parent=1499"}],"curies":[{"name":"wp","href":"https:\/\/api.w.org\/{rel}","templated":true}]}}