{"id":1348,"date":"2018-05-03T08:04:48","date_gmt":"2018-05-03T08:04:48","guid":{"rendered":"https:\/\/organowood.emilaspman.se\/?page_id=1348"},"modified":"2022-11-11T08:13:08","modified_gmt":"2022-11-11T08:13:08","slug":"management-board","status":"publish","type":"page","link":"https:\/\/organowood.com\/en\/about-us\/management-board\/","title":{"rendered":"Management &#038; board"},"content":{"rendered":"\n<p style=\"font-size:21px\">Management &amp; board<\/p>\n\n\n\n<div class=\"wp-block-columns is-layout-flex wp-container-core-columns-is-layout-9d6595d7 wp-block-columns-is-layout-flex\">\n<div class=\"wp-block-column is-layout-flow wp-block-column-is-layout-flow\">\n<p><strong>Stefan Lindeborg, Chairman of the Board<\/strong><\/p>\n\n\n\n<p>Stefan Lindeborg holds a Master of Science in Business and Economics degree specialising in marketing from Stockholm School of Economics. He has worked for 30 years in the chemical industry in different senior positions focusing on sales and marketing. He currently holds the position of CEO at Akzo Nobel AB (parent company of Akzo Nobel\u2019s Swedish companies) and has previously worked as CEO for Akzo Nobel Decorative Paintings, CEO of distribution and sales company Kemiintressen AB and international marketing manager for Casco Nobel (construction adhesives and wood preservatives).<\/p>\n<\/div>\n\n\n\n<div class=\"wp-block-column is-layout-flow wp-block-column-is-layout-flow\">\n<p><strong>Robert Charpentier, Board Member<\/strong><\/p>\n\n\n\n<p>Robert Charpentier is the Executive Chairman of Kvigos AB and co-founder of OrganoWood AB. He has an M.Sc. (Econ) from the Swedish School of Economics in Helsinki and has worked for more than 20 years in the financial industry in various capacities. In 1989, he began his career at Goldman Sachs in London where he worked with various Debt Capital Markets solutions for Nordic clients. In 1997, he moved to Stockholm to work for Swedbank, where he was in 2000 appointed Executive Vice President and head of investment banking. From 2006 to 2009, Robert worked as the CEO of Kaupthing Bank Sweden &#8211; the wholy owned subsidiary of Kaupthing Bank Iceland. Currently, Robert works and develops his private investments and provides consultancy services through his wholly owned Company &#8211; Kvigos AB.<\/p>\n<\/div>\n<\/div>\n\n\n\n<div class=\"wp-block-columns is-layout-flex wp-container-core-columns-is-layout-9d6595d7 wp-block-columns-is-layout-flex\">\n<div class=\"wp-block-column is-layout-flow wp-block-column-is-layout-flow\">\n<p><strong>M\u00e5rten Hellberg, Board Member<\/strong><\/p>\n\n\n\n<p>M\u00e5rten Hellberg, CEO and co-founder of OrganoClick AB holds an M. Sc. in molecular biotechnology and an M.Sc. (Econ) in Economics from his studies at Uppsala University, \u00c9cole Normale Sup\u00e9rieure de Lyon and from Stockholm University. M\u00e5rten has also been an active elite canoeist and is a multiple Swedish Champion. He has been with the Swedish national canoe team for 12 years and been part of the Swedish Olympic Committee&#8217;s elite programs.<\/p>\n<\/div>\n\n\n\n<div class=\"wp-block-column is-layout-flow wp-block-column-is-layout-flow\">\n<p><strong><strong>Claes\u2010G\u00f6ran Beckeman, Board Member<\/strong><\/strong><\/p>\n\n\n\n<p>Claes-G\u00f6ran Beckeman has a M.Sc. in Chemical Engineering from Chalmers University of Technology. From 1977 to 1997, he worked at Tetra Pak (later Tetra Laval) in various senior positions such as Technical Director. In 1998, Claes-G\u00f6ran joined SCA as Technical Director and purchasing manager in the business area of personal care products. Between 2004 and 2007, Claes-G\u00f6ran was responsible for the construction of the forest-based sector technology platform, an initiative of the European forest industry and forest owners to establish a private-public partnership with the EU and other national authorities on R &amp; D cooperation in the sector. Currently, Claes-G\u00f6ran is a board member in several companies in the packaging industry and a member of the Royal Academy of Engineering Sciences.<\/p>\n<\/div>\n<\/div>\n","protected":false},"excerpt":{"rendered":"<p>Management &amp; board Stefan Lindeborg, Chairman of the Board Stefan Lindeborg holds a Master of Science in Business and Economics degree specialising in marketing from Stockholm School of Economics. He has worked for 30 years in the chemical industry in different senior positions focusing on sales and marketing. He currently holds the position of CEO &hellip; <a href=\"https:\/\/organowood.com\/en\/about-us\/management-board\/\">Continued<\/a><\/p>\n","protected":false},"author":4,"featured_media":2120,"parent":1350,"menu_order":1,"comment_status":"closed","ping_status":"closed","template":"","meta":{"_acf_changed":false,"footnotes":""},"class_list":["post-1348","page","type-page","status-publish","has-post-thumbnail","hentry"],"acf":[],"_links":{"self":[{"href":"https:\/\/organowood.com\/en\/wp-json\/wp\/v2\/pages\/1348","targetHints":{"allow":["GET"]}}],"collection":[{"href":"https:\/\/organowood.com\/en\/wp-json\/wp\/v2\/pages"}],"about":[{"href":"https:\/\/organowood.com\/en\/wp-json\/wp\/v2\/types\/page"}],"author":[{"embeddable":true,"href":"https:\/\/organowood.com\/en\/wp-json\/wp\/v2\/users\/4"}],"replies":[{"embeddable":true,"href":"https:\/\/organowood.com\/en\/wp-json\/wp\/v2\/comments?post=1348"}],"version-history":[{"count":5,"href":"https:\/\/organowood.com\/en\/wp-json\/wp\/v2\/pages\/1348\/revisions"}],"predecessor-version":[{"id":7017,"href":"https:\/\/organowood.com\/en\/wp-json\/wp\/v2\/pages\/1348\/revisions\/7017"}],"up":[{"embeddable":true,"href":"https:\/\/organowood.com\/en\/wp-json\/wp\/v2\/pages\/1350"}],"wp:featuredmedia":[{"embeddable":true,"href":"https:\/\/organowood.com\/en\/wp-json\/wp\/v2\/media\/2120"}],"wp:attachment":[{"href":"https:\/\/organowood.com\/en\/wp-json\/wp\/v2\/media?parent=1348"}],"curies":[{"name":"wp","href":"https:\/\/api.w.org\/{rel}","templated":true}]}}