{"id":7770,"date":"2024-01-03T10:26:06","date_gmt":"2024-01-03T10:26:06","guid":{"rendered":"https:\/\/organowood.com\/?page_id=7770"},"modified":"2025-03-05T13:54:49","modified_gmt":"2025-03-05T13:54:49","slug":"nowa-profilholz","status":"publish","type":"page","link":"https:\/\/organowood.com\/de\/nowa-profilholz\/","title":{"rendered":"Nowa profilholz"},"content":{"rendered":"\n<h3 class=\"wp-block-heading\"><strong>Da frei von Bioziden, ist unser Holz eine nachhaltige und nat\u00fcrliche Wahl!<\/strong><\/h3>\n\n\n\n<h5 class=\"wp-block-heading\"><strong>OrganoWood<sup>\u00ae<\/sup> Nowa ist ein naturfarbenes Holz mit glatter und gleichm\u00e4\u00dfiger Oberfl\u00e4che, das in Au\u00dfenbereichen nat\u00fcrlich vergraut.<\/strong><\/h5>\n\n\n\n<p>Das mit der neuen patentierten Methode von OrganoWood druckbehandelte Holz erh\u00e4lt eine hohe Resistenz gegen F\u00e4ulnis. Ein energieeffizientes, biozidfreies und holzschonendes Verfahren schafft eine Umgebung, in der keine F\u00e4ulnispilze gedeihen k\u00f6nnen.<\/p>\n\n\n\n<p>Das Mineraliengemisch auf Wasserbasis wird in das Holz gepresst. Wenn das Wasser verdunstet, entsteht eine starke Bindung der Molek\u00fcle an die Fasern des Holzes, sodass die sch\u00fctzenden Eigenschaften auch bei langfristiger Verwendung in feuchten Umgebungen erhalten bleiben.<\/p>\n\n\n\n<p>OrganoWood<sup>\u00ae<\/sup> Nowa ist f\u00fcr den Einsatz im Au\u00dfenbereich geeignet und eignet sich f\u00fcr alle Arten von Fassadenverkleidungen.<\/p>\n\n\n\n<hr class=\"wp-block-separator has-css-opacity\"\/>\n\n\n\n<div class=\"wp-block-columns is-layout-flex wp-container-core-columns-is-layout-9d6595d7 wp-block-columns-is-layout-flex\">\n<div class=\"wp-block-column is-layout-flow wp-block-column-is-layout-flow\" style=\"flex-basis:66.66%\">\n<h2 class=\"wp-block-heading\">OrganoWood Nowa profilholz<\/h2>\n\n\n\n<p>Die Kombination aus patentiertem Verfahren und umweltfreundlicher Herstellung bietet eine nachhaltige und umweltfreundliche Alternative zu herk\u00f6mmlichem Holz! OrganoWood<sup>\u00ae<\/sup> Nowa ist nicht nur eine gute Option f\u00fcr die Umwelt, sondern f\u00fcgt sich auch optisch hervorragend in die Natur und die Umgebung ein. Perfekt f\u00fcr jeden, der bei Bauprojekten Wert auf Harmonie legt, ohne die Umwelt zu belasten. So k\u00f6nnen Terrassen und Geb\u00e4ude in W\u00fcrde altern!<\/p>\n\n\n\n<h5 class=\"wp-block-heading\"><strong>Der Vergrauungsprozess<\/strong><\/h5>\n\n\n\n<p>Im Freien vergraut Holz auf nat\u00fcrliche Art und Weise. Je nach Wetterbedingungen, Umgebungsklima und Beanspruchung verl\u00e4uft der Vergrauungsprozess unterschiedlich. Manchmal erscheinen dabei zun\u00e4chst Flecken oder dunkle Punkte\/Felder , die sich jedoch relativ schnell ausgleichen. Eine vor der Sonne v\u00f6llig gesch\u00fctzte Fassadenverkleidung, z. B. unter einem Balkon, wird entweder nur sehr langsam oder gar nicht grau.<\/p>\n<\/div>\n\n\n\n<div class=\"wp-block-column is-layout-flow wp-block-column-is-layout-flow\" style=\"flex-basis:33.33%\">\n<figure class=\"wp-block-image size-large is-resized\"><img loading=\"lazy\" decoding=\"async\" width=\"4000\" height=\"4000\" src=\"https:\/\/organowood.com\/wp-content\/uploads\/2023\/04\/1006-Organowood-4000x4000-PNG.png\" alt=\"\" class=\"wp-image-7379\" style=\"width:400px;height:400px\" srcset=\"https:\/\/organowood.com\/wp-content\/uploads\/2023\/04\/1006-Organowood-4000x4000-PNG.png 4000w, https:\/\/organowood.com\/wp-content\/uploads\/2023\/04\/1006-Organowood-4000x4000-PNG-1536x1536.png 1536w, https:\/\/organowood.com\/wp-content\/uploads\/2023\/04\/1006-Organowood-4000x4000-PNG-2048x2048.png 2048w\" sizes=\"auto, (max-width: 4000px) 100vw, 4000px\" \/><\/figure>\n\n\n\n<p><\/p>\n<\/div>\n<\/div>\n\n\n\n<hr class=\"wp-block-separator has-css-opacity\"\/>\n\n\n\n<h3 class=\"wp-block-heading\"><strong><strong>Klimafreundlich<\/strong><\/strong><\/h3>\n\n\n\n<p>Fichtenholz als Rohstoff von OrganoWood<sup>\u00ae<\/sup> Nowa Profilholz besteht aus hochwertigem Fichtenholz aus den besten Regionen. OrganoWood<sup>\u00ae<\/sup> Nowa ist das Ergebnis der 2015 eingeleiteten Innovationsarbeit des Unternehmens und wird seit 2017 konstanten Tests unterzogen.<\/p>\n\n\n\n<p>OrganoWood<sup>\u00ae<\/sup> Nowa Holz wurde eigens entwickelt, um beanspruchten Umgebungen standzuhalten und ist v\u00f6llig frei von Schadstoffen. Alle Stoffe sind gem\u00e4\u00df CLP als unbedenklich f\u00fcr die Umwelt eingestuft und k\u00f6nnen in den nat\u00fcrlichen Kreislauf zur\u00fcckgef\u00fchrt werden. Im Gegensatz zu herk\u00f6mmlich druckimpr\u00e4gnierten Produkten, die unter Umst\u00e4nden als umweltgef\u00e4hrdender Abfall gelten, ist Holz von OrganoWood als unbehandeltes Holz recyclingf\u00e4hig.<\/p>\n\n\n\n<p>Das schwedische Unternehmen OrganoWood ist derzeit einer der wenigen Hersteller von \u00f6kologisch klassifizierter Druckimpr\u00e4gnierung f\u00fcr Fassaden-, Terrassen- und Bauholz.<\/p>\n\n\n\n<p><br>Damit OrganoWood<sup>\u00ae<\/sup> Nowa als wirklich nachhaltige Alternative gelten kann, muss der Rohstoff selbstverst\u00e4ndlich aus verantwortungsvoller Forstwirtschaft stammen. Das gesamte Holz von OrganoWood ist nach FSC\u00ae (FSC-C120532) oder PEFC (PEFC\/05-35-168) zertifiziert.<\/p>\n\n\n\n<hr class=\"wp-block-separator has-css-opacity\"\/>\n\n\n\n<div class=\"wp-block-columns is-layout-flex wp-container-core-columns-is-layout-9d6595d7 wp-block-columns-is-layout-flex\">\n<div class=\"wp-block-column is-layout-flow wp-block-column-is-layout-flow\" style=\"flex-basis:66.66%\">\n<h2 class=\"wp-block-heading\">Streichen<\/h2>\n\n\n\n<p>OrganoWood<sup>\u00ae<\/sup> Nowa ist streichbar &#8211; nehmen Sie immer zuerst einen Probeanstrich vor. Verwenden Sie f\u00fcr den Au\u00dfenbereich geeignete Farbe und halten Sie sich an die Empfehlungen des Farbherstellers. Stellen Sie sicher, dass das Holz vor der Bearbeitung mindestens 12 Wochen lang gel\u00fcftet wurde und am Tag des Anstrichs sauber und trocken ist.<\/p>\n\n\n\n<p><\/p>\n<\/div>\n\n\n\n<div class=\"wp-block-column is-layout-flow wp-block-column-is-layout-flow\" style=\"flex-basis:33.33%\">\n<figure class=\"wp-block-image size-large is-resized\"><img loading=\"lazy\" decoding=\"async\" width=\"4000\" height=\"4000\" src=\"https:\/\/organowood.com\/wp-content\/uploads\/2023\/04\/Organowood-4000x4000_PNG_.png\" alt=\"\" class=\"wp-image-7380\" style=\"width:400px;height:400px\" srcset=\"https:\/\/organowood.com\/wp-content\/uploads\/2023\/04\/Organowood-4000x4000_PNG_.png 4000w, https:\/\/organowood.com\/wp-content\/uploads\/2023\/04\/Organowood-4000x4000_PNG_-1536x1536.png 1536w, https:\/\/organowood.com\/wp-content\/uploads\/2023\/04\/Organowood-4000x4000_PNG_-2048x2048.png 2048w\" sizes=\"auto, (max-width: 4000px) 100vw, 4000px\" \/><\/figure>\n<\/div>\n<\/div>\n\n\n\n<hr class=\"wp-block-separator has-css-opacity\"\/>\n\n\n\n<div style=\"height:21px\" aria-hidden=\"true\" class=\"wp-block-spacer\"><\/div>\n\n\n\n<figure class=\"wp-block-image size-large\"><img decoding=\"async\" src=\"https:\/\/organowood.com\/wp-content\/uploads\/2023\/10\/villa-koppar_ulkona_ISO.jpg\" alt=\"\" class=\"wp-image-7668\"\/><figcaption class=\"wp-element-caption\"><em>Nowa profilholz. Villa Koppar, Finland &#8211; Designer: Collaboratorio<\/em><\/figcaption><\/figure>\n","protected":false},"excerpt":{"rendered":"<p>Da frei von Bioziden, ist unser Holz eine nachhaltige und nat\u00fcrliche Wahl! OrganoWood\u00ae Nowa ist ein naturfarbenes Holz mit glatter und gleichm\u00e4\u00dfiger Oberfl\u00e4che, das in Au\u00dfenbereichen nat\u00fcrlich vergraut. Das mit der neuen patentierten Methode von OrganoWood druckbehandelte Holz erh\u00e4lt eine hohe Resistenz gegen F\u00e4ulnis. Ein energieeffizientes, biozidfreies und holzschonendes Verfahren schafft eine Umgebung, in der &hellip; <a href=\"https:\/\/organowood.com\/de\/nowa-profilholz\/\">Continued<\/a><\/p>\n","protected":false},"author":3,"featured_media":0,"parent":0,"menu_order":0,"comment_status":"closed","ping_status":"closed","template":"","meta":{"_acf_changed":false,"footnotes":""},"class_list":["post-7770","page","type-page","status-publish","hentry"],"acf":[],"_links":{"self":[{"href":"https:\/\/organowood.com\/de\/wp-json\/wp\/v2\/pages\/7770","targetHints":{"allow":["GET"]}}],"collection":[{"href":"https:\/\/organowood.com\/de\/wp-json\/wp\/v2\/pages"}],"about":[{"href":"https:\/\/organowood.com\/de\/wp-json\/wp\/v2\/types\/page"}],"author":[{"embeddable":true,"href":"https:\/\/organowood.com\/de\/wp-json\/wp\/v2\/users\/3"}],"replies":[{"embeddable":true,"href":"https:\/\/organowood.com\/de\/wp-json\/wp\/v2\/comments?post=7770"}],"version-history":[{"count":6,"href":"https:\/\/organowood.com\/de\/wp-json\/wp\/v2\/pages\/7770\/revisions"}],"predecessor-version":[{"id":19680,"href":"https:\/\/organowood.com\/de\/wp-json\/wp\/v2\/pages\/7770\/revisions\/19680"}],"wp:attachment":[{"href":"https:\/\/organowood.com\/de\/wp-json\/wp\/v2\/media?parent=7770"}],"curies":[{"name":"wp","href":"https:\/\/api.w.org\/{rel}","templated":true}]}}